{"id":61,"date":"2017-08-04T16:57:27","date_gmt":"2017-08-04T16:57:27","guid":{"rendered":"https:\/\/pitss.org\/mx\/?page_id=61"},"modified":"2017-12-27T15:13:51","modified_gmt":"2017-12-27T15:13:51","slug":"acerca-de-nosotros","status":"publish","type":"page","link":"https:\/\/pitss.org\/mx\/company\/acerca-de-nosotros\/","title":{"rendered":"Acerca de Nosotros"},"content":{"rendered":"<p>[et_pb_section bb_built=&#8221;1&#8243; admin_label=&#8221;section&#8221; fullwidth=&#8221;on&#8221; custom_padding_last_edited=&#8221;on|desktop&#8221; _builder_version=&#8221;3.0.47&#8243; custom_padding=&#8221;|||&#8221; custom_padding_tablet=&#8221;50px|0|50px|0&#8243; padding_mobile=&#8221;off&#8221;][et_pb_fullwidth_slider admin_label=&#8221;Header (Fullwidth Slider)&#8221; show_arrows=&#8221;off&#8221; show_pagination=&#8221;off&#8221; _builder_version=&#8221;3.0.91&#8243; header_font=&#8221;|700|||||||&#8221; header_font_size=&#8221;50&#8243; body_font_size=&#8221;20&#8243; parallax=&#8221;on&#8221; parallax_method=&#8221;on&#8221; custom_padding=&#8221;|||&#8221; custom_padding_tablet=&#8221;|||&#8221; custom_padding_phone=&#8221;|||&#8221; custom_button=&#8221;on&#8221; button_use_icon=&#8221;off&#8221; auto=&#8221;on&#8221;][et_pb_slide heading=&#8221;Acerca de Nosotros&#8221; button_text=&#8221;EMPIECE CON PITSS&#8221; button_link=&#8221;#contact&#8221; use_bg_overlay=&#8221;on&#8221; bg_overlay_color=&#8221;rgba(0,0,0,0.6)&#8221; use_text_overlay=&#8221;off&#8221; _builder_version=&#8221;3.0.91&#8243; header_font=&#8221;||||||||&#8221; body_font=&#8221;||||&#8221; background_image=&#8221;https:\/\/pitss.org\/mx\/wp-content\/uploads\/sites\/10\/2017\/08\/000_0002-2.jpg&#8221; custom_button=&#8221;off&#8221; button_icon_placement=&#8221;right&#8221; button_on_hover=&#8221;on&#8221; background_color=&#8221;#ffffff&#8221; header_level=&#8221;h1&#8243;]PITSS est\u00e1 transformando las aplicaciones de Oracle Forms de ayer, hoy.<br \/>\n[\/et_pb_slide][\/et_pb_fullwidth_slider][\/et_pb_section][et_pb_section bb_built=&#8221;1&#8243; admin_label=&#8221;section&#8221; custom_padding_last_edited=&#8221;on|desktop&#8221; _builder_version=&#8221;3.0.47&#8243; custom_padding=&#8221;|||&#8221; custom_padding_tablet=&#8221;50px|0|50px|0&#8243; padding_mobile=&#8221;off&#8221;][et_pb_row admin_label=&#8221;row&#8221; make_fullwidth=&#8221;on&#8221; use_custom_gutter=&#8221;on&#8221; gutter_width=&#8221;2&#8243; custom_padding=&#8221;0px|||&#8221; padding_mobile=&#8221;off&#8221; make_equal=&#8221;on&#8221; column_padding_mobile=&#8221;on&#8221; background_color_1=&#8221;#006bb3&#8243; background_color_2=&#8221;#006bb3&#8243; background_color_3=&#8221;#006bb3&#8243; background_color_4=&#8221;#006bb3&#8243; module_class=&#8221;mobile-top-padding&#8221; _builder_version=&#8221;3.0.47&#8243; background_size=&#8221;initial&#8221; background_position=&#8221;top_left&#8221; background_repeat=&#8221;repeat&#8221;][et_pb_column type=&#8221;1_4&#8243;][et_pb_blurb admin_label=&#8221;We have been, and continue to be&#8230; (Blurb)&#8221; use_icon=&#8221;on&#8221; font_icon=&#8221;\ue021&#8221; icon_color=&#8221;#ffffff&#8221; background_layout=&#8221;dark&#8221; use_icon_font_size=&#8221;on&#8221; icon_font_size=&#8221;40px&#8221; _builder_version=&#8221;3.0.69&#8243; header_font_size=&#8221;24&#8243; background_color=&#8221;#006bb3&#8243; background_size=&#8221;initial&#8221; background_position=&#8221;top_left&#8221; background_repeat=&#8221;repeat&#8221; text_orientation=&#8221;center&#8221; custom_padding=&#8221;30px|30px|30px|30px&#8221; animation=&#8221;off&#8221; custom_css_blurb_image=&#8221;margin-bottom:15px;&#8221;]<\/p>\n<p>Hemos sido y continuamos siendo expertos en Oracle Forms y Oracle Reports desde 1999.<\/p>\n<p>[\/et_pb_blurb][\/et_pb_column][et_pb_column type=&#8221;1_4&#8243;][et_pb_blurb admin_label=&#8221;The PITSS team has led thousands of projects&#8230; (Blurb)&#8221; use_icon=&#8221;on&#8221; font_icon=&#8221;\ue0e2&#8221; icon_color=&#8221;#ffffff&#8221; background_layout=&#8221;dark&#8221; use_icon_font_size=&#8221;on&#8221; icon_font_size=&#8221;40px&#8221; _builder_version=&#8221;3.0.47&#8243; header_font_size=&#8221;24&#8243; background_color=&#8221;#006bb3&#8243; background_size=&#8221;initial&#8221; background_position=&#8221;top_left&#8221; background_repeat=&#8221;repeat&#8221; text_orientation=&#8221;center&#8221; custom_padding=&#8221;30px|30px|30px|30px&#8221; animation=&#8221;off&#8221; custom_css_blurb_image=&#8221;margin-bottom:15px;&#8221;]<\/p>\n<p>El equipo de PITSS ha liderado miles de proyectos, resultando en una variedad de clientes en m\u00e1s de 40 pa\u00edses.<\/p>\n<p>[\/et_pb_blurb][\/et_pb_column][et_pb_column type=&#8221;1_4&#8243;][et_pb_blurb admin_label=&#8221;Our experts offer solutions, strategies&#8230; (Blurb)&#8221; use_icon=&#8221;on&#8221; font_icon=&#8221;\ue012&#8221; icon_color=&#8221;#ffffff&#8221; background_layout=&#8221;dark&#8221; use_icon_font_size=&#8221;on&#8221; icon_font_size=&#8221;40px&#8221; _builder_version=&#8221;3.0.47&#8243; header_font_size=&#8221;24&#8243; background_color=&#8221;#006bb3&#8243; background_size=&#8221;initial&#8221; background_position=&#8221;top_left&#8221; background_repeat=&#8221;repeat&#8221; text_orientation=&#8221;center&#8221; custom_padding=&#8221;30px|30px|30px|30px&#8221; animation=&#8221;off&#8221; custom_css_blurb_image=&#8221;margin-bottom:15px;&#8221;]<\/p>\n<p>Nuestros expertos ofrecen soluciones, estrategias y un talento inigualable, que incluye el desarrollo de proyectos completos.<\/p>\n<p>[\/et_pb_blurb][\/et_pb_column][et_pb_column type=&#8221;1_4&#8243;][et_pb_blurb admin_label=&#8221;PITSS is the leader in digital transformation&#8230; (Blurb)&#8221; use_icon=&#8221;on&#8221; font_icon=&#8221;$&#8221; icon_color=&#8221;#ffffff&#8221; background_layout=&#8221;dark&#8221; use_icon_font_size=&#8221;on&#8221; icon_font_size=&#8221;40px&#8221; _builder_version=&#8221;3.0.47&#8243; header_font_size=&#8221;24&#8243; background_color=&#8221;#006bb3&#8243; background_size=&#8221;initial&#8221; background_position=&#8221;top_left&#8221; background_repeat=&#8221;repeat&#8221; text_orientation=&#8221;center&#8221; custom_padding=&#8221;30px|30px|30px|30px&#8221; animation=&#8221;off&#8221; custom_css_blurb_image=&#8221;margin-bottom:15px;&#8221;]<\/p>\n<p>PITSS es el l\u00edder en la transformaci\u00f3n digital de los sistemas de Oracle debido a nuestras herramientas, equipo y experiencia.<\/p>\n<p>[\/et_pb_blurb][\/et_pb_column][\/et_pb_row][et_pb_row admin_label=&#8221;row&#8221; make_fullwidth=&#8221;on&#8221; use_custom_gutter=&#8221;on&#8221; gutter_width=&#8221;2&#8243; custom_padding=&#8221;||0px|&#8221; padding_mobile=&#8221;on&#8221; custom_margin=&#8221;|||&#8221; make_equal=&#8221;on&#8221; column_padding_mobile=&#8221;on&#8221; module_class=&#8221;mobile-bottom-padding&#8221; _builder_version=&#8221;3.0.47&#8243; background_size=&#8221;initial&#8221; background_position=&#8221;top_left&#8221; background_repeat=&#8221;repeat&#8221;][et_pb_column type=&#8221;1_2&#8243;][et_pb_code admin_label=&#8221;YouTube Video (Code)&#8221; _builder_version=&#8221;3.0.47&#8243;]&lt;center&gt;&lt;iframe width=&quot;1280&quot; height=&quot;720&quot; src=&quot;https:\/\/www.youtube.com\/embed\/TQ3-5PpAZ9s&quot; frameborder=&quot;0&quot; allowfullscreen&gt;&lt;\/iframe&gt;&lt;\/center&gt;[\/et_pb_code][\/et_pb_column][et_pb_column type=&#8221;1_2&#8243;][et_pb_text admin_label=&#8221;The Legacy Oracle Systems Experts (Text)&#8221; module_class=&#8221;mobile-centered&#8221; _builder_version=&#8221;3.0.47&#8243; background_size=&#8221;initial&#8221; background_position=&#8221;top_left&#8221; background_repeat=&#8221;repeat&#8221; custom_margin=&#8221;-10px|5px||5px&#8221;]<\/p>\n<h2><strong>Los Expertos en Oracle Forms <\/strong><\/h2>\n<p>PITSS fue fundada en 1999 y tiene m\u00e1s de 1000 clientes en todo el mundo. Tenemos oficinas en Michigan, Alemania y el Reino Unido (Junto con socios internacionales certificados).<br \/>\nNuestra empresa ha apoyado con \u00e9xito proyectos de todas las formas y tama\u00f1os. Nos especializamos en ayudar a organizaciones de todo tipo.<\/p>\n<p>Usando datos duros, herramientas de propiedad y an\u00e1lisis profundo, reducimos el costo y el alcance de su esfuerzo de transformaci\u00f3n. Primero, nos enfocamos en los procesos de ROI (Return Of Investment) m\u00e1s altos. Trazamos un camino completo entre usted y sus nuevos horizontes con confianza y experiencia.<\/p>\n<p>Como resultado, nuestro equipo le guiar\u00e1 a trav\u00e9s de cada paso del proyecto. Conf\u00ede en nuestros expertos arquitectos, directores de proyectos y desarrolladores para sus necesidades.<\/p>\n<h4 style=\"margin-top: 15px;\"><strong>Nadie conoce Oracle Forms como lo hace PITSS. Perm\u00edtanos llevarlo de la planeaci\u00f3n a una prueba piloto, a la nube, y m\u00e1s all\u00e1.<\/strong><\/h4>\n<p>[\/et_pb_text][\/et_pb_column][\/et_pb_row][\/et_pb_section][et_pb_section bb_built=&#8221;1&#8243; admin_label=&#8221;section&#8221; background_color=&#8221;#006bb3&#8243; custom_padding_last_edited=&#8221;on|desktop&#8221; _builder_version=&#8221;3.0.47&#8243; background_image=&#8221;https:\/\/pitss.org\/mx\/wp-content\/uploads\/sites\/10\/2017\/08\/pattern.jpg&#8221; parallax=&#8221;on&#8221; custom_padding=&#8221;|||&#8221; custom_padding_tablet=&#8221;50px|0|50px|0&#8243; padding_mobile=&#8221;off&#8221;][et_pb_row admin_label=&#8221;row&#8221; use_custom_width=&#8221;on&#8221; width_unit=&#8221;off&#8221; custom_width_percent=&#8221;60%&#8221; custom_padding=&#8221;|||&#8221; padding_mobile=&#8221;off&#8221; column_padding_mobile=&#8221;on&#8221; module_class=&#8221;mobile-both-padding&#8221; _builder_version=&#8221;3.0.69&#8243; background_size=&#8221;initial&#8221; background_position=&#8221;top_left&#8221; background_repeat=&#8221;repeat&#8221;][et_pb_column type=&#8221;1_4&#8243;][et_pb_blurb admin_label=&#8221;Lightbulb Icon (Blurb)&#8221; icon_color=&#8221;#ffffff&#8221; image=&#8221;https:\/\/pitss.org\/mx\/wp-content\/uploads\/sites\/10\/2017\/08\/logo.png&#8221; _builder_version=&#8221;3.0.69&#8243; header_font_size=&#8221;24&#8243; background_size=&#8221;initial&#8221; background_position=&#8221;top_left&#8221; background_repeat=&#8221;repeat&#8221; text_orientation=&#8221;center&#8221; animation=&#8221;off&#8221; custom_css_blurb_image=&#8221;margin-bottom: 0; padding-bottom: 0;&#8221; saved_tabs=&#8221;all&#8221; \/][\/et_pb_column][et_pb_column type=&#8221;3_4&#8243;][et_pb_text admin_label=&#8221;Our Philosophy (Text)&#8221; background_layout=&#8221;dark&#8221; module_class=&#8221;mobile-centered&#8221; _builder_version=&#8221;3.0.69&#8243; background_size=&#8221;initial&#8221; background_position=&#8221;top_left&#8221; background_repeat=&#8221;repeat&#8221;]<\/p>\n<h4><strong>PITSS se enorgullece de asociarse con Allied Consulting para ofrecer servicios de modernizaci\u00f3n de Oracle Forms.<\/strong><\/h4>\n<p>Contacto: Bernardo Godinez, bgodinez@pitss.org<\/p>\n<p>[\/et_pb_text][\/et_pb_column][\/et_pb_row][\/et_pb_section][et_pb_section bb_built=&#8221;1&#8243; admin_label=&#8221;section&#8221; custom_padding_last_edited=&#8221;on|desktop&#8221; _builder_version=&#8221;3.0.47&#8243; custom_padding_tablet=&#8221;50px|0|50px|0&#8243; padding_mobile=&#8221;off&#8221;][et_pb_row admin_label=&#8221;row&#8221; make_fullwidth=&#8221;on&#8221; use_custom_gutter=&#8221;on&#8221; gutter_width=&#8221;2&#8243; custom_padding=&#8221;0px||0px|&#8221; padding_mobile=&#8221;off&#8221; make_equal=&#8221;on&#8221; column_padding_mobile=&#8221;on&#8221; background_color_1=&#8221;#006bb3&#8243; background_color_2=&#8221;#006bb3&#8243; background_color_3=&#8221;#006bb3&#8243; module_class=&#8221;mobile-both-padding&#8221; _builder_version=&#8221;3.0.47&#8243; background_size=&#8221;initial&#8221; background_position=&#8221;top_left&#8221; background_repeat=&#8221;repeat&#8221;][et_pb_column type=&#8221;1_3&#8243;][et_pb_blurb admin_label=&#8221;Speed (Blurb)&#8221; title=&#8221;Velocidad&#8221; use_icon=&#8221;on&#8221; font_icon=&#8221;A&#8221; icon_color=&#8221;#ffffff&#8221; icon_placement=&#8221;left&#8221; background_layout=&#8221;dark&#8221; use_icon_font_size=&#8221;on&#8221; icon_font_size=&#8221;40px&#8221; _builder_version=&#8221;3.0.47&#8243; header_font=&#8221;|on|||&#8221; header_font_size=&#8221;26px&#8221; background_color=&#8221;#006bb3&#8243; background_size=&#8221;initial&#8221; background_position=&#8221;top_left&#8221; background_repeat=&#8221;repeat&#8221; text_orientation=&#8221;center&#8221; custom_padding=&#8221;30px|30px|30px|30px&#8221; custom_css_blurb_image=&#8221;margin-bottom:15px; padding-right:10px;&#8221; saved_tabs=&#8221;all&#8221;]<\/p>\n<p>Nuestras herramientas patentadas nos proporcionan una visi\u00f3n completa de los sistemas Oracle de nuestros clientes.<\/p>\n<p>[\/et_pb_blurb][\/et_pb_column][et_pb_column type=&#8221;1_3&#8243;][et_pb_blurb admin_label=&#8221;Quality (Blurb)&#8221; title=&#8221;Calidad&#8221; use_icon=&#8221;on&#8221; font_icon=&#8221;\ue106&#8221; icon_color=&#8221;#ffffff&#8221; icon_placement=&#8221;left&#8221; background_layout=&#8221;dark&#8221; use_icon_font_size=&#8221;on&#8221; icon_font_size=&#8221;40px&#8221; _builder_version=&#8221;3.0.47&#8243; header_font=&#8221;|on|||&#8221; header_font_size=&#8221;26px&#8221; background_color=&#8221;#006bb3&#8243; background_size=&#8221;initial&#8221; background_position=&#8221;top_left&#8221; background_repeat=&#8221;repeat&#8221; text_orientation=&#8221;center&#8221; custom_padding=&#8221;30px|30px|30px|30px&#8221; custom_css_blurb_image=&#8221;margin-bottom:15px; padding-right:10px;&#8221; saved_tabs=&#8221;all&#8221;]<\/p>\n<p>PITSS.CON, junto con nuestra metodolog\u00eda, garantizamos resultados de calidad que coinciden con los objetivos de negocio de nuestros clientes.<\/p>\n<p>[\/et_pb_blurb][\/et_pb_column][et_pb_column type=&#8221;1_3&#8243;][et_pb_blurb admin_label=&#8221;Expertise (Blurb)&#8221; title=&#8221;Experiencia&#8221; use_icon=&#8221;on&#8221; font_icon=&#8221;w&#8221; icon_color=&#8221;#ffffff&#8221; icon_placement=&#8221;left&#8221; background_layout=&#8221;dark&#8221; use_icon_font_size=&#8221;on&#8221; icon_font_size=&#8221;40px&#8221; _builder_version=&#8221;3.0.47&#8243; header_font=&#8221;|on|||&#8221; header_font_size=&#8221;26px&#8221; background_color=&#8221;#006bb3&#8243; background_size=&#8221;initial&#8221; background_position=&#8221;top_left&#8221; background_repeat=&#8221;repeat&#8221; text_orientation=&#8221;center&#8221; custom_padding=&#8221;30px|30px|30px|30px&#8221; custom_css_blurb_image=&#8221;margin-bottom:15px; padding-right:10px;&#8221; saved_tabs=&#8221;all&#8221;]<\/p>\n<p>Nuestro equipo de desarrollo tiene m\u00e1s de 18 a\u00f1os de experiencia en proyectos de diversas industrias.<\/p>\n<p>[\/et_pb_blurb][\/et_pb_column][\/et_pb_row][\/et_pb_section][et_pb_section bb_built=&#8221;1&#8243; admin_label=&#8221;section&#8221; fullwidth=&#8221;on&#8221; custom_padding_last_edited=&#8221;on|desktop&#8221; _builder_version=&#8221;3.0.47&#8243; custom_padding=&#8221;0px|0px|0px|0px&#8221; custom_padding_tablet=&#8221;50px|0|50px|0&#8243; padding_mobile=&#8221;off&#8221;][et_pb_fullwidth_map admin_label=&#8221;Map of Troy, MI (Fullwidth Map)&#8221; address=&#8221;Wilshire Plaza West, 1050 Wilshire Dr, Troy, MI 48084, USA&#8221; zoom_level=&#8221;2&#8243; address_lat=&#8221;65.41525640086611&#8243; address_lng=&#8221;-103.6753962685043&#8243; mouse_wheel=&#8221;off&#8221; mobile_dragging=&#8221;off&#8221; _builder_version=&#8221;3.0.47&#8243; child_filter_saturate=&#8221;100%&#8221;][et_pb_map_pin title=&#8221;PITSS&#8221; pin_address=&#8221;Wilshire Plaza West, 1050 Wilshire Dr, Troy, MI 48084, USA&#8221; pin_address_lat=&#8221;42.56487156767&#8243; pin_address_lng=&#8221;-83.170403388361&#8243; _builder_version=&#8221;3.0.47&#8243;][\/et_pb_map_pin][\/et_pb_fullwidth_map][\/et_pb_section][et_pb_section bb_built=&#8221;1&#8243; admin_label=&#8221;section&#8221; background_color=&#8221;#006bb3&#8243; custom_padding_last_edited=&#8221;on|desktop&#8221; _builder_version=&#8221;3.0.47&#8243; background_image=&#8221;https:\/\/pitss.org\/mx\/wp-content\/uploads\/sites\/10\/2017\/08\/pattern.jpg&#8221; parallax=&#8221;on&#8221; custom_padding=&#8221;|||&#8221; custom_padding_tablet=&#8221;50px|0|50px|0&#8243; padding_mobile=&#8221;off&#8221;][et_pb_row admin_label=&#8221;row&#8221; use_custom_width=&#8221;on&#8221; width_unit=&#8221;off&#8221; custom_width_percent=&#8221;60%&#8221; custom_padding=&#8221;|||&#8221; padding_mobile=&#8221;off&#8221; column_padding_mobile=&#8221;on&#8221; module_class=&#8221;mobile-both-padding&#8221; _builder_version=&#8221;3.0.47&#8243; background_size=&#8221;initial&#8221; background_position=&#8221;top_left&#8221; background_repeat=&#8221;repeat&#8221;][et_pb_column type=&#8221;1_4&#8243;][et_pb_blurb admin_label=&#8221;Lightbulb Icon (Blurb)&#8221; use_icon=&#8221;on&#8221; font_icon=&#8221;\ue007&#8221; icon_color=&#8221;#ffffff&#8221; use_icon_font_size=&#8221;on&#8221; _builder_version=&#8221;3.0.69&#8243; header_font_size=&#8221;24&#8243; background_size=&#8221;initial&#8221; background_position=&#8221;top_left&#8221; background_repeat=&#8221;repeat&#8221; text_orientation=&#8221;center&#8221; animation=&#8221;off&#8221; custom_css_blurb_image=&#8221;margin-bottom: 0; padding-bottom: 0;&#8221; saved_tabs=&#8221;all&#8221; \/][\/et_pb_column][et_pb_column type=&#8221;3_4&#8243;][et_pb_text admin_label=&#8221;Our Philosophy (Text)&#8221; background_layout=&#8221;dark&#8221; module_class=&#8221;mobile-centered&#8221; _builder_version=&#8221;3.0.63&#8243; background_size=&#8221;initial&#8221; background_position=&#8221;top_left&#8221; background_repeat=&#8221;repeat&#8221;]<\/p>\n<h2 style=\"margin-top: 0;\"><strong>Nuestra filosof\u00eda<\/strong><\/h2>\n<h6>&#8211;\u00a0Escuchamos las necesidades \u00fanicas de servicio y tecnolog\u00eda de cada cliente<\/h6>\n<h6>&#8211;\u00a0Orientamos a los clientes a trav\u00e9s de transformaciones digitales estructuradas<\/h6>\n<h6>&#8211;\u00a0Ayudamos a los clientes a darse cuenta del valor del negocio en cada paso de la modernizaci\u00f3n<\/h6>\n<p>[\/et_pb_text][\/et_pb_column][\/et_pb_row][\/et_pb_section][et_pb_section bb_built=&#8221;1&#8243; background_color=&#8221;#006bb3&#8243; custom_padding=&#8221;30px||30px|&#8221; _builder_version=&#8221;3.0.66&#8243; global_module=&#8221;108&#8243; custom_padding_tablet=&#8221;50px|0|50px|0&#8243; custom_padding_last_edited=&#8221;on|desktop&#8221;][et_pb_row global_parent=&#8221;108&#8243; make_fullwidth=&#8221;on&#8221; custom_padding=&#8221;0px||0px|&#8221; _builder_version=&#8221;3.0.66&#8243;][et_pb_column type=&#8221;1_2&#8243;][et_pb_text global_parent=&#8221;108&#8243; background_layout=&#8221;dark&#8221; module_class=&#8221;mobile-centered&#8221; _builder_version=&#8221;3.0.69&#8243;]<\/p>\n<h3 style=\"font-size: 31px; padding: 0; padding-top: 2px;\"><strong>\u00bfListo para comenzar?<\/strong><\/h3>\n<p>[\/et_pb_text][\/et_pb_column][et_pb_column type=&#8221;1_2&#8243;][et_pb_button global_parent=&#8221;108&#8243; button_url=&#8221;\/mx\/contact&#8221; button_text=&#8221;Cont\u00e1ctenos Hoy&#8221; button_alignment=&#8221;right&#8221; background_layout=&#8221;dark&#8221; _builder_version=&#8221;3.0.69&#8243; background_color=&#8221;#006bb3&#8243; \/][\/et_pb_column][\/et_pb_row][\/et_pb_section]<\/p>\n","protected":false},"excerpt":{"rendered":"<p>PITSS est\u00e1 transformando las aplicaciones de Oracle Forms de ayer, hoy. Hemos sido y continuamos siendo expertos en Oracle Forms y Oracle Reports desde 1999. El equipo de PITSS ha liderado miles de proyectos, resultando en una variedad de clientes en m\u00e1s de 40 pa\u00edses. Nuestros expertos ofrecen soluciones, estrategias y un talento inigualable, que [&hellip;]<\/p>\n","protected":false},"author":19,"featured_media":0,"parent":58,"menu_order":0,"comment_status":"closed","ping_status":"closed","template":"","meta":{"_et_pb_use_builder":"on","_et_pb_old_content":"","_et_gb_content_width":"","footnotes":""},"class_list":["post-61","page","type-page","status-publish","hentry"],"_links":{"self":[{"href":"https:\/\/pitss.org\/mx\/wp-json\/wp\/v2\/pages\/61","targetHints":{"allow":["GET"]}}],"collection":[{"href":"https:\/\/pitss.org\/mx\/wp-json\/wp\/v2\/pages"}],"about":[{"href":"https:\/\/pitss.org\/mx\/wp-json\/wp\/v2\/types\/page"}],"author":[{"embeddable":true,"href":"https:\/\/pitss.org\/mx\/wp-json\/wp\/v2\/users\/19"}],"replies":[{"embeddable":true,"href":"https:\/\/pitss.org\/mx\/wp-json\/wp\/v2\/comments?post=61"}],"version-history":[{"count":20,"href":"https:\/\/pitss.org\/mx\/wp-json\/wp\/v2\/pages\/61\/revisions"}],"predecessor-version":[{"id":365,"href":"https:\/\/pitss.org\/mx\/wp-json\/wp\/v2\/pages\/61\/revisions\/365"}],"up":[{"embeddable":true,"href":"https:\/\/pitss.org\/mx\/wp-json\/wp\/v2\/pages\/58"}],"wp:attachment":[{"href":"https:\/\/pitss.org\/mx\/wp-json\/wp\/v2\/media?parent=61"}],"curies":[{"name":"wp","href":"https:\/\/api.w.org\/{rel}","templated":true}]}}