{"id":57,"date":"2017-08-04T16:56:53","date_gmt":"2017-08-04T16:56:53","guid":{"rendered":"https:\/\/pitss.org\/mx\/?page_id=57"},"modified":"2017-12-27T15:19:15","modified_gmt":"2017-12-27T15:19:15","slug":"capacitacion","status":"publish","type":"page","link":"https:\/\/pitss.org\/mx\/products\/pitss-con\/capacitacion\/","title":{"rendered":"Capacitaci\u00f3n de PITSS.CON"},"content":{"rendered":"<p>[et_pb_section bb_built=&#8221;1&#8243; admin_label=&#8221;section&#8221; custom_padding=&#8221;|||&#8221; padding_mobile=&#8221;off&#8221; fullwidth=&#8221;on&#8221; _builder_version=&#8221;3.0.47&#8243; custom_padding_tablet=&#8221;50px|0|50px|0&#8243; custom_padding_last_edited=&#8221;on|desktop&#8221;][et_pb_fullwidth_slider auto=&#8221;on&#8221; _builder_version=&#8221;3.0.69&#8243; custom_button=&#8221;on&#8221; button_use_icon=&#8221;off&#8221; show_arrows=&#8221;on&#8221; show_pagination=&#8221;on&#8221; parallax=&#8221;off&#8221; parallax_method=&#8221;off&#8221; remove_inner_shadow=&#8221;off&#8221; button_letter_spacing=&#8221;0&#8243; button_icon_placement=&#8221;right&#8221; button_letter_spacing_hover=&#8221;0&#8243; auto_ignore_hover=&#8221;off&#8221; hide_content_on_mobile=&#8221;off&#8221; hide_cta_on_mobile=&#8221;off&#8221; show_image_video_mobile=&#8221;off&#8221; custom_padding=&#8221;|||&#8221; custom_padding_tablet=&#8221;|||&#8221; custom_padding_phone=&#8221;|||&#8221; show_inner_shadow=&#8221;on&#8221; show_content_on_mobile=&#8221;on&#8221; show_cta_on_mobile=&#8221;on&#8221;][et_pb_slide heading=&#8221;Capacitaci\u00f3n de PITSS.CON&#8221; button_text=&#8221;APRENDA COMO DOMINAR EL PODER DE PITSS.CON&#8221; button_link=&#8221;\/mx\/contact&#8221; background_image=&#8221;https:\/\/pitss.org\/mx\/wp-content\/uploads\/sites\/10\/2017\/08\/wallpaper8.jpg&#8221; background_position=&#8221;center&#8221; background_size=&#8221;cover&#8221; use_bg_overlay=&#8221;on&#8221; bg_overlay_color=&#8221;rgba(0,0,0,0.8)&#8221; use_text_overlay=&#8221;off&#8221; _builder_version=&#8221;3.0.47&#8243; header_font=&#8221;|on|||&#8221; body_font=&#8221;||||&#8221; custom_button=&#8221;off&#8221; button_icon_placement=&#8221;right&#8221; button_on_hover=&#8221;on&#8221; background_color=&#8221;#ffffff&#8221; use_background_color_gradient=&#8221;off&#8221; background_color_gradient_start=&#8221;#2b87da&#8221; background_color_gradient_end=&#8221;#29c4a9&#8243; background_color_gradient_type=&#8221;linear&#8221; background_color_gradient_direction=&#8221;180deg&#8221; background_color_gradient_direction_radial=&#8221;center&#8221; background_color_gradient_start_position=&#8221;0%&#8221; background_color_gradient_end_position=&#8221;100%&#8221; parallax=&#8221;off&#8221; parallax_method=&#8221;off&#8221; background_repeat=&#8221;no-repeat&#8221; background_blend=&#8221;normal&#8221; allow_player_pause=&#8221;off&#8221; text_border_radius=&#8221;3&#8243; alignment=&#8221;center&#8221; background_layout=&#8221;dark&#8221; header_font_select=&#8221;default&#8221; body_font_select=&#8221;default&#8221; button_font_select=&#8221;default&#8221; button_font=&#8221;||||&#8221; button_use_icon=&#8221;default&#8221;]<\/p>\n<p>\u00bfQuisiera desarrollar y mantener eficientemente aplicaciones creadas en Oracle Forms?<\/p>\n<p>[\/et_pb_slide][\/et_pb_fullwidth_slider][\/et_pb_section][et_pb_section bb_built=&#8221;1&#8243; _builder_version=&#8221;3.0.64&#8243;][et_pb_row admin_label=&#8221;row&#8221; make_fullwidth=&#8221;on&#8221; use_custom_gutter=&#8221;on&#8221; gutter_width=&#8221;2&#8243; custom_padding=&#8221;0px||0px|&#8221; make_equal=&#8221;on&#8221; background_color_1=&#8221;#006bb3&#8243; background_color_2=&#8221;#006bb3&#8243; background_color_3=&#8221;#006bb3&#8243; background_color_4=&#8221;#006bb3&#8243; padding_right_1=&#8221;30px&#8221; padding_bottom_1=&#8221;30px&#8221; padding_left_1=&#8221;30px&#8221; padding_right_2=&#8221;30px&#8221; padding_bottom_2=&#8221;30px&#8221; padding_left_2=&#8221;30px&#8221; padding_right_3=&#8221;30px&#8221; padding_bottom_3=&#8221;30px&#8221; padding_left_3=&#8221;30px&#8221; padding_right_4=&#8221;30px&#8221; padding_bottom_4=&#8221;30px&#8221; padding_left_4=&#8221;30px&#8221; _builder_version=&#8221;3.0.64&#8243; background_size=&#8221;initial&#8221; background_position=&#8221;top_left&#8221; background_repeat=&#8221;repeat&#8221; locked=&#8221;off&#8221;][et_pb_column type=&#8221;1_3&#8243;][et_pb_blurb title=&#8221;Base Pr\u00e1ctica&#8221; use_icon=&#8221;on&#8221; font_icon=&#8221;%%151%%&#8221; icon_color=&#8221;#ffffff&#8221; animation=&#8221;off&#8221; background_layout=&#8221;dark&#8221; text_orientation=&#8221;center&#8221; use_icon_font_size=&#8221;on&#8221; icon_font_size=&#8221;40px&#8221; _builder_version=&#8221;3.0.69&#8243; header_font=&#8221;|on|||&#8221; background_color=&#8221;#006bb3&#8243; background_size=&#8221;initial&#8221; background_position=&#8221;top_left&#8221; background_repeat=&#8221;repeat&#8221; custom_margin=&#8221;|||&#8221; custom_padding=&#8221;30px|20px|0px|20px&#8221; custom_css_blurb_image=&#8221;margin-bottom:15px;&#8221; saved_tabs=&#8221;all&#8221; url_new_window=&#8221;off&#8221; use_circle=&#8221;off&#8221; use_circle_border=&#8221;off&#8221; icon_placement=&#8221;top&#8221; border_style=&#8221;solid&#8221;]<\/p>\n<p>Traemos la experiencia de muchos proyectos en su formaci\u00f3<\/p>\n<p>[\/et_pb_blurb][\/et_pb_column][et_pb_column type=&#8221;1_3&#8243;][et_pb_blurb title=&#8221;Orientado al futuro&#8221; use_icon=&#8221;on&#8221; font_icon=&#8221;%%101%%&#8221; icon_color=&#8221;#ffffff&#8221; animation=&#8221;off&#8221; background_layout=&#8221;dark&#8221; text_orientation=&#8221;center&#8221; use_icon_font_size=&#8221;on&#8221; icon_font_size=&#8221;40px&#8221; _builder_version=&#8221;3.0.69&#8243; header_font=&#8221;|on|||&#8221; background_color=&#8221;#006bb3&#8243; background_size=&#8221;initial&#8221; background_position=&#8221;top_left&#8221; background_repeat=&#8221;repeat&#8221; custom_margin=&#8221;|||&#8221; custom_padding=&#8221;30px|20px|0px|20px&#8221; custom_css_blurb_image=&#8221;margin-bottom:15px;&#8221; saved_tabs=&#8221;all&#8221; url_new_window=&#8221;off&#8221; use_circle=&#8221;off&#8221; use_circle_border=&#8221;off&#8221; icon_placement=&#8221;top&#8221; border_style=&#8221;solid&#8221;]<\/p>\n<p>Invierta en su futuro y el de sus empleados.<\/p>\n<p>[\/et_pb_blurb][\/et_pb_column][et_pb_column type=&#8221;1_3&#8243;][et_pb_blurb title=&#8221;Econ\u00f3mico&#8221; use_icon=&#8221;on&#8221; font_icon=&#8221;%%156%%&#8221; icon_color=&#8221;#ffffff&#8221; animation=&#8221;off&#8221; background_layout=&#8221;dark&#8221; text_orientation=&#8221;center&#8221; use_icon_font_size=&#8221;on&#8221; icon_font_size=&#8221;40px&#8221; _builder_version=&#8221;3.0.69&#8243; header_font=&#8221;|on|||&#8221; background_color=&#8221;#006bb3&#8243; background_size=&#8221;initial&#8221; background_position=&#8221;top_left&#8221; background_repeat=&#8221;repeat&#8221; custom_margin=&#8221;|||&#8221; custom_padding=&#8221;30px|20px|0px|20px&#8221; custom_css_blurb_image=&#8221;margin-bottom:15px;&#8221; saved_tabs=&#8221;all&#8221; url_new_window=&#8221;off&#8221; use_circle=&#8221;off&#8221; use_circle_border=&#8221;off&#8221; icon_placement=&#8221;top&#8221; border_style=&#8221;solid&#8221;]<\/p>\n<p>Capacitaci\u00f3n de PITSS.CON costeable para todo su equipo de trabajo.<\/p>\n<p>[\/et_pb_blurb][\/et_pb_column][\/et_pb_row][\/et_pb_section][et_pb_section bb_built=&#8221;1&#8243; background_color=&#8221;#333333&#8243; _builder_version=&#8221;3.0.66&#8243; parallax=&#8221;on&#8221; background_image=&#8221;https:\/\/pitss.org\/mx\/wp-content\/uploads\/sites\/10\/2017\/08\/pattern.jpg&#8221;][et_pb_row _builder_version=&#8221;3.0.64&#8243;][et_pb_column type=&#8221;4_4&#8243;][et_pb_text background_layout=&#8221;dark&#8221; text_orientation=&#8221;center&#8221; _builder_version=&#8221;3.0.69&#8243; header_font=&#8221;|on|||&#8221; border_style=&#8221;solid&#8221; module_alignment=&#8221;center&#8221;]<\/p>\n<h1>Capacitaci\u00f3n de PITSS.CON<\/h1>\n<p>PITSS ofrece servicios complementarios que permiten a los clientes y socios utilizar de manera \u00f3ptima PITSS.CON en sus proyectos de migraci\u00f3n y desarrollo. La capacitaci\u00f3n, el desarrollo, la implementaci\u00f3n y el mantenimiento continuo son s\u00f3lo algunas de las entregas clave. Si usted ya usa PITSS.CON o es nuevo en la herramienta, es posible que quiera una capacitaci\u00f3n. PITSS ir\u00e1 y le entrenar\u00e1 en la herramienta con su propia aplicaci\u00f3n. La capacitaci\u00f3n puede adaptarse a sus necesidades o puede optar por recibir capacitaci\u00f3n est\u00e1ndar. De cualquier manera usted estar\u00e1 usando PITSS.CON r\u00e1pidamente. La capacitaci\u00f3n usualmente dura de 2 a 3 d\u00edas, dependiendo si su ambiente ya se encuentra configurado para la herramienta e inclusive puede combinarse con el taller de migraci\u00f3n.<\/p>\n<p>[\/et_pb_text][\/et_pb_column][\/et_pb_row][et_pb_row use_custom_gutter=&#8221;on&#8221; gutter_width=&#8221;2&#8243; _builder_version=&#8221;3.0.64&#8243;][et_pb_column type=&#8221;1_4&#8243;][et_pb_text background_layout=&#8221;dark&#8221; text_orientation=&#8221;right&#8221; module_class=&#8221;mobile-centered&#8221; _builder_version=&#8221;3.0.69&#8243; text_font=&#8221;|||on|&#8221; header_font=&#8221;||||&#8221; custom_padding=&#8221;|20px||20px&#8221;]<\/p>\n<h2 style=\"line-height: 100%; font-size: 40px;\"><strong>Agenda<\/strong><\/h2>\n<p>[\/et_pb_text][\/et_pb_column][et_pb_column type=&#8221;1_4&#8243;][et_pb_blurb title=&#8221;Configuraci\u00f3n del ambiente de PITSS.CON&#8221; use_icon=&#8221;on&#8221; font_icon=&#8221;%%42%%&#8221; icon_color=&#8221;#ffffff&#8221; icon_placement=&#8221;left&#8221; animation=&#8221;off&#8221; background_layout=&#8221;dark&#8221; use_icon_font_size=&#8221;on&#8221; icon_font_size=&#8221;32px&#8221; _builder_version=&#8221;3.0.69&#8243; header_font=&#8221;|on|||&#8221; header_font_size=&#8221;22px&#8221; url_new_window=&#8221;off&#8221; use_circle=&#8221;off&#8221; use_circle_border=&#8221;off&#8221; border_style=&#8221;solid&#8221; \/][et_pb_blurb title=&#8221;Tecnolog\u00eda base de PITSS.CON&#8221; use_icon=&#8221;on&#8221; font_icon=&#8221;%%42%%&#8221; icon_color=&#8221;#ffffff&#8221; icon_placement=&#8221;left&#8221; animation=&#8221;off&#8221; background_layout=&#8221;dark&#8221; use_icon_font_size=&#8221;on&#8221; icon_font_size=&#8221;32px&#8221; _builder_version=&#8221;3.0.69&#8243; header_font=&#8221;|on|||&#8221; header_font_size=&#8221;22px&#8221; url_new_window=&#8221;off&#8221; use_circle=&#8221;off&#8221; use_circle_border=&#8221;off&#8221; border_style=&#8221;solid&#8221; \/][\/et_pb_column][et_pb_column type=&#8221;1_4&#8243;][et_pb_blurb title=&#8221;Desarrollo y mantenimiento&#8221; use_icon=&#8221;on&#8221; font_icon=&#8221;%%42%%&#8221; icon_color=&#8221;#ffffff&#8221; icon_placement=&#8221;left&#8221; animation=&#8221;off&#8221; background_layout=&#8221;dark&#8221; use_icon_font_size=&#8221;on&#8221; icon_font_size=&#8221;32px&#8221; _builder_version=&#8221;3.0.69&#8243; header_font=&#8221;|on|||&#8221; header_font_size=&#8221;22px&#8221; url_new_window=&#8221;off&#8221; use_circle=&#8221;off&#8221; use_circle_border=&#8221;off&#8221; border_style=&#8221;solid&#8221; \/][et_pb_blurb title=&#8221;Funcionalidades de migraci\u00f3n&#8221; use_icon=&#8221;on&#8221; font_icon=&#8221;%%42%%&#8221; icon_color=&#8221;#ffffff&#8221; icon_placement=&#8221;left&#8221; animation=&#8221;off&#8221; background_layout=&#8221;dark&#8221; use_icon_font_size=&#8221;on&#8221; icon_font_size=&#8221;32px&#8221; _builder_version=&#8221;3.0.69&#8243; header_font=&#8221;|on|||&#8221; header_font_size=&#8221;22px&#8221; url_new_window=&#8221;off&#8221; use_circle=&#8221;off&#8221; use_circle_border=&#8221;off&#8221; border_style=&#8221;solid&#8221; \/][\/et_pb_column][et_pb_column type=&#8221;1_4&#8243;][et_pb_blurb title=&#8221;Mejores pr\u00e1cticas de migraci\u00f3n&#8221; use_icon=&#8221;on&#8221; font_icon=&#8221;%%42%%&#8221; icon_color=&#8221;#ffffff&#8221; icon_placement=&#8221;left&#8221; animation=&#8221;off&#8221; background_layout=&#8221;dark&#8221; use_icon_font_size=&#8221;on&#8221; icon_font_size=&#8221;32px&#8221; _builder_version=&#8221;3.0.69&#8243; header_font=&#8221;|on|||&#8221; header_font_size=&#8221;22px&#8221; url_new_window=&#8221;off&#8221; use_circle=&#8221;off&#8221; use_circle_border=&#8221;off&#8221; border_style=&#8221;solid&#8221; \/][et_pb_blurb title=&#8221;Funcionalidades de An\u00e1lisis de aplicaciones&#8221; use_icon=&#8221;on&#8221; font_icon=&#8221;%%42%%&#8221; icon_color=&#8221;#ffffff&#8221; icon_placement=&#8221;left&#8221; animation=&#8221;off&#8221; background_layout=&#8221;dark&#8221; use_icon_font_size=&#8221;on&#8221; icon_font_size=&#8221;32px&#8221; _builder_version=&#8221;3.0.69&#8243; header_font=&#8221;|on|||&#8221; header_font_size=&#8221;22px&#8221; url_new_window=&#8221;off&#8221; use_circle=&#8221;off&#8221; use_circle_border=&#8221;off&#8221; border_style=&#8221;solid&#8221; \/][\/et_pb_column][\/et_pb_row][\/et_pb_section][et_pb_section bb_built=&#8221;1&#8243; background_color=&#8221;#ffffff&#8221; _builder_version=&#8221;3.0.64&#8243;][et_pb_row _builder_version=&#8221;3.0.64&#8243;][et_pb_column type=&#8221;4_4&#8243;][et_pb_text text_orientation=&#8221;center&#8221; _builder_version=&#8221;3.0.69&#8243; header_font=&#8221;|on|||&#8221; background_layout=&#8221;light&#8221; border_style=&#8221;solid&#8221; module_alignment=&#8221;center&#8221;]<\/p>\n<h2><strong>Taller de Migraci\u00f3n (Prueba de Concepto)<\/strong><\/h2>\n<p>PITSS puede ir donde se encuentra y proporcionarle una prueba de concepto con el fin de mostrarle los pasos necesarios a su equipo de TI para as\u00ed realizar una migraci\u00f3n exitosa. El proceso de migraci\u00f3n se realiza en poco tiempo con la ayuda de nuestra herramienta. Para hacerlo, cargamos su aplicaci\u00f3n en el software ya sea para migraci\u00f3n o actualizaci\u00f3n, sin importar que versi\u00f3n tenga de Oracle Forms.<br \/>\nComo resultado se obtiene la aplicaci\u00f3n en Oracle Forms 12c que actualmente cuenta con soporte y mantenimiento del fabricante. No existe otra herramienta o proveedor de servicio que ofrezca algo similar.<\/p>\n<p>[\/et_pb_text][\/et_pb_column][\/et_pb_row][et_pb_row use_custom_gutter=&#8221;on&#8221; gutter_width=&#8221;2&#8243; _builder_version=&#8221;3.0.64&#8243;][et_pb_column type=&#8221;1_4&#8243;][et_pb_text text_orientation=&#8221;right&#8221; module_class=&#8221;mobile-centered&#8221; _builder_version=&#8221;3.0.69&#8243; text_font=&#8221;|||on|&#8221; header_font=&#8221;||||&#8221; custom_padding=&#8221;|20px||20px&#8221;]<\/p>\n<h2 style=\"line-height: 100%; font-size: 40px;\"><strong>Agenda<\/strong><\/h2>\n<p>[\/et_pb_text][\/et_pb_column][et_pb_column type=&#8221;1_4&#8243;][et_pb_blurb title=&#8221;Instalar PITSS.CON&#8221; use_icon=&#8221;on&#8221; font_icon=&#8221;%%42%%&#8221; icon_color=&#8221;#333333&#8243; icon_placement=&#8221;left&#8221; animation=&#8221;off&#8221; use_icon_font_size=&#8221;on&#8221; icon_font_size=&#8221;32px&#8221; _builder_version=&#8221;3.0.69&#8243; header_font=&#8221;|on|||&#8221; header_font_size=&#8221;22px&#8221; url_new_window=&#8221;off&#8221; use_circle=&#8221;off&#8221; use_circle_border=&#8221;off&#8221; background_layout=&#8221;light&#8221; border_style=&#8221;solid&#8221; \/][et_pb_blurb title=&#8221;Cargar aplicaci\u00f3n (o aplicaciones) en PITSS.CON&#8221; use_icon=&#8221;on&#8221; font_icon=&#8221;%%42%%&#8221; icon_color=&#8221;#333333&#8243; icon_placement=&#8221;left&#8221; animation=&#8221;off&#8221; use_icon_font_size=&#8221;on&#8221; icon_font_size=&#8221;32px&#8221; _builder_version=&#8221;3.0.69&#8243; header_font=&#8221;|on|||&#8221; header_font_size=&#8221;22px&#8221; url_new_window=&#8221;off&#8221; use_circle=&#8221;off&#8221; use_circle_border=&#8221;off&#8221; background_layout=&#8221;light&#8221; border_style=&#8221;solid&#8221; \/][et_pb_blurb title=&#8221;Empezar la migraci\u00f3n&#8221; use_icon=&#8221;on&#8221; font_icon=&#8221;%%42%%&#8221; icon_color=&#8221;#333333&#8243; icon_placement=&#8221;left&#8221; animation=&#8221;off&#8221; use_icon_font_size=&#8221;on&#8221; icon_font_size=&#8221;32px&#8221; _builder_version=&#8221;3.0.69&#8243; header_font=&#8221;|on|||&#8221; header_font_size=&#8221;22px&#8221; url_new_window=&#8221;off&#8221; use_circle=&#8221;off&#8221; use_circle_border=&#8221;off&#8221; background_layout=&#8221;light&#8221; border_style=&#8221;solid&#8221; \/][\/et_pb_column][et_pb_column type=&#8221;1_4&#8243;][et_pb_blurb title=&#8221;Implementaciones que requieren decisi\u00f3n de la organizaci\u00f3n&#8221; use_icon=&#8221;on&#8221; font_icon=&#8221;%%42%%&#8221; icon_color=&#8221;#333333&#8243; icon_placement=&#8221;left&#8221; animation=&#8221;off&#8221; use_icon_font_size=&#8221;on&#8221; icon_font_size=&#8221;32px&#8221; _builder_version=&#8221;3.0.69&#8243; header_font=&#8221;|on|||&#8221; header_font_size=&#8221;22px&#8221; url_new_window=&#8221;off&#8221; use_circle=&#8221;off&#8221; use_circle_border=&#8221;off&#8221; background_layout=&#8221;light&#8221; border_style=&#8221;solid&#8221; \/][et_pb_blurb title=&#8221;Mostrar las actividades a audiencias apropiadas&#8221; use_icon=&#8221;on&#8221; font_icon=&#8221;%%42%%&#8221; icon_color=&#8221;#333333&#8243; icon_placement=&#8221;left&#8221; animation=&#8221;off&#8221; use_icon_font_size=&#8221;on&#8221; icon_font_size=&#8221;32px&#8221; _builder_version=&#8221;3.0.69&#8243; header_font=&#8221;|on|||&#8221; header_font_size=&#8221;22px&#8221; url_new_window=&#8221;off&#8221; use_circle=&#8221;off&#8221; use_circle_border=&#8221;off&#8221; background_layout=&#8221;light&#8221; border_style=&#8221;solid&#8221; \/][\/et_pb_column][et_pb_column type=&#8221;1_4&#8243;][et_pb_blurb title=&#8221;Producir reportes sobre cualquier cuesti\u00f3n pendiente&#8221; use_icon=&#8221;on&#8221; font_icon=&#8221;%%42%%&#8221; icon_color=&#8221;#333333&#8243; icon_placement=&#8221;left&#8221; animation=&#8221;off&#8221; use_icon_font_size=&#8221;on&#8221; icon_font_size=&#8221;32px&#8221; _builder_version=&#8221;3.0.69&#8243; header_font=&#8221;|on|||&#8221; header_font_size=&#8221;22px&#8221; url_new_window=&#8221;off&#8221; use_circle=&#8221;off&#8221; use_circle_border=&#8221;off&#8221; background_layout=&#8221;light&#8221; border_style=&#8221;solid&#8221; \/][et_pb_blurb title=&#8221;Proporcionar direcci\u00f3n sobre las cuestiones pendientes&#8221; use_icon=&#8221;on&#8221; font_icon=&#8221;%%42%%&#8221; icon_color=&#8221;#333333&#8243; icon_placement=&#8221;left&#8221; animation=&#8221;off&#8221; use_icon_font_size=&#8221;on&#8221; icon_font_size=&#8221;32px&#8221; _builder_version=&#8221;3.0.69&#8243; header_font=&#8221;|on|||&#8221; header_font_size=&#8221;22px&#8221; url_new_window=&#8221;off&#8221; use_circle=&#8221;off&#8221; use_circle_border=&#8221;off&#8221; background_layout=&#8221;light&#8221; border_style=&#8221;solid&#8221; \/][\/et_pb_column][\/et_pb_row][\/et_pb_section][et_pb_section bb_built=&#8221;1&#8243; _builder_version=&#8221;3.0.66&#8243; parallax=&#8221;on&#8221; background_color=&#8221;#222&#8243;][et_pb_row custom_width_px=&#8221;1326px&#8221; use_custom_gutter=&#8221;on&#8221; gutter_width=&#8221;4&#8243; _builder_version=&#8221;3.0.64&#8243;][et_pb_column type=&#8221;4_4&#8243;][et_pb_text background_layout=&#8221;dark&#8221; text_orientation=&#8221;center&#8221; _builder_version=&#8221;3.0.69&#8243; border_style=&#8221;solid&#8221; module_alignment=&#8221;center&#8221;]<\/p>\n<h2><strong>Servicio de Actualizaci\u00f3n de Forms con PITSS.CON<\/strong><\/h2>\n<p>Basados en la amplia base de conocimiento de PITSS.CON, ofrecemos servicios para actualizar cualquier aplicaci\u00f3n creada en Oracle Forms de manera r\u00e1pida, y econ\u00f3mica que cualquier otro proveedor de servicios. Dicha actualizaci\u00f3n se hace hacia la versi\u00f3n m\u00e1s reciente.<\/p>\n<p>Si se solicita, incluso ofrecemos servicios con un precio fijo para minimizar el riesgo de superar los objetivos presupuestarios.<\/p>\n<p>[\/et_pb_text][et_pb_divider color=&#8221;rgba(0,0,0,0.3)&#8221; height=&#8221;5px&#8221; divider_style=&#8221;solid&#8221; divider_position=&#8221;top&#8221; divider_weight=&#8221;5px&#8221; _builder_version=&#8221;3.0.51&#8243; custom_css_main_element=&#8221;border-radius:5px!important; overflow:hidden;||&#8221; show_divider=&#8221;on&#8221; disabled_on=&#8221;on|on|off&#8221; \/][et_pb_text background_layout=&#8221;dark&#8221; text_orientation=&#8221;center&#8221; _builder_version=&#8221;3.0.69&#8243; border_style=&#8221;solid&#8221; module_alignment=&#8221;center&#8221;]<\/p>\n<h2><strong>Servicio de Migraci\u00f3n de Oracle Forms a ADF o Apex<\/strong><\/h2>\n<p>S\u00f3lo PITSS.CON prepara la aplicaci\u00f3n en Oracle Forms para la migraci\u00f3n mediante la eliminaci\u00f3n de c\u00f3digo muerto o realiza reingenier\u00eda en la l\u00f3gica de negocios para cumplir con los nuevos est\u00e1ndares de arquitectura de software de la plataforma de destino.<\/p>\n<p>En comparaci\u00f3n con otros escenarios de migraci\u00f3n, que mantienen la antigua estructura de codificaci\u00f3n en Forms, este proceso garantiza una mayor calidad de c\u00f3digo y, lo que es m\u00e1s importante, evita un c\u00f3digo no sostenible que normalmente se genera mediante otras herramientas de conversi\u00f3n automatizadas. Proporcionamos servicios expertos para migrar cualquier aplicaci\u00f3n Oracle a ADF, APEX o Java, siguiendo este proceso para asegurar y entregar la mayor calidad de c\u00f3digo migrado. PITSS proporciona capacitaci\u00f3n de la herramienta a los desarrolladores de Oracle Forms.<\/p>\n<p>Si se solicita, incluso ofrecemos servicios como una oferta de precio fijo para minimizar el riesgo de superar los objetivos presupuestarios.<\/p>\n<p>[\/et_pb_text][\/et_pb_column][\/et_pb_row][\/et_pb_section][et_pb_section bb_built=&#8221;1&#8243; background_color=&#8221;#006bb3&#8243; custom_padding=&#8221;30px||30px|&#8221; _builder_version=&#8221;3.0.66&#8243; custom_padding_tablet=&#8221;50px|0|50px|0&#8243; custom_padding_last_edited=&#8221;on|desktop&#8221; global_module=&#8221;108&#8243;][et_pb_row global_parent=&#8221;108&#8243; make_fullwidth=&#8221;on&#8221; custom_padding=&#8221;0px||0px|&#8221; _builder_version=&#8221;3.0.66&#8243;][et_pb_column type=&#8221;1_2&#8243;][et_pb_text global_parent=&#8221;108&#8243; background_layout=&#8221;dark&#8221; module_class=&#8221;mobile-centered&#8221; _builder_version=&#8221;3.0.69&#8243;]<\/p>\n<h3 style=\"font-size: 31px; padding: 0; padding-top: 2px;\"><strong>\u00bfListo para comenzar?<\/strong><\/h3>\n<p>[\/et_pb_text][\/et_pb_column][et_pb_column type=&#8221;1_2&#8243;][et_pb_button global_parent=&#8221;108&#8243; button_url=&#8221;\/mx\/contact&#8221; button_text=&#8221;Cont\u00e1ctenos Hoy&#8221; button_alignment=&#8221;right&#8221; background_layout=&#8221;dark&#8221; _builder_version=&#8221;3.0.69&#8243; background_color=&#8221;#006bb3&#8243; \/][\/et_pb_column][\/et_pb_row][\/et_pb_section]<\/p>\n","protected":false},"excerpt":{"rendered":"<p>\u00bfQuisiera desarrollar y mantener eficientemente aplicaciones creadas en Oracle Forms? Traemos la experiencia de muchos proyectos en su formaci\u00f3 Invierta en su futuro y el de sus empleados. Capacitaci\u00f3n de PITSS.CON costeable para todo su equipo de trabajo. Capacitaci\u00f3n de PITSS.CON PITSS ofrece servicios complementarios que permiten a los clientes y socios utilizar de manera [&hellip;]<\/p>\n","protected":false},"author":19,"featured_media":0,"parent":53,"menu_order":0,"comment_status":"closed","ping_status":"closed","template":"","meta":{"_et_pb_use_builder":"on","_et_pb_old_content":"","_et_gb_content_width":"","footnotes":""},"class_list":["post-57","page","type-page","status-publish","hentry"],"_links":{"self":[{"href":"https:\/\/pitss.org\/mx\/wp-json\/wp\/v2\/pages\/57","targetHints":{"allow":["GET"]}}],"collection":[{"href":"https:\/\/pitss.org\/mx\/wp-json\/wp\/v2\/pages"}],"about":[{"href":"https:\/\/pitss.org\/mx\/wp-json\/wp\/v2\/types\/page"}],"author":[{"embeddable":true,"href":"https:\/\/pitss.org\/mx\/wp-json\/wp\/v2\/users\/19"}],"replies":[{"embeddable":true,"href":"https:\/\/pitss.org\/mx\/wp-json\/wp\/v2\/comments?post=57"}],"version-history":[{"count":11,"href":"https:\/\/pitss.org\/mx\/wp-json\/wp\/v2\/pages\/57\/revisions"}],"predecessor-version":[{"id":367,"href":"https:\/\/pitss.org\/mx\/wp-json\/wp\/v2\/pages\/57\/revisions\/367"}],"up":[{"embeddable":true,"href":"https:\/\/pitss.org\/mx\/wp-json\/wp\/v2\/pages\/53"}],"wp:attachment":[{"href":"https:\/\/pitss.org\/mx\/wp-json\/wp\/v2\/media?parent=57"}],"curies":[{"name":"wp","href":"https:\/\/api.w.org\/{rel}","templated":true}]}}