{"id":53,"date":"2017-08-04T16:55:57","date_gmt":"2017-08-04T16:55:57","guid":{"rendered":"https:\/\/pitss.org\/mx\/?page_id=53"},"modified":"2017-08-31T14:53:22","modified_gmt":"2017-08-31T14:53:22","slug":"pitss-con","status":"publish","type":"page","link":"https:\/\/pitss.org\/mx\/products\/pitss-con\/","title":{"rendered":"PITSS.CON"},"content":{"rendered":"<p>[et_pb_section bb_built=&#8221;1&#8243; admin_label=&#8221;section&#8221; custom_padding=&#8221;|||&#8221; padding_mobile=&#8221;off&#8221; fullwidth=&#8221;on&#8221; _builder_version=&#8221;3.0.47&#8243;][et_pb_fullwidth_slider admin_label=&#8221;Header (Fullwidth Slider)&#8221; auto=&#8221;on&#8221; _builder_version=&#8221;3.0.69&#8243; header_font=&#8221;|on|||&#8221; header_font_size=&#8221;50&#8243; body_font_size=&#8221;20&#8243; custom_button=&#8221;on&#8221; button_use_icon=&#8221;off&#8221;] [et_pb_slide heading=&#8221;PITSS.CON&#8221; button_text=&#8221;EMPIECE A USAR PITSS.CON HOY&#8221; button_link=&#8221;\/mx\/contact&#8221; background_image=&#8221;https:\/\/pitss.org\/mx\/wp-content\/uploads\/sites\/10\/2017\/08\/wallpaper8.jpg&#8221; use_bg_overlay=&#8221;on&#8221; bg_overlay_color=&#8221;rgba(0,0,0,0.65)&#8221; use_text_overlay=&#8221;off&#8221; _builder_version=&#8221;3.0.47&#8243; header_font=&#8221;||||&#8221; body_font=&#8221;||||&#8221; custom_button=&#8221;off&#8221; button_icon_placement=&#8221;right&#8221; button_on_hover=&#8221;on&#8221;] La primera plataforma para actualizaci\u00f3n, modernizaci\u00f3n y an\u00e1lisis de Oracle Forms. [\/et_pb_slide] [\/et_pb_fullwidth_slider][\/et_pb_section][et_pb_section bb_built=&#8221;1&#8243; admin_label=&#8221;section&#8221; custom_padding=&#8221;|||&#8221; padding_mobile=&#8221;off&#8221; _builder_version=&#8221;3.0.47&#8243;][et_pb_row admin_label=&#8221;row&#8221; custom_padding=&#8221;0px|||&#8221; padding_mobile=&#8221;off&#8221; column_padding_mobile=&#8221;on&#8221; background_position_1=&#8221;top_left&#8221; background_repeat_1=&#8221;no-repeat&#8221; module_class=&#8221;mobile-top-padding&#8221; _builder_version=&#8221;3.0.69&#8243; background_size=&#8221;initial&#8221; background_position=&#8221;top_left&#8221; background_repeat=&#8221;repeat&#8221;][et_pb_column type=&#8221;4_4&#8243;][et_pb_text admin_label=&#8221;Oracle Forms Transformation (Text)&#8221; text_orientation=&#8221;center&#8221; _builder_version=&#8221;3.0.69&#8243; background_size=&#8221;initial&#8221; background_position=&#8221;top_left&#8221; background_repeat=&#8221;repeat&#8221;]<\/p>\n<h1><strong>Actualizaci\u00f3n, Migraci\u00f3n y An\u00e1lisis de Oracle Forms.<\/strong><\/h1>\n<p>Nuestra herramienta PITSS.CON es una plataforma de trasformaci\u00f3n todo en uno de Oracle Forms. P\u00f3ngase en contacto con nosotros para saber c\u00f3mo puede utilizar PITSS.CON y aprovechar al m\u00e1ximo sus aplicaciones creadas en Oracle Forms.<\/p>\n<p>[\/et_pb_text][\/et_pb_column][\/et_pb_row][et_pb_row admin_label=&#8221;row&#8221; make_fullwidth=&#8221;on&#8221; use_custom_gutter=&#8221;on&#8221; gutter_width=&#8221;2&#8243; custom_padding=&#8221;0px||0px|&#8221; padding_mobile=&#8221;off&#8221; make_equal=&#8221;on&#8221; column_padding_mobile=&#8221;on&#8221; background_color_1=&#8221;#006bb3&#8243; background_color_2=&#8221;#006bb3&#8243; background_color_3=&#8221;#006bb3&#8243; background_color_4=&#8221;#006bb3&#8243; padding_bottom_1=&#8221;30px&#8221; padding_bottom_2=&#8221;30px&#8221; padding_bottom_3=&#8221;30px&#8221; padding_bottom_4=&#8221;30px&#8221; module_class=&#8221;mobile-both-padding&#8221; _builder_version=&#8221;3.0.47&#8243; background_size=&#8221;initial&#8221; background_position=&#8221;top_left&#8221; background_repeat=&#8221;repeat&#8221; locked=&#8221;off&#8221;][et_pb_column type=&#8221;1_4&#8243;][et_pb_blurb admin_label=&#8221;Analysis and Analytics (Blurb)&#8221; title=&#8221;An\u00e1lisis y Datos&#8221; url=&#8221;#analysis&#8221; use_icon=&#8221;on&#8221; font_icon=&#8221;T&#8221; icon_color=&#8221;#ffffff&#8221; animation=&#8221;off&#8221; background_layout=&#8221;dark&#8221; text_orientation=&#8221;center&#8221; use_icon_font_size=&#8221;on&#8221; icon_font_size=&#8221;40px&#8221; _builder_version=&#8221;3.0.69&#8243; header_font=&#8221;|on|||&#8221; header_font_size=&#8221;24&#8243; background_color=&#8221;#006bb3&#8243; background_size=&#8221;initial&#8221; background_position=&#8221;top_left&#8221; background_repeat=&#8221;repeat&#8221; custom_margin=&#8221;|||&#8221; custom_padding=&#8221;30px|20px|0px|20px&#8221; custom_css_blurb_image=&#8221;margin-bottom:15px;&#8221; saved_tabs=&#8221;all&#8221; \/][et_pb_button button_url=&#8221;#analysis&#8221; button_text=&#8221;SABER M\u00c1S&#8221; button_alignment=&#8221;center&#8221; background_layout=&#8221;dark&#8221; _builder_version=&#8221;3.0.69&#8243; custom_button=&#8221;on&#8221; button_use_icon=&#8221;off&#8221; background_color=&#8221;#006bb3&#8243; \/][\/et_pb_column][et_pb_column type=&#8221;1_4&#8243;][et_pb_blurb admin_label=&#8221;Code Reengineering (Blurb)&#8221; title=&#8221;Ingenier\u00eda de C\u00f3digo&#8221; url=&#8221;#reengineering&#8221; use_icon=&#8221;on&#8221; font_icon=&#8221;\ue038&#8221; icon_color=&#8221;#ffffff&#8221; animation=&#8221;off&#8221; background_layout=&#8221;dark&#8221; text_orientation=&#8221;center&#8221; use_icon_font_size=&#8221;on&#8221; icon_font_size=&#8221;40px&#8221; _builder_version=&#8221;3.0.69&#8243; header_font=&#8221;|on|||&#8221; header_font_size=&#8221;24&#8243; background_color=&#8221;#006bb3&#8243; background_size=&#8221;initial&#8221; background_position=&#8221;top_left&#8221; background_repeat=&#8221;repeat&#8221; custom_margin=&#8221;|||&#8221; custom_padding=&#8221;30px|20px|0px|20px&#8221; custom_css_blurb_image=&#8221;margin-bottom:15px;&#8221; saved_tabs=&#8221;all&#8221; \/][et_pb_button button_url=&#8221;#reengineering&#8221; button_text=&#8221;SABER M\u00c1S&#8221; button_alignment=&#8221;center&#8221; background_layout=&#8221;dark&#8221; _builder_version=&#8221;3.0.69&#8243; custom_button=&#8221;on&#8221; button_use_icon=&#8221;off&#8221; background_color=&#8221;#006bb3&#8243; \/][\/et_pb_column][et_pb_column type=&#8221;1_4&#8243;][et_pb_blurb admin_label=&#8221;System Documentation (Blurb)&#8221; title=&#8221;Documentaci\u00f3n de C\u00f3digo&#8221; url=&#8221;#documentation&#8221; use_icon=&#8221;on&#8221; font_icon=&#8221;i&#8221; icon_color=&#8221;#ffffff&#8221; animation=&#8221;off&#8221; background_layout=&#8221;dark&#8221; text_orientation=&#8221;center&#8221; use_icon_font_size=&#8221;on&#8221; icon_font_size=&#8221;40px&#8221; _builder_version=&#8221;3.0.69&#8243; header_font=&#8221;|on|||&#8221; header_font_size=&#8221;24&#8243; background_color=&#8221;#006bb3&#8243; background_size=&#8221;initial&#8221; background_position=&#8221;top_left&#8221; background_repeat=&#8221;repeat&#8221; custom_margin=&#8221;|||&#8221; custom_padding=&#8221;30px|20px|0px|20px&#8221; custom_css_blurb_image=&#8221;margin-bottom:15px;&#8221; saved_tabs=&#8221;all&#8221; \/][et_pb_button button_url=&#8221;#documentation&#8221; button_text=&#8221;SABER M\u00c1S&#8221; button_alignment=&#8221;center&#8221; background_layout=&#8221;dark&#8221; _builder_version=&#8221;3.0.69&#8243; custom_button=&#8221;on&#8221; button_use_icon=&#8221;off&#8221; background_color=&#8221;#006bb3&#8243; \/][\/et_pb_column][et_pb_column type=&#8221;1_4&#8243;][et_pb_blurb admin_label=&#8221;(Extract Business Logic) Blurb&#8221; title=&#8221;Extracci\u00f3n de L\u00f3gica de Negocios&#8221; url=&#8221;#business-logic&#8221; use_icon=&#8221;on&#8221; font_icon=&#8221;\ue021&#8221; icon_color=&#8221;#ffffff&#8221; animation=&#8221;off&#8221; background_layout=&#8221;dark&#8221; text_orientation=&#8221;center&#8221; use_icon_font_size=&#8221;on&#8221; icon_font_size=&#8221;40px&#8221; _builder_version=&#8221;3.0.69&#8243; header_font=&#8221;|on|||&#8221; header_font_size=&#8221;24&#8243; background_color=&#8221;#006bb3&#8243; background_size=&#8221;initial&#8221; background_position=&#8221;top_left&#8221; background_repeat=&#8221;repeat&#8221; custom_margin=&#8221;|||&#8221; custom_padding=&#8221;30px|20px|0px|20px&#8221; custom_css_blurb_image=&#8221;margin-bottom:15px;&#8221; saved_tabs=&#8221;all&#8221; \/][et_pb_button button_url=&#8221;#business-logic&#8221; button_text=&#8221;SABER M\u00c1S&#8221; button_alignment=&#8221;center&#8221; background_layout=&#8221;dark&#8221; _builder_version=&#8221;3.0.69&#8243; custom_button=&#8221;on&#8221; button_use_icon=&#8221;off&#8221; background_color=&#8221;#006bb3&#8243; \/][\/et_pb_column][\/et_pb_row][\/et_pb_section][et_pb_section bb_built=&#8221;1&#8243; admin_label=&#8221;section&#8221; background_color=&#8221;#000000&#8243; custom_padding=&#8221;38px|0px|30px|0px&#8221; _builder_version=&#8221;3.0.63&#8243; background_image=&#8221;https:\/\/pitss.org\/mx\/wp-content\/uploads\/sites\/10\/2017\/08\/pattern.jpg&#8221; parallax=&#8221;on&#8221; custom_css_main_element=&#8221;background-repeat: repeat !important; background-size: auto !important;&#8221;][et_pb_row admin_label=&#8221;row&#8221; custom_padding=&#8221;0px|0px|0px|0px&#8221; column_padding_mobile=&#8221;on&#8221; module_class=&#8221;mobile-both-padding button-centered&#8221; _builder_version=&#8221;3.0.63&#8243; background_size=&#8221;initial&#8221; background_position=&#8221;top_left&#8221; background_repeat=&#8221;repeat&#8221;][et_pb_column type=&#8221;1_2&#8243;][et_pb_text admin_label=&#8221;Get Started with PITSS.CON Today. (Text)&#8221; background_layout=&#8221;dark&#8221; module_class=&#8221;mobile-centered&#8221; _builder_version=&#8221;3.0.69&#8243; background_size=&#8221;initial&#8221; background_position=&#8221;top_left&#8221; background_repeat=&#8221;repeat&#8221;]<\/p>\n<h2><strong>Empiece a usar PITSS.CON Hoy.<\/strong><\/h2>\n<p>[\/et_pb_text][\/et_pb_column][et_pb_column type=&#8221;1_2&#8243;][et_pb_button admin_label=&#8221;Contact Our Team (Button)&#8221; button_url=&#8221;\/mx\/contact&#8221; button_text=&#8221;CONTACTE A NUESTRO EQUIPO&#8221; button_alignment=&#8221;right&#8221; background_layout=&#8221;dark&#8221; _builder_version=&#8221;3.0.69&#8243; background_color=&#8221;#006bb3&#8243; \/][\/et_pb_column][\/et_pb_row][\/et_pb_section][et_pb_section bb_built=&#8221;1&#8243; admin_label=&#8221;section&#8221; _builder_version=&#8221;3.0.47&#8243;][et_pb_row admin_label=&#8221;row&#8221; column_padding_mobile=&#8221;on&#8221; module_class_1=&#8221;desktop-column&#8221; module_id=&#8221;analysis&#8221; module_class=&#8221;mobile-both-padding&#8221; _builder_version=&#8221;3.0.47&#8243; background_size=&#8221;initial&#8221; background_position=&#8221;top_left&#8221; background_repeat=&#8221;repeat&#8221;][et_pb_column type=&#8221;1_4&#8243;][et_pb_blurb use_icon=&#8221;on&#8221; font_icon=&#8221;T&#8221; animation=&#8221;off&#8221; text_orientation=&#8221;center&#8221; use_icon_font_size=&#8221;on&#8221; icon_font_size=&#8221;120px&#8221; _builder_version=&#8221;3.0.69&#8243; header_font_size=&#8221;24&#8243; background_size=&#8221;initial&#8221; background_position=&#8221;top_left&#8221; background_repeat=&#8221;repeat&#8221; \/][\/et_pb_column][et_pb_column type=&#8221;3_4&#8243;][et_pb_text admin_label=&#8221;Oracle Forms Analysis (Text)&#8221; disabled_on=&#8221;off|off|off&#8221; _builder_version=&#8221;3.0.69&#8243; background_size=&#8221;initial&#8221; background_position=&#8221;top_left&#8221; background_repeat=&#8221;repeat&#8221;]<\/p>\n<h2><strong>An\u00e1lisis de Oracle Forms<\/strong><\/h2>\n<p>Comprenda como su c\u00f3digo puede afectar su sistema empresarial. Con la ayuda de PITSS.CON puede tener un panorama completo del funcionamiento de su aplicaci\u00f3n y as\u00ed saber c\u00f3mo afecta a las partes m\u00e1s importantes de su negocio.<\/p>\n<p>PITSS.CON le da un an\u00e1lisis completo, lo que nos permite crear una imagen clara de su aplicaci\u00f3n. Con un an\u00e1lisis de actualizaci\u00f3n y la ayuda de PITSS.CON, le mostramos los procesos que pueden ser automatizados, los potencialmente automatizados y los procesos manuales necesarios para as\u00ed actualizar o migrar. Le proporcionamos una estimaci\u00f3n de costos de todo el proceso de actualizaci\u00f3n, desde la infraestructura hasta la planificaci\u00f3n del proyecto, incluyendo cualquier cambio manual necesario en el c\u00f3digo. Podemos ayudarle a planificar con precisi\u00f3n su proyecto de actualizaci\u00f3n.<\/p>\n<h4 style=\"margin-top: 15px;\"><strong>Un an\u00e1lisis en PITSS.CON puede ayudar a identificar:<\/strong><\/h4>\n<ul>\n<li>C\u00f3digo fuente cargado y analizado<\/li>\n<li>Dependencias en el repositorio de PITSS.CON<\/li>\n<li>C\u00f3digo obsoleto reemplazable e irreemplazable<\/li>\n<li>Funciones cr\u00edticas build-ins<\/li>\n<li>Objetos obsoletos<\/li>\n<li>Y m\u00e1s<\/li>\n<\/ul>\n<p>&lt;\/p?ppitss.con&gt; [\/et_pb_text][et_pb_divider color=&#8221;rgba(0,0,0,0.1)&#8221; height=&#8221;5px&#8221; divider_style=&#8221;solid&#8221; divider_position=&#8221;top&#8221; divider_weight=&#8221;5px&#8221; _builder_version=&#8221;3.0.51&#8243; custom_css_main_element=&#8221;border-radius:5px!important; overflow:hidden;&#8221; show_divider=&#8221;on&#8221; \/][\/et_pb_column][\/et_pb_row][et_pb_row admin_label=&#8221;row&#8221; padding_mobile=&#8221;off&#8221; column_padding_mobile=&#8221;on&#8221; module_class_2=&#8221;desktop-column&#8221; module_id=&#8221;reengineering&#8221; module_class=&#8221;mobile-bottom-padding&#8221; _builder_version=&#8221;3.0.47&#8243; background_size=&#8221;initial&#8221; background_position=&#8221;top_left&#8221; background_repeat=&#8221;repeat&#8221;][et_pb_column type=&#8221;3_4&#8243;][et_pb_text admin_label=&#8221;Code Reengineering (Text)&#8221; text_orientation=&#8221;right&#8221; module_id=&#8221;reengineering&#8221; module_class=&#8221;reengineering&#8221; _builder_version=&#8221;3.0.69&#8243; background_size=&#8221;initial&#8221; background_position=&#8221;top_left&#8221; background_repeat=&#8221;repeat&#8221;]<\/p>\n<h2><strong>Reingenier\u00eda de c\u00f3digo de Software<\/strong><\/h2>\n<p>Cuando las compa\u00f1\u00edas heredan aplicaciones antiguas as\u00ed c\u00f3mo infraestructura, tienen que reponerse por a\u00f1os, a veces d\u00e9cadas, de deudas t\u00e9cnicas. Usando PITSS.CON, analizamos, reestructuramos su c\u00f3digo existente hecho en Oracle Forms. Esto preserva su inversi\u00f3n t\u00e9cnica y reduce en general el tiempo de desarrollo del proyecto, costo y riesgo<\/p>\n<p>[\/et_pb_text][et_pb_divider color=&#8221;rgba(0,0,0,0.1)&#8221; height=&#8221;5px&#8221; divider_style=&#8221;solid&#8221; divider_position=&#8221;top&#8221; divider_weight=&#8221;5px&#8221; _builder_version=&#8221;3.0.51&#8243; custom_css_main_element=&#8221;border-radius:5px!important; overflow:hidden;&#8221; show_divider=&#8221;on&#8221; \/][\/et_pb_column][et_pb_column type=&#8221;1_4&#8243;][et_pb_blurb use_icon=&#8221;on&#8221; font_icon=&#8221;\ue038&#8221; animation=&#8221;off&#8221; text_orientation=&#8221;center&#8221; use_icon_font_size=&#8221;on&#8221; icon_font_size=&#8221;120px&#8221; _builder_version=&#8221;3.0.69&#8243; header_font_size=&#8221;24&#8243; background_size=&#8221;initial&#8221; background_position=&#8221;top_left&#8221; background_repeat=&#8221;repeat&#8221; \/][\/et_pb_column][\/et_pb_row][et_pb_row admin_label=&#8221;row&#8221; padding_mobile=&#8221;off&#8221; column_padding_mobile=&#8221;on&#8221; module_class_1=&#8221;desktop-column&#8221; module_id=&#8221;documentation&#8221; module_class=&#8221;mobile-bottom-padding&#8221; _builder_version=&#8221;3.0.47&#8243; background_size=&#8221;initial&#8221; background_position=&#8221;top_left&#8221; background_repeat=&#8221;repeat&#8221;][et_pb_column type=&#8221;1_4&#8243;][et_pb_blurb use_icon=&#8221;on&#8221; font_icon=&#8221;m&#8221; animation=&#8221;off&#8221; text_orientation=&#8221;center&#8221; use_icon_font_size=&#8221;on&#8221; icon_font_size=&#8221;120px&#8221; _builder_version=&#8221;3.0.69&#8243; header_font_size=&#8221;24&#8243; background_size=&#8221;initial&#8221; background_position=&#8221;top_left&#8221; background_repeat=&#8221;repeat&#8221; \/][\/et_pb_column][et_pb_column type=&#8221;3_4&#8243;][et_pb_text admin_label=&#8221;Legacy System Documentation (Text)&#8221; _builder_version=&#8221;3.0.69&#8243; background_size=&#8221;initial&#8221; background_position=&#8221;top_left&#8221; background_repeat=&#8221;repeat&#8221;]<\/p>\n<h2><strong>Documentaci\u00f3n de Oracle Forms<\/strong><\/h2>\n<p>Sin documentaci\u00f3n, la importancia de su aplicaci\u00f3n puede perderse. Desde aplicaciones que ya no tienen soporte, empleados que renuncian y se llevan el conocimiento con ellos, la documentaci\u00f3n alivia algunos de los riesgos heredados de aplicaciones antiguas de Oracle Forms. PITSS.CON documenta el c\u00f3digo de suma importancia y procesos de su aplicaci\u00f3n. Esto le puede ayudar a explicar a usuarios y desarrolladores c\u00f3mo su sistema es usado y opera.<\/p>\n<p>Realizamos un an\u00e1lisis completo de su aplicaci\u00f3n desde el detalle m\u00e1s peque\u00f1o con PITSS.CON. Despu\u00e9s, presentamos los resultados y le consultamos sobre los siguientes pasos a seguir. Proveemos toda la informaci\u00f3n de importancia sobre su aplicaci\u00f3n, incluyendo la distribuci\u00f3n del c\u00f3digo, tama\u00f1o de programas, l\u00edneas de c\u00f3digo, l\u00edneas documentadas y un an\u00e1lisis de complejidad.<\/p>\n<p>Usted recibe una evaluaci\u00f3n inicial de su aplicaci\u00f3n y el tiempo requerido por cualquier desarrollador o proyecto de modernizaci\u00f3n, evitando as\u00ed errores de decisiones, preservaci\u00f3n de la inversi\u00f3n y ahorro de tiempo y dinero.<\/p>\n<p>[\/et_pb_text][et_pb_divider color=&#8221;rgba(0,0,0,0.1)&#8221; height=&#8221;5px&#8221; divider_style=&#8221;solid&#8221; divider_position=&#8221;top&#8221; divider_weight=&#8221;5px&#8221; _builder_version=&#8221;3.0.51&#8243; custom_css_main_element=&#8221;border-radius:5px!important; overflow:hidden;&#8221; show_divider=&#8221;on&#8221; \/][\/et_pb_column][\/et_pb_row][et_pb_row admin_label=&#8221;row&#8221; padding_mobile=&#8221;off&#8221; column_padding_mobile=&#8221;on&#8221; module_class_2=&#8221;desktop-column&#8221; module_id=&#8221;modernization&#8221; module_class=&#8221;mobile-bottom-padding&#8221; _builder_version=&#8221;3.0.47&#8243; background_size=&#8221;initial&#8221; background_position=&#8221;top_left&#8221; background_repeat=&#8221;repeat&#8221;][et_pb_column type=&#8221;3_4&#8243;][et_pb_text admin_label=&#8221;Oracle Forms Modernization (Text)&#8221; text_orientation=&#8221;right&#8221; _builder_version=&#8221;3.0.69&#8243; background_size=&#8221;initial&#8221; background_position=&#8221;top_left&#8221; background_repeat=&#8221;repeat&#8221;]<\/p>\n<h2><strong>Modernizaci\u00f3n de Oracle Forms<\/strong><\/h2>\n<p>A pesar de algunos comentarios en contra, hay futuro para Oracle Forms. Si su estrategia es seguir usando sus sistemas heredados en Oracle Forms para proteger sus inversiones, PITSS.CON le puede ayudar, usando nuestra plataforma de transformaci\u00f3n digital en conjunci\u00f3n con nuestra industria de mejoras pr\u00e1cticas y un equipo de servicio completo de desarrolladores, somos los expertos en modernizaci\u00f3n de Oracle Forms y de estrategia.<\/p>\n<p>[\/et_pb_text][et_pb_divider color=&#8221;rgba(0,0,0,0.1)&#8221; height=&#8221;5px&#8221; divider_style=&#8221;solid&#8221; divider_position=&#8221;top&#8221; divider_weight=&#8221;5px&#8221; _builder_version=&#8221;3.0.51&#8243; custom_css_main_element=&#8221;border-radius:5px!important; overflow:hidden;&#8221; show_divider=&#8221;on&#8221; \/][\/et_pb_column][et_pb_column type=&#8221;1_4&#8243;][et_pb_blurb use_icon=&#8221;on&#8221; font_icon=&#8221;\ue002&#8221; animation=&#8221;off&#8221; text_orientation=&#8221;center&#8221; use_icon_font_size=&#8221;on&#8221; icon_font_size=&#8221;120px&#8221; _builder_version=&#8221;3.0.69&#8243; header_font_size=&#8221;24&#8243; background_size=&#8221;initial&#8221; background_position=&#8221;top_left&#8221; background_repeat=&#8221;repeat&#8221; \/][\/et_pb_column][\/et_pb_row][et_pb_row admin_label=&#8221;row&#8221; padding_mobile=&#8221;off&#8221; column_padding_mobile=&#8221;on&#8221; module_class_1=&#8221;desktop-column&#8221; module_id=&#8221;business-logic&#8221; module_class=&#8221;mobile-bottom-padding&#8221; _builder_version=&#8221;3.0.47&#8243; background_size=&#8221;initial&#8221; background_position=&#8221;top_left&#8221; background_repeat=&#8221;repeat&#8221;][et_pb_column type=&#8221;1_4&#8243;][et_pb_blurb use_icon=&#8221;on&#8221; font_icon=&#8221;\ue021&#8221; animation=&#8221;off&#8221; text_orientation=&#8221;center&#8221; use_icon_font_size=&#8221;on&#8221; icon_font_size=&#8221;120px&#8221; _builder_version=&#8221;3.0.69&#8243; header_font_size=&#8221;24&#8243; background_size=&#8221;initial&#8221; background_position=&#8221;top_left&#8221; background_repeat=&#8221;repeat&#8221; \/][\/et_pb_column][et_pb_column type=&#8221;3_4&#8243;][et_pb_text admin_label=&#8221;Extracted Business Logic (Text)&#8221; _builder_version=&#8221;3.0.69&#8243; background_size=&#8221;initial&#8221; background_position=&#8221;top_left&#8221; background_repeat=&#8221;repeat&#8221;]<\/p>\n<h2><strong>L\u00f3gica de Negocios Extra\u00edda<\/strong><\/h2>\n<p>Si desea preservar su inversi\u00f3n, tiene sentido extraer, conservar y reutilizar su c\u00f3digo existente. PITSS.CON analiza su c\u00f3digo y extrae las reglas de negocio. Personalmente revisamos su c\u00f3digo para entender como puede ser reformado y reutilizado para adaptarse a sus nuevos objetivos de negocio. Finalmente, dise\u00f1amos un plan para ayudarlo a alcanzar esos objetivos con la ayuda de l\u00f3gica de negocio extra\u00edda.<\/p>\n<p>Nuestra herramienta se especializa en extraer l\u00f3gica de negocio en PL\/SQL, este un lenguaje de procedimiento extensi\u00f3n de Lenguaje de Consulta Estructurado (SQL) dentro de la base de datos de Oracle. PL\/SQL combina lenguaje de base de datos y lenguaje de procedimiento. Sin PL\/SQL, Oracle tendr\u00eda que procesar instrucciones de SQL de manera individual, reduciendo en tr\u00e1fico y aumentando el tiempo. Los bloques PL\/SQL pueden ser compilados y almacenados en ejecutables para as\u00ed reducir el tiempo de respuesta.<\/p>\n<p>[\/et_pb_text][et_pb_text admin_label=&#8221;Oracle Forms Modernization (Text)&#8221; text_orientation=&#8221;right&#8221; _builder_version=&#8221;3.0.69&#8243; background_size=&#8221;initial&#8221; background_position=&#8221;top_left&#8221; background_repeat=&#8221;repeat&#8221; \/][\/et_pb_column][\/et_pb_row][\/et_pb_section][et_pb_section bb_built=&#8221;1&#8243; admin_label=&#8221;section&#8221; custom_padding=&#8221;0px||0px|&#8221; _builder_version=&#8221;3.0.64&#8243;][et_pb_row admin_label=&#8221;row&#8221; make_fullwidth=&#8221;on&#8221; use_custom_gutter=&#8221;on&#8221; gutter_width=&#8221;1&#8243; custom_padding=&#8221;0px||0px|&#8221; make_equal=&#8221;on&#8221; background_color_1=&#8221;rgba(0,0,0,0.6)&#8221; background_color_2=&#8221;rgba(0,0,0,0.6)&#8221; background_color_3=&#8221;rgba(0,0,0,0.6)&#8221; bg_img_1=&#8221;https:\/\/pitss.org\/mx\/wp-content\/uploads\/sites\/10\/2017\/08\/AdobeStock_87070391.jpeg&#8221; bg_img_2=&#8221;https:\/\/pitss.org\/mx\/wp-content\/uploads\/sites\/10\/2017\/08\/AdobeStock_112185177-2.jpeg&#8221; bg_img_3=&#8221;https:\/\/pitss.org\/mx\/wp-content\/uploads\/sites\/10\/2017\/08\/AdobeStock_98720873a.jpg&#8221; padding_top_1=&#8221;100px&#8221; padding_right_1=&#8221;100px&#8221; padding_bottom_1=&#8221;100px&#8221; padding_left_1=&#8221;100px&#8221; padding_top_2=&#8221;100px&#8221; padding_right_2=&#8221;100px&#8221; padding_bottom_2=&#8221;100px&#8221; padding_left_2=&#8221;100px&#8221; padding_top_3=&#8221;50px&#8221; padding_right_3=&#8221;50px&#8221; padding_bottom_3=&#8221;50px&#8221; padding_left_3=&#8221;50px&#8221; background_blend_1=&#8221;overlay&#8221; background_blend_2=&#8221;overlay&#8221; background_blend_3=&#8221;overlay&#8221; _builder_version=&#8221;3.0.64&#8243;][et_pb_column type=&#8221;1_2&#8243;][et_pb_cta title=&#8221;\u00bfBusca ayuda con Oracle Forms, ADF, APEX y Java?&#8221; button_url=&#8221;\/mx\/products\/pitss-con\/modulos&#8221; button_text=&#8221;APRENDA DE LAS OPCIONES DE PITSS.CON&#8221; use_background_color=&#8221;off&#8221; _builder_version=&#8221;3.0.69&#8243; header_font=&#8221;|on|||&#8221; header_font_size=&#8221;40px&#8221; custom_padding=&#8221;|||&#8221; \/][\/et_pb_column][et_pb_column type=&#8221;1_2&#8243;][et_pb_cta title=&#8221;\u00bfDesea desarrollar y mantener aplicaciones de Oracle Forms?&#8221; button_url=&#8221;\/mx\/products\/pitss-con\/capacitacion&#8221; button_text=&#8221;APRENDA COMO DOMINAR PITSS.CON&#8221; use_background_color=&#8221;off&#8221; _builder_version=&#8221;3.0.69&#8243; header_font=&#8221;|on|||&#8221; header_font_size=&#8221;40px&#8221; custom_padding=&#8221;|||&#8221; \/][\/et_pb_column][\/et_pb_row][\/et_pb_section][et_pb_section bb_built=&#8221;1&#8243; background_color=&#8221;#006bb3&#8243; custom_padding=&#8221;30px||30px|&#8221; _builder_version=&#8221;3.0.66&#8243; global_module=&#8221;108&#8243;][et_pb_row global_parent=&#8221;108&#8243; make_fullwidth=&#8221;on&#8221; custom_padding=&#8221;0px||0px|&#8221; _builder_version=&#8221;3.0.66&#8243;][et_pb_column type=&#8221;1_2&#8243;][et_pb_text global_parent=&#8221;108&#8243; background_layout=&#8221;dark&#8221; module_class=&#8221;mobile-centered&#8221; _builder_version=&#8221;3.0.69&#8243;]<\/p>\n<h3 style=\"font-size: 31px; padding: 0; padding-top: 2px;\"><strong>\u00bfListo para comenzar?<\/strong><\/h3>\n<p>[\/et_pb_text][\/et_pb_column][et_pb_column type=&#8221;1_2&#8243;][et_pb_button global_parent=&#8221;108&#8243; button_url=&#8221;\/mx\/contact&#8221; button_text=&#8221;Cont\u00e1ctenos Hoy&#8221; button_alignment=&#8221;right&#8221; background_layout=&#8221;dark&#8221; _builder_version=&#8221;3.0.69&#8243; background_color=&#8221;#006bb3&#8243; \/][\/et_pb_column][\/et_pb_row][\/et_pb_section]<\/p>\n","protected":false},"excerpt":{"rendered":"<p>La primera plataforma para actualizaci\u00f3n, modernizaci\u00f3n y an\u00e1lisis de Oracle Forms. Actualizaci\u00f3n, Migraci\u00f3n y An\u00e1lisis de Oracle Forms. Nuestra herramienta PITSS.CON es una plataforma de trasformaci\u00f3n todo en uno de Oracle Forms. P\u00f3ngase en contacto con nosotros para saber c\u00f3mo puede utilizar PITSS.CON y aprovechar al m\u00e1ximo sus aplicaciones creadas en Oracle Forms. Empiece a [&hellip;]<\/p>\n","protected":false},"author":19,"featured_media":0,"parent":51,"menu_order":0,"comment_status":"closed","ping_status":"closed","template":"","meta":{"_et_pb_use_builder":"on","_et_pb_old_content":"","_et_gb_content_width":"","footnotes":""},"class_list":["post-53","page","type-page","status-publish","hentry"],"_links":{"self":[{"href":"https:\/\/pitss.org\/mx\/wp-json\/wp\/v2\/pages\/53","targetHints":{"allow":["GET"]}}],"collection":[{"href":"https:\/\/pitss.org\/mx\/wp-json\/wp\/v2\/pages"}],"about":[{"href":"https:\/\/pitss.org\/mx\/wp-json\/wp\/v2\/types\/page"}],"author":[{"embeddable":true,"href":"https:\/\/pitss.org\/mx\/wp-json\/wp\/v2\/users\/19"}],"replies":[{"embeddable":true,"href":"https:\/\/pitss.org\/mx\/wp-json\/wp\/v2\/comments?post=53"}],"version-history":[{"count":18,"href":"https:\/\/pitss.org\/mx\/wp-json\/wp\/v2\/pages\/53\/revisions"}],"predecessor-version":[{"id":326,"href":"https:\/\/pitss.org\/mx\/wp-json\/wp\/v2\/pages\/53\/revisions\/326"}],"up":[{"embeddable":true,"href":"https:\/\/pitss.org\/mx\/wp-json\/wp\/v2\/pages\/51"}],"wp:attachment":[{"href":"https:\/\/pitss.org\/mx\/wp-json\/wp\/v2\/media?parent=53"}],"curies":[{"name":"wp","href":"https:\/\/api.w.org\/{rel}","templated":true}]}}