{"id":49,"date":"2017-08-04T16:55:20","date_gmt":"2017-08-04T16:55:20","guid":{"rendered":"https:\/\/pitss.org\/mx\/?page_id=49"},"modified":"2017-12-27T15:10:14","modified_gmt":"2017-12-27T15:10:14","slug":"oracle-forms-modernization","status":"publish","type":"page","link":"https:\/\/pitss.org\/mx\/solutions\/oracle-forms-modernization\/","title":{"rendered":"Modernizaci\u00f3n de Oracle Forms"},"content":{"rendered":"<p>[et_pb_section fb_built=&#8221;1&#8243; fullwidth=&#8221;on&#8221; admin_label=&#8221;section&#8221; custom_padding_last_edited=&#8221;on|desktop&#8221; _builder_version=&#8221;3.0.47&#8243; custom_padding=&#8221;|||&#8221; custom_padding_tablet=&#8221;50px|0|50px|0&#8243; padding_mobile=&#8221;off&#8221;][et_pb_fullwidth_slider _builder_version=&#8221;3.0.69&#8243; header_font=&#8221;|on|||&#8221; header_font_size=&#8221;50&#8243; body_font_size=&#8221;20&#8243; background_size=&#8221;initial&#8221; background_position=&#8221;top_left&#8221; custom_padding=&#8221;|||&#8221; custom_padding_tablet=&#8221;|||&#8221; custom_padding_phone=&#8221;|||&#8221; custom_button=&#8221;on&#8221; button_use_icon=&#8221;off&#8221; auto=&#8221;on&#8221;][et_pb_slide heading=&#8221;Modernizaci\u00f3n de Oracle Forms&#8221; button_text=&#8221;CONTACTENOS PARA MODERNIZAR SUS APLICACIONES EN ORACLE FORMS&#8221; button_link=&#8221;#contact&#8221; use_bg_overlay=&#8221;on&#8221; bg_overlay_color=&#8221;rgba(0,0,0,0.5)&#8221; use_text_overlay=&#8221;off&#8221; _builder_version=&#8221;3.0.47&#8243; header_font=&#8221;||||&#8221; body_font=&#8221;||||&#8221; background_color=&#8221;rgba(31,73,125,0.8)&#8221; background_image=&#8221;https:\/\/pitss.org\/mx\/wp-content\/uploads\/sites\/10\/2017\/08\/iStock-626469828.jpg&#8221; background_size=&#8221;initial&#8221; background_position=&#8221;bottom_center&#8221; background_blend=&#8221;hard-light&#8221; custom_button=&#8221;off&#8221; button_icon_placement=&#8221;right&#8221; button_on_hover=&#8221;on&#8221;]El envejecimiento de las aplicaciones en Oracle Forms son una de las mayores amenazas para ingresos y operaciones de su organizaci\u00f3n.<br \/>\n[\/et_pb_slide][\/et_pb_fullwidth_slider][\/et_pb_section][et_pb_section fb_built=&#8221;1&#8243; _builder_version=&#8221;3.0.65&#8243; custom_padding=&#8221;54px|0px|54px|0px&#8221;][et_pb_row make_fullwidth=&#8221;on&#8221; _builder_version=&#8221;3.0.66&#8243;][et_pb_column type=&#8221;1_2&#8243; _builder_version=&#8221;3.0.47&#8243; parallax=&#8221;off&#8221; parallax_method=&#8221;on&#8221;][et_pb_text _builder_version=&#8221;3.0.92&#8243;]<\/p>\n<h2 style=\"font-size: 30px!important;\"><strong> Modernizaci\u00f3n de Oracle Forms &#8211; \u00bfPor qu\u00e9 modernizar aplicaciones en Oracle Forms?<\/strong><\/h2>\n<h5>Si su organizaci\u00f3n se basa en sistemas Oracle Forms antiguos, es hora de considerar la modernizaci\u00f3n de aplicaciones. Estas son algunas de las razones por las que PITSS es el socio perfecto para su proyecto de modernizaci\u00f3n.<\/h5>\n<p>[\/et_pb_text][et_pb_divider color=&#8221;rgba(0,0,0,0.1)&#8221; divider_position=&#8221;top&#8221; divider_weight=&#8221;5px&#8221; height=&#8221;5px&#8221; disabled_on=&#8221;on|on|off&#8221; _builder_version=&#8221;3.0.51&#8243; custom_css_main_element=&#8221;border-radius:5px!important; overflow:hidden;&#8221; show_divider=&#8221;on&#8221;][\/et_pb_divider][\/et_pb_column][et_pb_column type=&#8221;1_4&#8243; _builder_version=&#8221;3.0.47&#8243; parallax=&#8221;off&#8221; parallax_method=&#8221;on&#8221;][et_pb_blurb title=&#8221;Tiempo&#8221; use_icon=&#8221;on&#8221; font_icon=&#8221;%%92%%&#8221; icon_placement=&#8221;left&#8221; use_icon_font_size=&#8221;on&#8221; icon_font_size=&#8221;40px&#8221; _builder_version=&#8221;3.0.69&#8243; header_font=&#8221;|on|||&#8221; header_font_size=&#8221;28px&#8221; header_text_color=&#8221;#006bb3&#8243; background_size=&#8221;initial&#8221; background_position=&#8221;top_left&#8221; background_repeat=&#8221;repeat&#8221; text_orientation=&#8221;center&#8221; custom_padding=&#8221;|||&#8221; animation=&#8221;off&#8221; custom_css_blurb_image=&#8221;padding-right: 5px;&#8221; saved_tabs=&#8221;all&#8221;]Nuestra experiencia y nuestro equipo de expertos ahorran tiempo de desarrollo en proyectos de modernizaci\u00f3n de aplicaciones de cualquier tama\u00f1o.<br \/>\n[\/et_pb_blurb][\/et_pb_column][et_pb_column type=&#8221;1_4&#8243; _builder_version=&#8221;3.0.47&#8243; parallax=&#8221;off&#8221; parallax_method=&#8221;on&#8221;][et_pb_blurb title=&#8221;Costos&#8221; use_icon=&#8221;on&#8221; font_icon=&#8221;%%155%%&#8221; icon_placement=&#8221;left&#8221; use_icon_font_size=&#8221;on&#8221; icon_font_size=&#8221;40px&#8221; _builder_version=&#8221;3.0.65&#8243; header_font=&#8221;|on|||&#8221; header_font_size=&#8221;28px&#8221; header_text_color=&#8221;#006bb3&#8243; background_size=&#8221;initial&#8221; background_position=&#8221;top_left&#8221; background_repeat=&#8221;repeat&#8221; text_orientation=&#8221;center&#8221; custom_margin=&#8221;||30px|&#8221; custom_padding=&#8221;|||&#8221; animation=&#8221;off&#8221; custom_css_blurb_image=&#8221;padding-right: 5px;&#8221; saved_tabs=&#8221;all&#8221;]Intentar su propia modernizaci\u00f3n sin el uso de nuestra herramienta PITSS.CON, podr\u00eda conllevar el incremento de gastos en su organizaci\u00f3n.<br \/>\n[\/et_pb_blurb][\/et_pb_column][\/et_pb_row][et_pb_row make_fullwidth=&#8221;on&#8221; custom_padding=&#8221;|||&#8221; custom_padding_phone=&#8221;|||&#8221; custom_padding_last_edited=&#8221;on|phone&#8221; _builder_version=&#8221;3.0.65&#8243;][et_pb_column type=&#8221;1_4&#8243; _builder_version=&#8221;3.0.47&#8243; parallax=&#8221;off&#8221; parallax_method=&#8221;on&#8221;][et_pb_blurb title=&#8221;Riesgo&#8221; use_icon=&#8221;on&#8221; font_icon=&#8221;%%81%%&#8221; icon_placement=&#8221;left&#8221; use_icon_font_size=&#8221;on&#8221; icon_font_size=&#8221;40px&#8221; _builder_version=&#8221;3.0.65&#8243; header_font=&#8221;|on|||&#8221; header_font_size=&#8221;28px&#8221; header_text_color=&#8221;#006bb3&#8243; background_size=&#8221;initial&#8221; background_position=&#8221;top_left&#8221; background_repeat=&#8221;repeat&#8221; text_orientation=&#8221;center&#8221; custom_padding=&#8221;|||&#8221; animation=&#8221;off&#8221; custom_css_blurb_image=&#8221;padding-right: 5px;&#8221; saved_tabs=&#8221;all&#8221;]No arriesgue la integridad de sus clientes y datos. Actualizamos los sistemas de versiones anteriores para que se adhieran a las mejores pr\u00e1cticas de seguridad e infraestructura y eviten la p\u00e9rdida de datos cr\u00edticos, problemas de seguridad, vulnerabilidades de puerta trasera e ingresos perdidos de los sistemas bloqueados.<br \/>\n[\/et_pb_blurb][\/et_pb_column][et_pb_column type=&#8221;1_4&#8243; _builder_version=&#8221;3.0.47&#8243; parallax=&#8221;off&#8221; parallax_method=&#8221;on&#8221;][et_pb_blurb title=&#8221;Calidad&#8221; use_icon=&#8221;on&#8221; font_icon=&#8221;%%163%%&#8221; icon_placement=&#8221;left&#8221; use_icon_font_size=&#8221;on&#8221; icon_font_size=&#8221;40px&#8221; _builder_version=&#8221;3.0.65&#8243; header_font=&#8221;|on|||&#8221; header_font_size=&#8221;28px&#8221; header_text_color=&#8221;#006bb3&#8243; background_size=&#8221;initial&#8221; background_position=&#8221;top_left&#8221; background_repeat=&#8221;repeat&#8221; text_orientation=&#8221;center&#8221; custom_padding=&#8221;|||&#8221; animation=&#8221;off&#8221; custom_css_blurb_image=&#8221;padding-right: 5px;&#8221; saved_tabs=&#8221;all&#8221;]Utilizamos nuestra herramienta PITSS.CON para analizar la aplicaci\u00f3n de Oracle Forms con el fin de identificar la l\u00f3gica de negocios en PL\/SQL. Este proceso garantiza que no se pierda ninguna funcionalidad cr\u00edtica. Para luego, optimizar y volver a factorizar su c\u00f3digo para ser usado correctamente en la nueva arquitectura.<br \/>\n[\/et_pb_blurb][\/et_pb_column][et_pb_column type=&#8221;1_4&#8243; _builder_version=&#8221;3.0.47&#8243; parallax=&#8221;off&#8221; parallax_method=&#8221;on&#8221;][et_pb_blurb title=&#8221;Velocidad&#8221; use_icon=&#8221;on&#8221; font_icon=&#8221;%%32%%&#8221; icon_placement=&#8221;left&#8221; use_icon_font_size=&#8221;on&#8221; icon_font_size=&#8221;40px&#8221; _builder_version=&#8221;3.0.65&#8243; header_font=&#8221;|on|||&#8221; header_font_size=&#8221;28px&#8221; header_text_color=&#8221;#006bb3&#8243; background_size=&#8221;initial&#8221; background_position=&#8221;top_left&#8221; background_repeat=&#8221;repeat&#8221; text_orientation=&#8221;center&#8221; custom_padding=&#8221;|||&#8221; animation=&#8221;off&#8221; custom_css_blurb_image=&#8221;padding-right: 5px;&#8221; saved_tabs=&#8221;all&#8221;]PITSS extrae semiautom\u00e1ticamente la l\u00f3gica empresarial importante, y la traslada a la base de datos para que pueda ser reutilizada en la nueva versi\u00f3n de la aplicaci\u00f3n. Esto proporciona un gran ahorro de tiempo, ya que limitamos la cantidad de c\u00f3digo que necesita ser reescrito.<br \/>\n[\/et_pb_blurb][\/et_pb_column][et_pb_column type=&#8221;1_4&#8243; _builder_version=&#8221;3.0.47&#8243; parallax=&#8221;off&#8221; parallax_method=&#8221;on&#8221;][et_pb_blurb title=&#8221;Experiencia&#8221; use_icon=&#8221;on&#8221; font_icon=&#8221;%%49%%&#8221; icon_placement=&#8221;left&#8221; use_icon_font_size=&#8221;on&#8221; icon_font_size=&#8221;40px&#8221; _builder_version=&#8221;3.0.65&#8243; header_font=&#8221;|on|||&#8221; header_font_size=&#8221;28px&#8221; header_text_color=&#8221;#006bb3&#8243; background_size=&#8221;initial&#8221; background_position=&#8221;top_left&#8221; background_repeat=&#8221;repeat&#8221; text_orientation=&#8221;center&#8221; custom_padding=&#8221;|||&#8221; animation=&#8221;off&#8221; custom_css_blurb_image=&#8221;padding-right: 5px;&#8221; saved_tabs=&#8221;all&#8221;]Nuestro equipo est\u00e1 compuesto por arquitectos e ingenieros de software con a\u00f1os de experiencia en modernizaci\u00f3n de aplicaciones. Ellos le ayudar\u00e1n a encontrar en su organizaci\u00f3n el ajuste adecuado para su nueva aplicaci\u00f3n y asegurar la reducci\u00f3n de los riesgos del proyecto.<br \/>\n[\/et_pb_blurb][\/et_pb_column][\/et_pb_row][\/et_pb_section][et_pb_section fb_built=&#8221;1&#8243; background_color=&#8221;rgba(0,0,0,0.6)&#8221; admin_label=&#8221;section&#8221; custom_padding_last_edited=&#8221;on|desktop&#8221; _builder_version=&#8221;3.0.51&#8243; background_image=&#8221;https:\/\/pitss.org\/mx\/wp-content\/uploads\/sites\/10\/2017\/08\/Titleafag.jpg&#8221; background_blend=&#8221;overlay&#8221; custom_padding_tablet=&#8221;50px|0|50px|0&#8243; padding_mobile=&#8221;off&#8221;][et_pb_row custom_padding=&#8221;20px||20px|&#8221; column_padding_mobile=&#8221;on&#8221; admin_label=&#8221;row&#8221; module_class=&#8221;mobile-both-padding&#8221; _builder_version=&#8221;3.0.51&#8243; background_size=&#8221;initial&#8221; background_position=&#8221;top_left&#8221; background_repeat=&#8221;repeat&#8221;][et_pb_column type=&#8221;1_3&#8243; _builder_version=&#8221;3.0.47&#8243; column_padding_mobile=&#8221;on&#8221; parallax=&#8221;off&#8221; parallax_method=&#8221;on&#8221;][et_pb_text background_layout=&#8221;dark&#8221; module_class=&#8221;mobile-centered&#8221; _builder_version=&#8221;3.0.92&#8243; header_font_size=&#8221;40px&#8221; background_size=&#8221;initial&#8221; background_position=&#8221;top_left&#8221; background_repeat=&#8221;repeat&#8221; text_orientation=&#8221;right&#8221; custom_margin=&#8221;-8px|||&#8221;]<\/p>\n<h2 style=\"font-size: 40px!important;\"><strong>\u00bfPor qu\u00e9 enfocarse en la actualizaci\u00f3n de Oracle Forms?<\/strong><\/h2>\n<p>[\/et_pb_text][\/et_pb_column][et_pb_column type=&#8221;2_3&#8243; _builder_version=&#8221;3.0.47&#8243; column_padding_mobile=&#8221;on&#8221; parallax=&#8221;off&#8221; parallax_method=&#8221;on&#8221;][et_pb_text background_layout=&#8221;dark&#8221; module_class=&#8221;mobile-centered&#8221; _builder_version=&#8221;3.0.51&#8243; background_size=&#8221;initial&#8221; background_position=&#8221;top_left&#8221; background_repeat=&#8221;repeat&#8221;]Al modernizar las aplicaciones de Oracle Forms, puede mejorar la flexibilidad, los ingresos y las oportunidades de mercado de su organizaci\u00f3n. Actualizar, migrar y modernizar aplicaciones antiguas puede minimizar los riesgos y promover el crecimiento. Un sistema antiguo se basa en procesos, hardware o software antiguos, y es probable que sea est\u00e1tico o dif\u00edcil de integrar con el software moderno. Algunos ejemplos de industrias con sistemas antiguos cruciales que requieren modernizaci\u00f3n de aplicaciones son los servicios financieros, la educaci\u00f3n, el gobierno, la salud, el comercio minorista, la manufactura y m\u00e1s. Nuestras soluciones de modernizaci\u00f3n de aplicaciones antiguas ayudan a estas industrias a adaptarse, crecer, cambiar y prosperar.<br \/>\n[\/et_pb_text][\/et_pb_column][\/et_pb_row][\/et_pb_section][et_pb_section fb_built=&#8221;1&#8243; admin_label=&#8221;section&#8221; custom_padding_last_edited=&#8221;on|desktop&#8221; _builder_version=&#8221;3.0.47&#8243; custom_padding_tablet=&#8221;50px|0|50px|0&#8243; padding_mobile=&#8221;off&#8221;][et_pb_row custom_padding=&#8221;0px||0px|&#8221; column_padding_mobile=&#8221;on&#8221; admin_label=&#8221;row&#8221; module_class=&#8221;mobile-top-padding&#8221; _builder_version=&#8221;3.0.66&#8243; background_size=&#8221;initial&#8221; background_position=&#8221;top_left&#8221; background_repeat=&#8221;repeat&#8221;][et_pb_column type=&#8221;4_4&#8243; _builder_version=&#8221;3.0.47&#8243; column_padding_mobile=&#8221;on&#8221; parallax=&#8221;off&#8221; parallax_method=&#8221;on&#8221;][et_pb_text _builder_version=&#8221;3.0.66&#8243; background_size=&#8221;initial&#8221; background_position=&#8221;top_left&#8221; background_repeat=&#8221;repeat&#8221; custom_margin=&#8221;0px||0px|&#8221; custom_padding=&#8221;0px||0px|&#8221;]<\/p>\n<h1><strong>\u00bfPor qu\u00e9 modernizar aplicaciones antiguas?<\/strong><\/h1>\n<p class=\"\">Modernizaci\u00f3n de Oracle Forms &#8211; La modernizaci\u00f3n de aplicaciones antiguas a menudo puede ser un proyecto grande, de varios a\u00f1os. Debido a que estos sistemas antiguos pueden ser cr\u00edticos para las operaciones empresariales, implementar un sistema modernizado todo a la vez puede ser un gran riesgo. Como resultado, los proyectos de modernizaci\u00f3n se implementan de forma incremental por cada aplicaci\u00f3n. El porcentaje de c\u00f3digo disminuye a medida que se implementa cada m\u00f3dulo. Eventualmente, el sistema estar\u00e1 totalmente modernizado.<\/p>\n<p>[\/et_pb_text][\/et_pb_column][\/et_pb_row][et_pb_row custom_padding=&#8221;|||&#8221; admin_label=&#8221;row&#8221; _builder_version=&#8221;3.0.51&#8243;][et_pb_column type=&#8221;1_2&#8243; _builder_version=&#8221;3.0.47&#8243; parallax=&#8221;off&#8221; parallax_method=&#8221;on&#8221;][et_pb_blurb title=&#8221;La Modernizaci\u00f3n de la aplicaci\u00f3n es Impulsada por las Necesidades del Negocio&#8221; use_icon=&#8221;on&#8221; font_icon=&#8221;%%101%%&#8221; icon_placement=&#8221;left&#8221; use_icon_font_size=&#8221;on&#8221; icon_font_size=&#8221;46px&#8221; _builder_version=&#8221;3.0.51&#8243; header_font=&#8221;|on|||&#8221; header_font_size=&#8221;24px&#8221; animation=&#8221;off&#8221; custom_css_blurb_image=&#8221;padding-right:10px;&#8221;]Las empresas no pueden arriesgarse a quedarse atr\u00e1s. Es importante que adopten medidas para implementar la modernizaci\u00f3n de las aplicaciones o se arriesguen a convertirse en dinosaurios digitales. Las empresas necesitan alinear sus objetivos y actuar ahora para transformar aplicaciones anticuadas en aplicaciones m\u00f3viles, basadas en la nube y soluciones digitales. Con una inversi\u00f3n, su proyecto de modernizaci\u00f3n de aplicaciones puede comenzar a generar ingresos, mejorar los flujos de trabajo y reducir los riesgos.<br \/>\n[\/et_pb_blurb][\/et_pb_column][et_pb_column type=&#8221;1_2&#8243; _builder_version=&#8221;3.0.47&#8243; parallax=&#8221;off&#8221; parallax_method=&#8221;on&#8221;][et_pb_blurb title=&#8221;C\u00f3mo empezar con la modernizaci\u00f3n de aplicaciones antiguas&#8221; use_icon=&#8221;on&#8221; font_icon=&#8221;%%57%%&#8221; icon_placement=&#8221;left&#8221; use_icon_font_size=&#8221;on&#8221; icon_font_size=&#8221;46px&#8221; _builder_version=&#8221;3.0.51&#8243; header_font=&#8221;|on|||&#8221; header_font_size=&#8221;24px&#8221; animation=&#8221;off&#8221; custom_css_blurb_image=&#8221;padding-right:10px;&#8221;]La implementaci\u00f3n exitosa de un proyecto de modernizaci\u00f3n de aplicaciones comienza comprendiendo los objetivos de su organizaci\u00f3n. Puede comenzar a comprender c\u00f3mo desea que su aplicaci\u00f3n funcione, trabaje, observe e integre con otros sistemas. Una clave importante para una modernizaci\u00f3n exitosa de aplicaciones es plan de objetivos. Identificar claramente cada paso del proceso de desarrollo y evitar problemas potenciales a lo largo del camino.<br \/>\n[\/et_pb_blurb][\/et_pb_column][\/et_pb_row][\/et_pb_section][et_pb_section fb_built=&#8221;1&#8243; admin_label=&#8221;section&#8221; _builder_version=&#8221;3.0.51&#8243; background_image=&#8221;https:\/\/pitss.org\/mx\/wp-content\/uploads\/sites\/10\/2017\/08\/pattern-1-1.jpg&#8221; parallax=&#8221;on&#8221;][et_pb_row custom_padding=&#8221;|||&#8221; column_padding_mobile=&#8221;on&#8221; admin_label=&#8221;row&#8221; module_class=&#8221;mobile-top-padding&#8221; _builder_version=&#8221;3.0.51&#8243; background_size=&#8221;initial&#8221; background_position=&#8221;top_left&#8221; background_repeat=&#8221;repeat&#8221;][et_pb_column type=&#8221;4_4&#8243; _builder_version=&#8221;3.0.47&#8243; column_padding_mobile=&#8221;on&#8221; parallax=&#8221;off&#8221; parallax_method=&#8221;on&#8221;][et_pb_text background_layout=&#8221;dark&#8221; _builder_version=&#8221;3.0.66&#8243; background_size=&#8221;initial&#8221; background_position=&#8221;top_left&#8221; background_repeat=&#8221;repeat&#8221; text_orientation=&#8221;center&#8221; module_alignment=&#8221;center&#8221;]<\/p>\n<h2><strong>\u00bfCu\u00e1les son las ventajas de actualizar Oracle Forms?<\/strong><\/h2>\n<p>Los mejores desarrollos de negocios ocurren cuando todos tienen el acceso adecuado a la informaci\u00f3n. Una vez que sus objetivos de negocio, TI y operacionales est\u00e9n alineados y comience la actualizaci\u00f3n o modernizaci\u00f3n de Oracle Forms, puede esperar una serie de beneficios. Usted ver\u00e1 un aumento de la productividad y la calidad como sus sistemas modernizados trabajan m\u00e1s eficientemente con el nuevo software. Su organizaci\u00f3n experimentar\u00e1 mayor seguridad y disminuir\u00e1 el riesgo operativo. Debido a que los sistemas funcionan de manera m\u00e1s eficiente, puede encontrar nuevas formas de aumentar los ingresos y aprovechar los clientes de la manera que nunca pens\u00f3 posible.<br \/>\n[\/et_pb_text][et_pb_divider color=&#8221;rgba(255,255,255,0.2)&#8221; divider_position=&#8221;top&#8221; divider_weight=&#8221;3px&#8221; height=&#8221;3&#8243; disabled_on=&#8221;on|on|off&#8221; _builder_version=&#8221;3.0.51&#8243; custom_css_main_element=&#8221;border-radius:3px!important; overflow:hidden;&#8221; show_divider=&#8221;on&#8221;][\/et_pb_divider][et_pb_text background_layout=&#8221;dark&#8221; _builder_version=&#8221;3.0.51&#8243; text_orientation=&#8221;center&#8221; module_alignment=&#8221;center&#8221; custom_margin=&#8221;|||&#8221; custom_padding=&#8221;|||&#8221;]<\/p>\n<h4><strong>La modernizaci\u00f3n de Oracle Forms provee ventajas competitivas a su organizaci\u00f3n incluyendo:<\/strong><\/h4>\n<p>[\/et_pb_text][\/et_pb_column][\/et_pb_row][et_pb_row custom_padding=&#8221;0px|||&#8221; admin_label=&#8221;row&#8221; module_class=&#8221;mobile-top-padding&#8221; _builder_version=&#8221;3.0.69&#8243;][et_pb_column type=&#8221;1_3&#8243; _builder_version=&#8221;3.0.47&#8243; parallax=&#8221;off&#8221; parallax_method=&#8221;on&#8221;][et_pb_blurb title=&#8221;Reducir complejidad&#8221; use_icon=&#8221;on&#8221; font_icon=&#8221;%%103%%&#8221; icon_color=&#8221;#ffffff&#8221; icon_placement=&#8221;left&#8221; background_layout=&#8221;dark&#8221; use_icon_font_size=&#8221;on&#8221; icon_font_size=&#8221;28px&#8221; _builder_version=&#8221;3.0.51&#8243; header_font=&#8221;|on|||&#8221; header_font_size=&#8221;18px&#8221; animation=&#8221;off&#8221;][\/et_pb_blurb][et_pb_blurb title=&#8221;Mejorar el cumplimiento&#8221; use_icon=&#8221;on&#8221; font_icon=&#8221;%%95%%&#8221; icon_color=&#8221;#ffffff&#8221; icon_placement=&#8221;left&#8221; background_layout=&#8221;dark&#8221; use_icon_font_size=&#8221;on&#8221; icon_font_size=&#8221;28px&#8221; _builder_version=&#8221;3.0.51&#8243; header_font=&#8221;|on|||&#8221; header_font_size=&#8221;18px&#8221; animation=&#8221;off&#8221;][\/et_pb_blurb][\/et_pb_column][et_pb_column type=&#8221;1_3&#8243; _builder_version=&#8221;3.0.47&#8243; parallax=&#8221;off&#8221; parallax_method=&#8221;on&#8221;][et_pb_blurb title=&#8221;Facilitar el mantenimiento&#8221; use_icon=&#8221;on&#8221; font_icon=&#8221;%%173%%&#8221; icon_color=&#8221;#ffffff&#8221; icon_placement=&#8221;left&#8221; background_layout=&#8221;dark&#8221; use_icon_font_size=&#8221;on&#8221; icon_font_size=&#8221;28px&#8221; _builder_version=&#8221;3.0.69&#8243; header_font=&#8221;|on|||&#8221; header_font_size=&#8221;18px&#8221; animation=&#8221;off&#8221;][\/et_pb_blurb][et_pb_blurb title=&#8221;Reducir dependencia&#8221; use_icon=&#8221;on&#8221; font_icon=&#8221;%%86%%&#8221; icon_color=&#8221;#ffffff&#8221; icon_placement=&#8221;left&#8221; background_layout=&#8221;dark&#8221; use_icon_font_size=&#8221;on&#8221; icon_font_size=&#8221;28px&#8221; _builder_version=&#8221;3.0.69&#8243; header_font=&#8221;|on|||&#8221; header_font_size=&#8221;18px&#8221; animation=&#8221;off&#8221;][\/et_pb_blurb][\/et_pb_column][et_pb_column type=&#8221;1_3&#8243; _builder_version=&#8221;3.0.47&#8243; parallax=&#8221;off&#8221; parallax_method=&#8221;on&#8221;][et_pb_blurb title=&#8221;Mejorar los flujos de Trabajo&#8221; use_icon=&#8221;on&#8221; font_icon=&#8221;%%151%%&#8221; icon_color=&#8221;#ffffff&#8221; icon_placement=&#8221;left&#8221; background_layout=&#8221;dark&#8221; use_icon_font_size=&#8221;on&#8221; icon_font_size=&#8221;28px&#8221; _builder_version=&#8221;3.0.69&#8243; header_font=&#8221;|on|||&#8221; header_font_size=&#8221;18px&#8221; animation=&#8221;off&#8221;][\/et_pb_blurb][et_pb_blurb title=&#8221;Disminuir el costo&#8221; use_icon=&#8221;on&#8221; font_icon=&#8221;%%155%%&#8221; icon_color=&#8221;#ffffff&#8221; icon_placement=&#8221;left&#8221; background_layout=&#8221;dark&#8221; use_icon_font_size=&#8221;on&#8221; icon_font_size=&#8221;28px&#8221; _builder_version=&#8221;3.0.69&#8243; header_font=&#8221;|on|||&#8221; header_font_size=&#8221;18px&#8221; animation=&#8221;off&#8221;][\/et_pb_blurb][\/et_pb_column][\/et_pb_row][\/et_pb_section][et_pb_section fb_built=&#8221;1&#8243; background_color=&#8221;#006bb3&#8243; _builder_version=&#8221;3.0.66&#8243; custom_padding=&#8221;30px||30px|&#8221; global_module=&#8221;108&#8243;][et_pb_row make_fullwidth=&#8221;on&#8221; custom_padding=&#8221;0px||0px|&#8221; _builder_version=&#8221;3.0.66&#8243;][et_pb_column type=&#8221;1_2&#8243; _builder_version=&#8221;3.0.47&#8243; parallax=&#8221;off&#8221; parallax_method=&#8221;on&#8221;][et_pb_text background_layout=&#8221;dark&#8221; module_class=&#8221;mobile-centered&#8221; _builder_version=&#8221;3.0.69&#8243;]<\/p>\n<h3 style=\"font-size: 31px; padding: 0; padding-top: 2px;\"><strong>\u00bfListo para comenzar?<\/strong><\/h3>\n<p>[\/et_pb_text][\/et_pb_column][et_pb_column type=&#8221;1_2&#8243; _builder_version=&#8221;3.0.47&#8243; parallax=&#8221;off&#8221; parallax_method=&#8221;on&#8221;][et_pb_button button_url=&#8221;\/mx\/contact&#8221; button_text=&#8221;Cont\u00e1ctenos Hoy&#8221; button_alignment=&#8221;right&#8221; background_layout=&#8221;dark&#8221; _builder_version=&#8221;3.0.69&#8243;][\/et_pb_button][\/et_pb_column][\/et_pb_row][\/et_pb_section]<\/p>\n","protected":false},"excerpt":{"rendered":"<p>El envejecimiento de las aplicaciones en Oracle Forms son una de las mayores amenazas para ingresos y operaciones de su organizaci\u00f3n. Modernizaci\u00f3n de Oracle Forms &#8211; \u00bfPor qu\u00e9 modernizar aplicaciones en Oracle Forms? Si su organizaci\u00f3n se basa en sistemas Oracle Forms antiguos, es hora de considerar la modernizaci\u00f3n de aplicaciones. Estas son algunas de [&hellip;]<\/p>\n","protected":false},"author":19,"featured_media":0,"parent":45,"menu_order":0,"comment_status":"closed","ping_status":"closed","template":"","meta":{"_et_pb_use_builder":"on","_et_pb_old_content":"Legacy Application Modernization Page","_et_gb_content_width":"","footnotes":""},"class_list":["post-49","page","type-page","status-publish","hentry"],"_links":{"self":[{"href":"https:\/\/pitss.org\/mx\/wp-json\/wp\/v2\/pages\/49","targetHints":{"allow":["GET"]}}],"collection":[{"href":"https:\/\/pitss.org\/mx\/wp-json\/wp\/v2\/pages"}],"about":[{"href":"https:\/\/pitss.org\/mx\/wp-json\/wp\/v2\/types\/page"}],"author":[{"embeddable":true,"href":"https:\/\/pitss.org\/mx\/wp-json\/wp\/v2\/users\/19"}],"replies":[{"embeddable":true,"href":"https:\/\/pitss.org\/mx\/wp-json\/wp\/v2\/comments?post=49"}],"version-history":[{"count":11,"href":"https:\/\/pitss.org\/mx\/wp-json\/wp\/v2\/pages\/49\/revisions"}],"predecessor-version":[{"id":359,"href":"https:\/\/pitss.org\/mx\/wp-json\/wp\/v2\/pages\/49\/revisions\/359"}],"up":[{"embeddable":true,"href":"https:\/\/pitss.org\/mx\/wp-json\/wp\/v2\/pages\/45"}],"wp:attachment":[{"href":"https:\/\/pitss.org\/mx\/wp-json\/wp\/v2\/media?parent=49"}],"curies":[{"name":"wp","href":"https:\/\/api.w.org\/{rel}","templated":true}]}}