{"id":46,"date":"2017-08-04T16:54:59","date_gmt":"2017-08-04T16:54:59","guid":{"rendered":"https:\/\/pitss.org\/mx\/?page_id=46"},"modified":"2017-12-27T15:26:24","modified_gmt":"2017-12-27T15:26:24","slug":"oracle-forms-development","status":"publish","type":"page","link":"https:\/\/pitss.org\/mx\/solutions\/oracle-forms-development\/","title":{"rendered":"Desarrollo de Oracle Forms"},"content":{"rendered":"<p>[et_pb_section bb_built=&#8221;1&#8243; admin_label=&#8221;section&#8221; custom_padding=&#8221;|||&#8221; padding_mobile=&#8221;off&#8221; fullwidth=&#8221;on&#8221; _builder_version=&#8221;3.0.47&#8243; background_image=&#8221;https:\/\/pitss.org\/mx\/wp-content\/uploads\/sites\/10\/2017\/08\/AdobeStock_55826385.jpeg&#8221; custom_padding_tablet=&#8221;50px|0|50px|0&#8243; custom_padding_last_edited=&#8221;on|desktop&#8221;][et_pb_fullwidth_slider admin_label=&#8221;Header (Fullwidth Slider)&#8221; auto=&#8221;on&#8221; _builder_version=&#8221;3.0.69&#8243; header_font=&#8221;|on|||&#8221; header_font_size=&#8221;50&#8243; body_font_size=&#8221;20&#8243; custom_button=&#8221;on&#8221; button_use_icon=&#8221;off&#8221; custom_padding=&#8221;|||&#8221; custom_padding_tablet=&#8221;|||&#8221; custom_padding_phone=&#8221;|||&#8221; show_inner_shadow=&#8221;on&#8221; show_content_on_mobile=&#8221;on&#8221; show_cta_on_mobile=&#8221;on&#8221;][et_pb_slide heading=&#8221;Desarrollo de Oracle Forms&#8221; button_text=&#8221;Inicie su proyecto de aplicaci\u00f3n&#8221; button_link=&#8221;\/mx\/contact&#8221; background_image=&#8221;https:\/\/pitss.org\/mx\/wp-content\/uploads\/sites\/10\/2017\/08\/Open-Evening.jpg&#8221; background_position=&#8221;bottom_center&#8221; use_bg_overlay=&#8221;on&#8221; bg_overlay_color=&#8221;rgba(0,0,0,0.7)&#8221; use_text_overlay=&#8221;off&#8221; _builder_version=&#8221;3.0.47&#8243; header_font=&#8221;||||&#8221; body_font=&#8221;||||&#8221; custom_button=&#8221;off&#8221; button_icon_placement=&#8221;right&#8221; button_on_hover=&#8221;on&#8221; custom_css_slide_container=&#8221;width: 60%; max-width: 60%;&#8221;] Nuestros expertos en Oracle Forms pueden ayudarle con la actualizaci\u00f3n, modernizaci\u00f3n o migraci\u00f3n de su proyecto. [\/et_pb_slide][\/et_pb_fullwidth_slider][\/et_pb_section][et_pb_section bb_built=&#8221;1&#8243; custom_padding=&#8221;53px|0px|54px|0px&#8221; _builder_version=&#8221;3.0.47&#8243;][et_pb_row admin_label=&#8221;row&#8221; custom_padding=&#8221;0px|||&#8221; padding_mobile=&#8221;off&#8221; column_padding_mobile=&#8221;on&#8221; parallax_method_1=&#8221;off&#8221; module_class=&#8221;mobile-both-padding&#8221; _builder_version=&#8221;3.0.47&#8243; background_size=&#8221;initial&#8221; background_position=&#8221;top_left&#8221; background_repeat=&#8221;repeat&#8221;][et_pb_column type=&#8221;4_4&#8243;][et_pb_text admin_label=&#8221;The PITSS Transformation Project Roadmap (Text)&#8221; text_orientation=&#8221;center&#8221; _builder_version=&#8221;3.0.69&#8243; background_size=&#8221;initial&#8221; background_position=&#8221;top_left&#8221; background_repeat=&#8221;repeat&#8221; module_alignment=&#8221;center&#8221;]<\/p>\n<h1><strong>La estrategia de Desarrollo de Pitss<\/strong><\/h1>\n<p>[\/et_pb_text][\/et_pb_column][\/et_pb_row][et_pb_row admin_label=&#8221;row&#8221; make_fullwidth=&#8221;on&#8221; use_custom_gutter=&#8221;on&#8221; gutter_width=&#8221;2&#8243; custom_padding=&#8221;0px||0px|&#8221; padding_mobile=&#8221;off&#8221; make_equal=&#8221;on&#8221; column_padding_mobile=&#8221;on&#8221; background_color_1=&#8221;#006bb3&#8243; background_color_2=&#8221;#006bb3&#8243; background_color_3=&#8221;#006bb3&#8243; background_color_4=&#8221;#006bb3&#8243; parallax_method_1=&#8221;off&#8221; parallax_method_2=&#8221;off&#8221; parallax_method_3=&#8221;off&#8221; parallax_method_4=&#8221;off&#8221; module_class=&#8221;mobile-both-padding&#8221; _builder_version=&#8221;3.0.47&#8243; background_size=&#8221;initial&#8221; background_position=&#8221;top_left&#8221; background_repeat=&#8221;repeat&#8221;][et_pb_column type=&#8221;1_5&#8243;][et_pb_blurb admin_label=&#8221;Introductions (Blurb)&#8221; title=&#8221;Introducci\u00f3n&#8221; use_icon=&#8221;on&#8221; font_icon=&#8221;\ue08b&#8221; icon_color=&#8221;#ffffff&#8221; animation=&#8221;off&#8221; background_layout=&#8221;dark&#8221; text_orientation=&#8221;center&#8221; use_icon_font_size=&#8221;on&#8221; icon_font_size=&#8221;40px&#8221; _builder_version=&#8221;3.0.69&#8243; header_font=&#8221;|on|||&#8221; header_font_size=&#8221;24&#8243; background_color=&#8221;#006bb3&#8243; background_size=&#8221;initial&#8221; background_position=&#8221;top_left&#8221; background_repeat=&#8221;repeat&#8221; custom_padding=&#8221;30px|30px|30px|30px&#8221; custom_css_blurb_image=&#8221;margin-bottom:15px;&#8221;]<\/p>\n<p>Despu\u00e9s de mostrarle lo que nuestro equipo puede hacer, Nos sentamos a escuchar atentamente su situaci\u00f3n.<\/p>\n<p>[\/et_pb_blurb][\/et_pb_column][et_pb_column type=&#8221;1_5&#8243;][et_pb_blurb admin_label=&#8221;Orientation (Blurb)&#8221; title=&#8221;Orientaci\u00f3n&#8221; use_icon=&#8221;on&#8221; font_icon=&#8221;k&#8221; icon_color=&#8221;#ffffff&#8221; animation=&#8221;off&#8221; background_layout=&#8221;dark&#8221; text_orientation=&#8221;center&#8221; use_icon_font_size=&#8221;on&#8221; icon_font_size=&#8221;40px&#8221; _builder_version=&#8221;3.0.69&#8243; header_font=&#8221;|on|||&#8221; header_font_size=&#8221;24&#8243; background_color=&#8221;#006bb3&#8243; background_size=&#8221;initial&#8221; background_position=&#8221;top_left&#8221; background_repeat=&#8221;repeat&#8221; custom_padding=&#8221;30px|30px|30px|30px&#8221; custom_css_blurb_image=&#8221;margin-bottom:15px;&#8221;]<\/p>\n<p>Le mostramos las posibilidades que vemos para su negocio en t\u00e9rminos tecnol\u00f3gicos.<\/p>\n<p>[\/et_pb_blurb][\/et_pb_column][et_pb_column type=&#8221;1_5&#8243;][et_pb_blurb admin_label=&#8221;Assessment (Blurb)&#8221; title=&#8221;Evaluaci\u00f3n&#8221; use_icon=&#8221;on&#8221; font_icon=&#8221;\ue109&#8221; icon_color=&#8221;#ffffff&#8221; background_layout=&#8221;dark&#8221; text_orientation=&#8221;center&#8221; use_icon_font_size=&#8221;on&#8221; icon_font_size=&#8221;40px&#8221; _builder_version=&#8221;3.0.51&#8243; header_font=&#8221;|on|||&#8221; header_font_size=&#8221;24&#8243; background_color=&#8221;#006bb3&#8243; background_size=&#8221;initial&#8221; background_position=&#8221;top_left&#8221; background_repeat=&#8221;repeat&#8221; custom_padding=&#8221;30px|30px|30px|30px&#8221; custom_css_blurb_image=&#8221;margin-bottom:15px;&#8221;]<\/p>\n<p>Trabajamos con su equipo de TI para analizar sus sistemas antiguos y desarrollar un prototipo.<\/p>\n<p>[\/et_pb_blurb][\/et_pb_column][et_pb_column type=&#8221;1_5&#8243;][et_pb_blurb admin_label=&#8221;Pilot (Blurb)&#8221; title=&#8221;Prototipo&#8221; use_icon=&#8221;on&#8221; font_icon=&#8221;\ue106&#8221; icon_color=&#8221;#ffffff&#8221; background_layout=&#8221;dark&#8221; text_orientation=&#8221;center&#8221; use_icon_font_size=&#8221;on&#8221; icon_font_size=&#8221;40px&#8221; _builder_version=&#8221;3.0.69&#8243; header_font=&#8221;|on|||&#8221; header_font_size=&#8221;24&#8243; background_color=&#8221;#006bb3&#8243; background_size=&#8221;initial&#8221; background_position=&#8221;top_left&#8221; background_repeat=&#8221;repeat&#8221; custom_padding=&#8221;30px|30px|30px|30px&#8221; custom_css_blurb_image=&#8221;margin-bottom:15px;&#8221;]<\/p>\n<p>Con el conocimiento adquirido, estructuramos un programa prototipo para ganar apoyo para su proyecto.<\/p>\n<p>[\/et_pb_blurb][\/et_pb_column][et_pb_column type=&#8221;1_5&#8243;][et_pb_blurb admin_label=&#8221;Transformation (Blurb)&#8221; title=&#8221;Transformaci\u00f3n&#8221; use_icon=&#8221;on&#8221; font_icon=&#8221;\ue003&#8221; icon_color=&#8221;#ffffff&#8221; background_layout=&#8221;dark&#8221; text_orientation=&#8221;center&#8221; use_icon_font_size=&#8221;on&#8221; icon_font_size=&#8221;40px&#8221; _builder_version=&#8221;3.0.69&#8243; header_font=&#8221;|on|||&#8221; header_font_size=&#8221;22px&#8221; background_color=&#8221;#006bb3&#8243; background_size=&#8221;initial&#8221; background_position=&#8221;top_left&#8221; background_repeat=&#8221;repeat&#8221; custom_padding=&#8221;30px|30px|30px|30px&#8221; custom_css_blurb_image=&#8221;margin-bottom:15px;&#8221;]<\/p>\n<p>Usted recibe el equipo de desarrollo, herramientas y soporte experto para hacer su transformaci\u00f3n digital un \u00e9xito.<\/p>\n<p>[\/et_pb_blurb][\/et_pb_column][\/et_pb_row][\/et_pb_section][et_pb_section bb_built=&#8221;1&#8243; admin_label=&#8221;section&#8221; background_color=&#8221;#000000&#8243; custom_padding=&#8221;|||&#8221; padding_mobile=&#8221;off&#8221; _builder_version=&#8221;3.0.47&#8243; background_image=&#8221;https:\/\/pitss.org\/mx\/wp-content\/uploads\/sites\/10\/2017\/08\/pattern.jpg&#8221; parallax=&#8221;on&#8221; custom_padding_tablet=&#8221;50px|0|50px|0&#8243; custom_padding_last_edited=&#8221;on|desktop&#8221;][et_pb_row admin_label=&#8221;row&#8221; custom_padding=&#8221;0px||10px|&#8221; padding_mobile=&#8221;off&#8221; column_padding_mobile=&#8221;on&#8221; parallax_method_1=&#8221;off&#8221; module_class=&#8221;mobile-both-padding&#8221; _builder_version=&#8221;3.0.47&#8243; background_size=&#8221;initial&#8221; background_position=&#8221;top_left&#8221; background_repeat=&#8221;repeat&#8221;][et_pb_column type=&#8221;4_4&#8243;][et_pb_text admin_label=&#8221;Full-Stack Oracle Forms Development Team (Text)&#8221; background_layout=&#8221;dark&#8221; text_orientation=&#8221;center&#8221; _builder_version=&#8221;3.0.63&#8243; background_size=&#8221;initial&#8221; background_position=&#8221;top_left&#8221; background_repeat=&#8221;repeat&#8221; module_alignment=&#8221;center&#8221;]<\/p>\n<h2><strong>Equipo de desarrollo Full-Stack Oracle Forms<\/strong><\/h2>\n<p>[\/et_pb_text][\/et_pb_column][\/et_pb_row][et_pb_row admin_label=&#8221;row&#8221; custom_padding=&#8221;0px||0px|&#8221; padding_mobile=&#8221;on&#8221; column_padding_mobile=&#8221;on&#8221; parallax_method_1=&#8221;off&#8221; parallax_method_2=&#8221;off&#8221; module_class=&#8221;mobile-both-padding&#8221; _builder_version=&#8221;3.0.69&#8243; background_size=&#8221;initial&#8221; background_position=&#8221;top_left&#8221; background_repeat=&#8221;repeat&#8221;][et_pb_column type=&#8221;1_3&#8243;][et_pb_text admin_label=&#8221;Our team members are the experts in legacy systems. (Text)&#8221; background_layout=&#8221;dark&#8221; text_orientation=&#8221;right&#8221; module_class=&#8221;mobile-centered&#8221; _builder_version=&#8221;3.0.47&#8243; background_size=&#8221;initial&#8221; background_position=&#8221;top_left&#8221; background_repeat=&#8221;repeat&#8221; custom_padding_last_edited=&#8221;on|desktop&#8221;]<\/p>\n<h4>Los miembros de nuestro equipo son los expertos en aplicaciones de Oracle Forms.<\/h4>\n<p>[\/et_pb_text][\/et_pb_column][et_pb_column type=&#8221;2_3&#8243;][et_pb_text admin_label=&#8221;You need expert guidance for your digital&#8230; (Text)&#8221; background_layout=&#8221;dark&#8221; module_class=&#8221;mobile-centered&#8221; _builder_version=&#8221;3.0.47&#8243; background_size=&#8221;initial&#8221; background_position=&#8221;top_left&#8221; background_repeat=&#8221;repeat&#8221;]<\/p>\n<p>Necesita asesoramiento experto para su proyecto de transformaci\u00f3n digital de software. Aqu\u00ed es donde entramos. En primer lugar, nos centramos en un proyecto. A continuaci\u00f3n, ofrecemos soporte en desarrollo de software back-end y front-end. Luego, nuestros expertos en control de calidad realizan las pruebas. Esto garantiza que nuestro equipo de desarrollo de servicios completos proporcione a su empresa servicios y asistencia de calidad en cada etapa de su proyecto de transformaci\u00f3n digital. Desde arquitectos hasta t\u00e9cnicos, cada miembro de nuestro equipo de desarrollo hace una valiosa contribuci\u00f3n al ciclo de vida de un proyecto. Lea los siguientes art\u00edculos de nuestro equipo para obtener m\u00e1s informaci\u00f3n sobre c\u00f3mo cada miembro del equipo de desarrollo ve su papel. Vea c\u00f3mo cada papel se re\u00fane dentro de un proyecto de transformaci\u00f3n digital en PITSS<\/p>\n<p>[\/et_pb_text][\/et_pb_column][\/et_pb_row][\/et_pb_section][et_pb_section bb_built=&#8221;1&#8243; admin_label=&#8221;section&#8221; custom_padding=&#8221;54px|1px|54px|0px&#8221; _builder_version=&#8221;3.0.47&#8243;][et_pb_row admin_label=&#8221;row&#8221; use_custom_width=&#8221;on&#8221; custom_width_px=&#8221;900px&#8221; padding_mobile=&#8221;off&#8221; column_padding_mobile=&#8221;on&#8221; module_class_2=&#8221;desktop-column&#8221; module_id=&#8221;reengineering&#8221; module_class=&#8221;mobile-bottom-padding&#8221; _builder_version=&#8221;3.0.69&#8243; background_size=&#8221;initial&#8221; background_position=&#8221;top_left&#8221; background_repeat=&#8221;repeat&#8221;][et_pb_column type=&#8221;3_4&#8243;][et_pb_text admin_label=&#8221;Code Reengineering (Text)&#8221; text_orientation=&#8221;right&#8221; module_class=&#8221;mobile-left&#8221; _builder_version=&#8221;3.0.51&#8243; background_size=&#8221;initial&#8221; background_position=&#8221;top_left&#8221; background_repeat=&#8221;repeat&#8221;]<\/p>\n<h2><strong>Servicios M\u00f3viles en Oracle Forms<\/strong><\/h2>\n<p>PITSS ofrece soluciones que permiten aplicaciones basadas en Oracle Forms en dispositivos m\u00f3viles. Aproveche las nuevas oportunidades para m\u00f3viles con sus aplicaciones existentes. Utilizamos su l\u00f3gica de negocios y creamos aplicaciones que funcionan con los dispositivos m\u00f3viles m\u00e1s recientes, con el fin de ahorrar tiempo y costos de desarrollo para su empresa.<\/p>\n<p>[\/et_pb_text][et_pb_divider color=&#8221;rgba(0,0,0,0.1)&#8221; height=&#8221;5px&#8221; divider_style=&#8221;solid&#8221; divider_position=&#8221;top&#8221; divider_weight=&#8221;5px&#8221; _builder_version=&#8221;3.0.51&#8243; custom_css_main_element=&#8221;border-radius:5px!important; overflow:hidden;&#8221; show_divider=&#8221;on&#8221; disabled_on=&#8221;on|on|off&#8221; \/][\/et_pb_column][et_pb_column type=&#8221;1_4&#8243;][et_pb_blurb use_icon=&#8221;on&#8221; font_icon=&#8221;%%104%%&#8221; animation=&#8221;off&#8221; text_orientation=&#8221;center&#8221; use_icon_font_size=&#8221;on&#8221; icon_font_size=&#8221;120px&#8221; _builder_version=&#8221;3.0.69&#8243; header_font_size=&#8221;24&#8243; background_size=&#8221;initial&#8221; background_position=&#8221;top_left&#8221; background_repeat=&#8221;repeat&#8221; \/][\/et_pb_column][\/et_pb_row][et_pb_row admin_label=&#8221;row&#8221; use_custom_width=&#8221;on&#8221; custom_width_px=&#8221;900px&#8221; padding_mobile=&#8221;off&#8221; column_padding_mobile=&#8221;on&#8221; module_class_1=&#8221;desktop-column&#8221; module_id=&#8221;documentation&#8221; module_class=&#8221;mobile-bottom-padding&#8221; _builder_version=&#8221;3.0.69&#8243; background_size=&#8221;initial&#8221; background_position=&#8221;top_left&#8221; background_repeat=&#8221;repeat&#8221;][et_pb_column type=&#8221;1_4&#8243;][et_pb_blurb use_icon=&#8221;on&#8221; font_icon=&#8221;%%97%%&#8221; animation=&#8221;off&#8221; text_orientation=&#8221;center&#8221; use_icon_font_size=&#8221;on&#8221; icon_font_size=&#8221;120px&#8221; _builder_version=&#8221;3.0.69&#8243; header_font_size=&#8221;24&#8243; background_size=&#8221;initial&#8221; background_position=&#8221;top_left&#8221; background_repeat=&#8221;repeat&#8221; \/][\/et_pb_column][et_pb_column type=&#8221;3_4&#8243;][et_pb_text admin_label=&#8221;Legacy System Documentation (Text)&#8221; module_class=&#8221;mobile-left&#8221; _builder_version=&#8221;3.0.51&#8243; background_size=&#8221;initial&#8221; background_position=&#8221;top_left&#8221; background_repeat=&#8221;repeat&#8221;]<\/p>\n<h2><strong>Servicios de migraci\u00f3n en la nube de Oracle Forms<\/strong><\/h2>\n<p>Libere el poder de su aplicaci\u00f3n en Oracle Forms. Las aplicaciones basadas en la nube permiten a su negocio expandirse y prosperar en una econom\u00eda cada vez m\u00e1s global. Utilizando lenguajes modernos como Azure, Spring y m\u00e1s, PITSS le ayudar\u00e1 a aumentar su alcance, flexibilidad y seguridad con el almacenamiento en la nube de sus aplicaciones en Oracle Forms.<\/p>\n<p>[\/et_pb_text][et_pb_divider color=&#8221;rgba(0,0,0,0.1)&#8221; height=&#8221;5px&#8221; divider_style=&#8221;solid&#8221; divider_position=&#8221;top&#8221; divider_weight=&#8221;5px&#8221; _builder_version=&#8221;3.0.51&#8243; custom_css_main_element=&#8221;border-radius:5px!important; overflow:hidden;&#8221; show_divider=&#8221;on&#8221; disabled_on=&#8221;on|on|off&#8221; \/][\/et_pb_column][\/et_pb_row][et_pb_row admin_label=&#8221;row&#8221; use_custom_width=&#8221;on&#8221; custom_width_px=&#8221;900px&#8221; padding_mobile=&#8221;off&#8221; custom_margin=&#8221;||30px|&#8221; column_padding_mobile=&#8221;on&#8221; module_class_2=&#8221;desktop-column&#8221; module_id=&#8221;modernization&#8221; module_class=&#8221;mobile-bottom-padding&#8221; _builder_version=&#8221;3.0.69&#8243; background_size=&#8221;initial&#8221; background_position=&#8221;top_left&#8221; background_repeat=&#8221;repeat&#8221;][et_pb_column type=&#8221;3_4&#8243;][et_pb_text admin_label=&#8221;Oracle Forms Modernization (Text)&#8221; text_orientation=&#8221;right&#8221; module_class=&#8221;mobile-left&#8221; _builder_version=&#8221;3.0.51&#8243; background_size=&#8221;initial&#8221; background_position=&#8221;top_left&#8221; background_repeat=&#8221;repeat&#8221;]<\/p>\n<h2><strong>Servicios Web de Oracle Forms<\/strong><\/h2>\n<p>Nuestro equipo se especializa en c\u00f3digo libre, desarrollo de servicios web est\u00e1ndar para sistemas antiguos y nuevas aplicaciones tales como JavaScript, Angular, React JS, Node.JS, Java y mucho m\u00e1s. Creamos una capa de abstracci\u00f3n de datos de su base de datos Oracle existente u otro sistema antiguo. A continuaci\u00f3n, podemos crear nuevas aplicaciones o integraciones que funcionen con sus datos, permitiendo a su empresa aprovechar nuevas interfaces de usuario.<\/p>\n<p>[\/et_pb_text][et_pb_divider color=&#8221;rgba(0,0,0,0.1)&#8221; height=&#8221;5px&#8221; divider_style=&#8221;solid&#8221; divider_position=&#8221;top&#8221; divider_weight=&#8221;5px&#8221; _builder_version=&#8221;3.0.51&#8243; custom_css_main_element=&#8221;border-radius:5px!important; overflow:hidden;&#8221; show_divider=&#8221;on&#8221; disabled_on=&#8221;on|on|off&#8221; \/][\/et_pb_column][et_pb_column type=&#8221;1_4&#8243;][et_pb_blurb use_icon=&#8221;on&#8221; font_icon=&#8221;%%107%%&#8221; animation=&#8221;off&#8221; text_orientation=&#8221;center&#8221; use_icon_font_size=&#8221;on&#8221; icon_font_size=&#8221;120px&#8221; _builder_version=&#8221;3.0.69&#8243; header_font_size=&#8221;24&#8243; background_size=&#8221;initial&#8221; background_position=&#8221;top_left&#8221; background_repeat=&#8221;repeat&#8221; \/][\/et_pb_column][\/et_pb_row][et_pb_row admin_label=&#8221;row&#8221; use_custom_width=&#8221;on&#8221; custom_width_px=&#8221;900px&#8221; custom_padding=&#8221;0px||0px|&#8221; custom_margin=&#8221;0px||0px|&#8221; column_padding_mobile=&#8221;on&#8221; module_class_1=&#8221;desktop-column&#8221; module_id=&#8221;documentation&#8221; module_class=&#8221;mobile-bottom-padding&#8221; _builder_version=&#8221;3.0.69&#8243; background_size=&#8221;initial&#8221; background_position=&#8221;top_left&#8221; background_repeat=&#8221;repeat&#8221;][et_pb_column type=&#8221;1_4&#8243;][et_pb_blurb use_icon=&#8221;on&#8221; font_icon=&#8221;%%106%%&#8221; animation=&#8221;off&#8221; text_orientation=&#8221;center&#8221; use_icon_font_size=&#8221;on&#8221; icon_font_size=&#8221;120px&#8221; _builder_version=&#8221;3.0.69&#8243; header_font_size=&#8221;24&#8243; background_size=&#8221;initial&#8221; background_position=&#8221;top_left&#8221; background_repeat=&#8221;repeat&#8221; \/][\/et_pb_column][et_pb_column type=&#8221;3_4&#8243;][et_pb_text admin_label=&#8221;Legacy System Documentation (Text)&#8221; module_class=&#8221;mobile-left&#8221; _builder_version=&#8221;3.0.51&#8243; background_size=&#8221;initial&#8221; background_position=&#8221;top_left&#8221; background_repeat=&#8221;repeat&#8221;]<\/p>\n<h2><strong>Desarrollo de Aplicaci\u00f3n Web<\/strong><\/h2>\n<p>Convierta su software antiguo en aplicaciones web f\u00e1ciles de usar y que aumenten los ingresos. Nuestro equipo utiliza arquitectura moderna, las mejores pr\u00e1cticas de dise\u00f1o y el an\u00e1lisis del usuario final para dise\u00f1ar aplicaciones web eficaces que funcionen para usted y no contra usted.<\/p>\n<p>[\/et_pb_text][\/et_pb_column][\/et_pb_row][\/et_pb_section][et_pb_section bb_built=&#8221;1&#8243; background_color=&#8221;#e7e6e6&#8243; custom_padding=&#8221;|||&#8221; padding_mobile=&#8221;off&#8221; _builder_version=&#8221;3.0.47&#8243; custom_padding_tablet=&#8221;50px|0|50px|0&#8243; custom_padding_last_edited=&#8221;on|desktop&#8221;][et_pb_row custom_padding=&#8221;0px||10px|&#8221; padding_mobile=&#8221;off&#8221; column_padding_mobile=&#8221;on&#8221; parallax_method_1=&#8221;off&#8221; module_class=&#8221;mobile-both-padding&#8221; _builder_version=&#8221;3.0.47&#8243; background_size=&#8221;initial&#8221; background_position=&#8221;top_left&#8221; background_repeat=&#8221;repeat&#8221;][et_pb_column type=&#8221;4_4&#8243;][et_pb_text admin_label=&#8221;Oracle Forms Development Specialists (Text)&#8221; text_orientation=&#8221;center&#8221; _builder_version=&#8221;3.0.63&#8243; text_font_size=&#8221;16px&#8221; background_size=&#8221;initial&#8221; background_position=&#8221;top_left&#8221; background_repeat=&#8221;repeat&#8221; module_alignment=&#8221;center&#8221;]<\/p>\n<h2><strong>Especialistas en desarrollo de Oracle Forms<\/strong><\/h2>\n<p>[\/et_pb_text][\/et_pb_column][\/et_pb_row][et_pb_row use_custom_width=&#8221;on&#8221; width_unit=&#8221;off&#8221; custom_padding=&#8221;0px||0px|&#8221; padding_mobile=&#8221;off&#8221; column_padding_mobile=&#8221;on&#8221; parallax_method_1=&#8221;off&#8221; parallax_method_2=&#8221;off&#8221; module_class=&#8221;mobile-both-padding&#8221; _builder_version=&#8221;3.0.66&#8243; background_size=&#8221;initial&#8221; background_position=&#8221;top_left&#8221; background_repeat=&#8221;repeat&#8221;][et_pb_column type=&#8221;4_4&#8243;][et_pb_text admin_label=&#8221;Our full-stack team has the knowledge and experience&#8230; (Text)&#8221; text_orientation=&#8221;center&#8221; module_class=&#8221;mobile-centered&#8221; _builder_version=&#8221;3.0.66&#8243; text_font_size=&#8221;16px&#8221; background_size=&#8221;initial&#8221; background_position=&#8221;top_left&#8221; background_repeat=&#8221;repeat&#8221; module_alignment=&#8221;center&#8221;]<\/p>\n<p>Nuestro equipo tiene el conocimiento y la experiencia para ayudar en su proyecto. Contamos con m\u00e1s de 15 a\u00f1os de experiencia en el desarrollo de Oracle Forms, Oracle ADF, APEX, migraciones a Java y transformaci\u00f3n de sistemas digitales. Las aplicaciones en Oracle Forms han sido un proceso de negocio clave en organizaciones de todo el mundo.<\/p>\n<p>PITSS cuenta con soluciones especializadas para PL\/SQL, actualizaciones de Oracle Forms, Reingenier\u00eda, migraci\u00f3n de Oracle Forms a ADF, Java o APEX y an\u00e1lisis de aplicaciones. PITSS ha desarrollado, actualizado y migrado miles de aplicaciones de Oracle Forms en todo el mundo. Proporcionamos a sus aplicaciones funcionalidad moderna, habilitaci\u00f3n web, avanzada y todo eso con s\u00f3lo unos pocos ajustes, en el menor tiempo posible.<\/p>\n<p>[\/et_pb_text][\/et_pb_column][\/et_pb_row][\/et_pb_section][et_pb_section bb_built=&#8221;1&#8243; background_color=&#8221;#006bb3&#8243; custom_padding=&#8221;30px||30px|&#8221; _builder_version=&#8221;3.0.66&#8243; custom_padding_tablet=&#8221;50px|0|50px|0&#8243; custom_padding_last_edited=&#8221;on|desktop&#8221; global_module=&#8221;108&#8243;][et_pb_row global_parent=&#8221;108&#8243; make_fullwidth=&#8221;on&#8221; custom_padding=&#8221;0px||0px|&#8221; _builder_version=&#8221;3.0.66&#8243;][et_pb_column type=&#8221;1_2&#8243;][et_pb_text global_parent=&#8221;108&#8243; background_layout=&#8221;dark&#8221; module_class=&#8221;mobile-centered&#8221; _builder_version=&#8221;3.0.69&#8243;]<\/p>\n<h3 style=\"font-size: 31px; padding: 0; padding-top: 2px;\"><strong>\u00bfListo para comenzar?<\/strong><\/h3>\n<p>[\/et_pb_text][\/et_pb_column][et_pb_column type=&#8221;1_2&#8243;][et_pb_button global_parent=&#8221;108&#8243; button_url=&#8221;\/mx\/contact&#8221; button_text=&#8221;Cont\u00e1ctenos Hoy&#8221; button_alignment=&#8221;right&#8221; background_layout=&#8221;dark&#8221; _builder_version=&#8221;3.0.69&#8243; background_color=&#8221;#006bb3&#8243; \/][\/et_pb_column][\/et_pb_row][\/et_pb_section]<\/p>\n","protected":false},"excerpt":{"rendered":"<p>Nuestros expertos en Oracle Forms pueden ayudarle con la actualizaci\u00f3n, modernizaci\u00f3n o migraci\u00f3n de su proyecto. La estrategia de Desarrollo de Pitss Despu\u00e9s de mostrarle lo que nuestro equipo puede hacer, Nos sentamos a escuchar atentamente su situaci\u00f3n. Le mostramos las posibilidades que vemos para su negocio en t\u00e9rminos tecnol\u00f3gicos. Trabajamos con su equipo de [&hellip;]<\/p>\n","protected":false},"author":19,"featured_media":0,"parent":45,"menu_order":0,"comment_status":"closed","ping_status":"closed","template":"","meta":{"_et_pb_use_builder":"on","_et_pb_old_content":"Full Service Development Page","_et_gb_content_width":"","footnotes":""},"class_list":["post-46","page","type-page","status-publish","hentry"],"_links":{"self":[{"href":"https:\/\/pitss.org\/mx\/wp-json\/wp\/v2\/pages\/46","targetHints":{"allow":["GET"]}}],"collection":[{"href":"https:\/\/pitss.org\/mx\/wp-json\/wp\/v2\/pages"}],"about":[{"href":"https:\/\/pitss.org\/mx\/wp-json\/wp\/v2\/types\/page"}],"author":[{"embeddable":true,"href":"https:\/\/pitss.org\/mx\/wp-json\/wp\/v2\/users\/19"}],"replies":[{"embeddable":true,"href":"https:\/\/pitss.org\/mx\/wp-json\/wp\/v2\/comments?post=46"}],"version-history":[{"count":14,"href":"https:\/\/pitss.org\/mx\/wp-json\/wp\/v2\/pages\/46\/revisions"}],"predecessor-version":[{"id":371,"href":"https:\/\/pitss.org\/mx\/wp-json\/wp\/v2\/pages\/46\/revisions\/371"}],"up":[{"embeddable":true,"href":"https:\/\/pitss.org\/mx\/wp-json\/wp\/v2\/pages\/45"}],"wp:attachment":[{"href":"https:\/\/pitss.org\/mx\/wp-json\/wp\/v2\/media?parent=46"}],"curies":[{"name":"wp","href":"https:\/\/api.w.org\/{rel}","templated":true}]}}