{"id":611,"date":"2013-07-04T16:47:14","date_gmt":"2013-07-04T14:47:14","guid":{"rendered":"http:\/\/pitss.org\/?page_id=611"},"modified":"2017-12-13T17:54:48","modified_gmt":"2017-12-13T16:54:48","slug":"apex-development","status":"publish","type":"page","link":"https:\/\/pitss.org\/de\/apex-development\/","title":{"rendered":"APEX Development"},"content":{"rendered":"<h2>Auf einen Blick<\/h2>\n<p>Sie wollen moderne Web Anwendungen erstellen und haben sich f\u00fcr Oracle APEX entschieden oder ziehen dies in Betracht? In diesem Training lernen Sie alles \u00fcber Oracle APEX und seine einzelnen Komponenten kennen und werden fit f\u00fcr die Erstellung datenbankbezogener Web Anwendungen.<\/p>\n<h3>Inhalte<\/h3>\n<ul>\n<li>Datenbankobjekte in APEX verwalten<\/li>\n<li>APEX Anwendungen mit dem neuen Page Designer erstellen<\/li>\n<li>Seiten und Regionen und Navigationslisten erstellen<\/li>\n<li>Klassische und interaktive Berichte erstellen<\/li>\n<li>APEX Forms erstellen<\/li>\n<li>Erstellen von modalen Dialogen<\/li>\n<li>Elemente und Buttons erstellen<\/li>\n<li>Prozesse und Seitenverarbeitung in APEX<\/li>\n<li>Dynamic Actions<\/li>\n<li>APEX Plug-ins<\/li>\n<li>Themes &amp; Templates (Universal Theme)<\/li>\n<li>Entwicklung mobiler Applikationen<\/li>\n<li>Nutzung der Assistenten<\/li>\n<li>Gemeinsam genutzte Komponenten<\/li>\n<li>Security (Autorisierung &amp; Authentifizierung)<\/li>\n<li>Verwaltung von Workspaces<\/li>\n<li>Import &amp; Export von Anwendungen<\/li>\n<\/ul>\n<h3>Ziele<\/h3>\n<ul>\n<li>APEX Anwendungen zu erstellen und zu bearbeiten<\/li>\n<li>Gemeinsam genutzte Komponenten einzusetzen<\/li>\n<li>Die APEX Assistenten effizient einzusetzen<\/li>\n<li>Das Look &amp; Feel der Anwendungen anzupassen<\/li>\n<li>APEX Anwendungen f\u00fcr den mobilen Bereich zu erstellen<\/li>\n<li>Den Prozess zur Anwendungsentwicklung zu verwalten<\/li>\n<li>Anwendungszugriffe zu verwalten<\/li>\n<\/ul>\n<h3>Details<\/h3>\n<p><strong>Aufbauende Trainings:<\/strong>\u00a0 \u2013<\/p>\n<p><strong>Voraussetzungen:<br \/>\n<\/strong><a title=\"PL\/SQL (T-DEV-PLSQL-1)\" href=\"http:\/\/www.pitss.org\/de\/plsql-development\" target=\"_blank\" rel=\"noopener\">\u00bb Kenntnisse in SQL und PL\/SQL<\/a><\/p>\n<p><a title=\"Web Technology (T-DEV-WEB-1)\" href=\"http:\/\/www.pitss.org\/de\/web-technology\" target=\"_blank\" rel=\"noopener\">\u00bb Grundkenntnisse in den Web Technologien HTML, CSS, JavaScript<\/a><\/p>\n<p><strong>Zielgruppen:<\/strong>\u00a0 \u00a0 Oracle Entwickler<br \/>\n<strong>Dauer:<\/strong>\u00a0 \u00a0 \u00a0 \u00a0 \u00a0 \u00a0 \u00a0 \u00a04 Tage<br \/>\n<strong>Preis:<\/strong>\u00a0 \u00a0 \u00a0 \u00a0 \u00a0 \u00a0 \u00a0 \u00a0 \u00a01.600 \u20ac pro TN<\/p>\n<h3>Weitere Informationen<\/h3>\n<p><strong>Methode:<\/strong><\/p>\n<ul>\n<li>Vortrag<\/li>\n<li>Fallbeispiele<\/li>\n<li>Diskussion<\/li>\n<li>\u00dcbungen (ca. 60 %) anhand von Trainingsunterlagen<\/li>\n<li>Nachbetreuung der \u00dcbungsaufgaben durch den Trainer<\/li>\n<\/ul>\n<p><strong>Abschluss:<\/strong>\u00a0 \u00a0 \u00a0 PITSS Trainingszertifikat<br \/>\n<strong>Teilnehmer: \u00a0 <\/strong>3-8<\/p>\n<h3>Downloads<\/h3>\n<p style=\"text-align: left;\"><a href=\"http:\/\/www.pitss.org\/de\/wp-content\/uploads\/2013\/Trainings_Oracle_Forms_Reports_ADF_Java_XML_APEX_PLSQL_WebLogic_Server.pdf\">\u00bb Trainingsbrosch\u00fcre<\/a><\/p>\n<p><a href=\"\/de\/trainings\/#Trainings\">\u00bb Weitere Trainings von PITSS<\/a><\/p>\n","protected":false},"excerpt":{"rendered":"<p>Auf einen Blick Sie wollen moderne Web Anwendungen erstellen und haben sich f\u00fcr Oracle APEX entschieden oder ziehen dies in Betracht? In diesem Training lernen Sie alles \u00fcber Oracle APEX und seine einzelnen Komponenten kennen und werden fit f\u00fcr die Erstellung datenbankbezogener Web Anwendungen. Inhalte Datenbankobjekte in APEX verwalten APEX Anwendungen mit dem neuen Page [&hellip;]<\/p>\n","protected":false},"author":19,"featured_media":0,"parent":0,"menu_order":0,"comment_status":"closed","ping_status":"open","template":"","meta":{"_et_pb_use_builder":"","_et_pb_old_content":"","_et_gb_content_width":"","footnotes":""},"class_list":["post-611","page","type-page","status-publish","hentry"],"_links":{"self":[{"href":"https:\/\/pitss.org\/de\/wp-json\/wp\/v2\/pages\/611","targetHints":{"allow":["GET"]}}],"collection":[{"href":"https:\/\/pitss.org\/de\/wp-json\/wp\/v2\/pages"}],"about":[{"href":"https:\/\/pitss.org\/de\/wp-json\/wp\/v2\/types\/page"}],"author":[{"embeddable":true,"href":"https:\/\/pitss.org\/de\/wp-json\/wp\/v2\/users\/19"}],"replies":[{"embeddable":true,"href":"https:\/\/pitss.org\/de\/wp-json\/wp\/v2\/comments?post=611"}],"version-history":[{"count":8,"href":"https:\/\/pitss.org\/de\/wp-json\/wp\/v2\/pages\/611\/revisions"}],"predecessor-version":[{"id":18307,"href":"https:\/\/pitss.org\/de\/wp-json\/wp\/v2\/pages\/611\/revisions\/18307"}],"wp:attachment":[{"href":"https:\/\/pitss.org\/de\/wp-json\/wp\/v2\/media?parent=611"}],"curies":[{"name":"wp","href":"https:\/\/api.w.org\/{rel}","templated":true}]}}