{"id":605,"date":"2013-07-04T16:27:34","date_gmt":"2013-07-04T14:27:34","guid":{"rendered":"http:\/\/pitss.org\/?page_id=605"},"modified":"2017-12-13T23:12:37","modified_gmt":"2017-12-13T22:12:37","slug":"plsql-development","status":"publish","type":"page","link":"https:\/\/pitss.org\/de\/plsql-development\/","title":{"rendered":"PL\/SQL Development"},"content":{"rendered":"<h2>Auf einen Blick<\/h2>\n<p>Sie wollen die leistungsstarke Programmiersprache PL\/SQL verstehen und anwenden k\u00f6nnen? Verbessern Sie Ihre Entwicklerf\u00e4higkeiten, indem Sie erlernen, PL\/SQL gespeicherte Programm Units zu erstellen. Generieren Sie PL\/SQL Bl\u00f6cke aus Anwendungs-Code, welche von mehreren Daten-Management-Anwendungen gemeinsam gen\u00fctzt werden k\u00f6nnen.<\/p>\n<h3>Inhalte<\/h3>\n<ul>\n<li>Erstellen und Debuggen von gespeicherten Prozeduren und Funktionen<\/li>\n<li>Nutzung von Oracle mitgelieferten PL\/SQL Paketen, um Bildschirm-, Datei- oder E-Mail-Ausgaben zu generieren<\/li>\n<li>HTML, CSS \u00dcberblick<\/li>\n<li>Erstellen einer dynamischen PL\/SQL-Codierung f\u00fcr mehr Flexibilit\u00e4t<\/li>\n<li>Verwalten von Abh\u00e4ngigkeiten zwischen PL\/SQL-Unterprogrammen<\/li>\n<li>Behandeln von Laufzeitfehlern<\/li>\n<\/ul>\n<h3>Ziele<\/h3>\n<p>Nach diesem Training sind Sie in der Lage:<\/p>\n<ul>\n<li>PL\/SQL Variablen zu deklarieren<\/li>\n<li>Trigger zu erstellen, um Gesch\u00e4ftsprozessanforderungen zu erf\u00fcllen<\/li>\n<li>mit PL\/SQL-Paketen verwandte Konstrukte zu gruppieren und zu sammeln<\/li>\n<li>anonyme PL\/SQL Bl\u00f6cke und Funktionen zu erstellen<\/li>\n<li>Funktionen und Syntax von PL\/SQL zu beschreiben<\/li>\n<\/ul>\n<h3>Details<\/h3>\n<p><strong>Aufbauende Trainings:<\/strong><br \/>\n<a href=\"#Leistung\">\u00bb\u00a0<\/a><a title=\"APEX Development (T-DEV-APEX-1)\" href=\"http:\/\/www.pitss.org\/de\/apex-development\" target=\"_blank\" rel=\"noopener\">APEX Development<\/a><\/p>\n<p><a href=\"#Leistung\">\u00bb\u00a0<\/a><a title=\"ADF Java &amp; Web Basics (T-DEV-ADFGL-1)\" href=\"http:\/\/www.pitss.org\/de\/adf-java-web-basics\" target=\"_blank\" rel=\"noopener\">ADF Java &amp; Web Basics<\/a><\/p>\n<p><a href=\"#Leistung\">\u00bb\u00a0<\/a><a title=\"Forms Development (T-DEV-F1-1)\" href=\"http:\/\/www.pitss.org\/de\/forms-development\" target=\"_blank\" rel=\"noopener\">Forms Development<\/a><\/p>\n<p><a href=\"#Leistung\">\u00bb\u00a0<\/a><a title=\"Reports Development (T-DEV-R1-1)\" href=\"http:\/\/www.pitss.org\/de\/reports-development\" target=\"_blank\" rel=\"noopener\">Reports Development<\/a><\/p>\n<p><a href=\"#Leistung\">\u00bb\u00a0<\/a><a title=\"Datenbank Administration (T-AD-DBA-1)\" href=\"http:\/\/www.pitss.org\/de\/datenbank-administration\" target=\"_blank\" rel=\"noopener\">Datenbank Administration<\/a><\/p>\n<p><strong>Voraussetzungen:<br \/>\n<\/strong><a href=\"#Leistung\">\u00bb\u00a0<\/a><a title=\"SQL Development (T-DEV-SQL-1)\" href=\"http:\/\/www.pitss.org\/de\/sql-development\" target=\"_blank\" rel=\"noopener\">SQL Development<\/a><\/p>\n<p><strong>Zielgruppen:<\/strong>\u00a0 \u00a0\u00a0Datenbank-Anwendungsentwickler, Datenbank-Administratoren,\u00a0Technische Berater,\u00a0Systemanalytiker,\u00a0Forms &amp; Reports Entwickler<br \/>\n<strong>Dauer:<\/strong>\u00a0 \u00a0 \u00a0 \u00a0 \u00a0 \u00a0 \u00a0\u00a0 4 Tage<br \/>\n<strong>Preis:<\/strong>\u00a0 \u00a0 \u00a0 \u00a0 \u00a0 \u00a0 \u00a0 \u00a0\u00a0 1.600 \u20ac pro TN<\/p>\n<h3>Weitere Informationen<\/h3>\n<p><strong>Methode:<\/strong><\/p>\n<ul>\n<li>Vortrag<\/li>\n<li>Fallbeispiele<\/li>\n<li>Diskussion<\/li>\n<li>\u00dcbungen (ca. 60 %) anhand von Trainingsunterlagen<\/li>\n<li>Nachbetreuung der \u00dcbungsaufgaben durch den Trainer<\/li>\n<\/ul>\n<p><strong>Abschluss:<\/strong>\u00a0 \u00a0 \u00a0 PITSS Trainingszertifikat<br \/>\n<strong>Teilnehmer: \u00a0 <\/strong>3-8<\/p>\n<h3>Downloads<\/h3>\n<p style=\"text-align: left;\"><a href=\"http:\/\/www.pitss.de\/wp-content\/uploads\/2013\/Trainings_Oracle_Forms_Reports_ADF_Java_XML_APEX_PLSQL_WebLogic_Server.pdf\">\u00bb Trainingsbrosch\u00fcre<\/a><\/p>\n<p><a href=\"\/de\/trainings\/#Trainings\">\u00bb Weitere Trainings von PITSS<\/a><\/p>\n","protected":false},"excerpt":{"rendered":"<p>Auf einen Blick Sie wollen die leistungsstarke Programmiersprache PL\/SQL verstehen und anwenden k\u00f6nnen? Verbessern Sie Ihre Entwicklerf\u00e4higkeiten, indem Sie erlernen, PL\/SQL gespeicherte Programm Units zu erstellen. Generieren Sie PL\/SQL Bl\u00f6cke aus Anwendungs-Code, welche von mehreren Daten-Management-Anwendungen gemeinsam gen\u00fctzt werden k\u00f6nnen. Inhalte Erstellen und Debuggen von gespeicherten Prozeduren und Funktionen Nutzung von Oracle mitgelieferten PL\/SQL Paketen, [&hellip;]<\/p>\n","protected":false},"author":19,"featured_media":0,"parent":0,"menu_order":0,"comment_status":"closed","ping_status":"open","template":"","meta":{"_et_pb_use_builder":"","_et_pb_old_content":"","_et_gb_content_width":"","footnotes":""},"class_list":["post-605","page","type-page","status-publish","hentry"],"_links":{"self":[{"href":"https:\/\/pitss.org\/de\/wp-json\/wp\/v2\/pages\/605","targetHints":{"allow":["GET"]}}],"collection":[{"href":"https:\/\/pitss.org\/de\/wp-json\/wp\/v2\/pages"}],"about":[{"href":"https:\/\/pitss.org\/de\/wp-json\/wp\/v2\/types\/page"}],"author":[{"embeddable":true,"href":"https:\/\/pitss.org\/de\/wp-json\/wp\/v2\/users\/19"}],"replies":[{"embeddable":true,"href":"https:\/\/pitss.org\/de\/wp-json\/wp\/v2\/comments?post=605"}],"version-history":[{"count":7,"href":"https:\/\/pitss.org\/de\/wp-json\/wp\/v2\/pages\/605\/revisions"}],"predecessor-version":[{"id":18382,"href":"https:\/\/pitss.org\/de\/wp-json\/wp\/v2\/pages\/605\/revisions\/18382"}],"wp:attachment":[{"href":"https:\/\/pitss.org\/de\/wp-json\/wp\/v2\/media?parent=605"}],"curies":[{"name":"wp","href":"https:\/\/api.w.org\/{rel}","templated":true}]}}