{"id":595,"date":"2013-07-04T16:06:12","date_gmt":"2013-07-04T14:06:12","guid":{"rendered":"http:\/\/pitss.org\/?page_id=595"},"modified":"2017-12-13T20:14:03","modified_gmt":"2017-12-13T19:14:03","slug":"java-ee-web-development-expert","status":"publish","type":"page","link":"https:\/\/pitss.org\/de\/java-ee-web-development-expert\/","title":{"rendered":"JAVA EE Web Development Expert"},"content":{"rendered":"<h2>Auf einen Blick<\/h2>\n<p>Sie wollen JAVA EE Web Applikationen mit JSP und Servlet Technologien entwickeln? Dieses Hands-on Training zeigt einfach und praxisnah, wie man Web Applikationen mit Java analysiert, konzipiert, entwickelt und bereitstellt.<\/p>\n<h3>Inhalte<\/h3>\n<ul>\n<li>Einf\u00fchrung in die JavaServlets<\/li>\n<li>Einf\u00fchrung in die Java Server Pages<\/li>\n<li>MVC Design<\/li>\n<li>Servlet Umgebung<\/li>\n<li>Container Facilities f\u00fcr Servlet und JSP<\/li>\n<li>Entwicklung von JSP Seiten<\/li>\n<\/ul>\n<h3>Ziele<\/h3>\n<p>Nach diesem Training sind Sie in der Lage:<\/p>\n<ul>\n<li>fortgeschrittene Kenntnisse in der Java EE Programmierung umzusetzen<\/li>\n<\/ul>\n<h3>Details<\/h3>\n<p><strong>Aufbauende Trainings:<\/strong>\u00a0 \u2013<\/p>\n<p><strong>Voraussetzungen:<br \/>\n<\/strong><a href=\"#Leistung\">\u00bb\u00a0<\/a><a title=\"Java Development Advanced (T-DEV-Java2-1)\" href=\"http:\/\/www.pitss.org\/de\/java-development-advanced\" target=\"_blank\" rel=\"noopener\">Java Development Advanced<\/a><\/p>\n<p><strong>Zielgruppen:<\/strong> \u00a0 \u00a0Entwickler<br \/>\n<strong>Dauer:<\/strong>\u00a0 \u00a0 \u00a0 \u00a0 \u00a0 \u00a0 \u00a0 \u00a05 Tage<br \/>\n<strong>Preis:<\/strong>\u00a0 \u00a0 \u00a0 \u00a0 \u00a0 \u00a0 \u00a0 \u00a0 \u00a02.000 \u20ac pro TN<\/p>\n<h3>Weitere Informationen<\/h3>\n<p><strong>Methode:<\/strong><\/p>\n<ul>\n<li>Vortrag<\/li>\n<li>Fallbeispiele<\/li>\n<li>Diskussion<\/li>\n<li>\u00dcbungen (ca. 60 %) anhand von Trainingsunterlagen<\/li>\n<li>Nachbetreuung der \u00dcbungsaufgaben durch den Trainer<\/li>\n<\/ul>\n<p><strong>Abschluss:<\/strong>\u00a0 \u00a0 \u00a0 PITSS Trainingszertifikat<br \/>\n<strong>Teilnehmer: \u00a0 <\/strong>3-8<\/p>\n<h3>Downloads<\/h3>\n<p style=\"text-align: left;\"><a href=\"http:\/\/www.pitss.org\/de\/wp-content\/uploads\/2013\/Trainings_Oracle_Forms_Reports_ADF_Java_XML_APEX_PLSQL_WebLogic_Server.pdf\">\u00bb Trainingsbrosch\u00fcre<\/a><\/p>\n<p><a href=\"\/de\/trainings\/#Trainings\">\u00bb Weitere Trainings von PITSS<\/a><\/p>\n","protected":false},"excerpt":{"rendered":"<p>Auf einen Blick Sie wollen JAVA EE Web Applikationen mit JSP und Servlet Technologien entwickeln? Dieses Hands-on Training zeigt einfach und praxisnah, wie man Web Applikationen mit Java analysiert, konzipiert, entwickelt und bereitstellt. Inhalte Einf\u00fchrung in die JavaServlets Einf\u00fchrung in die Java Server Pages MVC Design Servlet Umgebung Container Facilities f\u00fcr Servlet und JSP Entwicklung [&hellip;]<\/p>\n","protected":false},"author":19,"featured_media":0,"parent":0,"menu_order":0,"comment_status":"closed","ping_status":"open","template":"","meta":{"_et_pb_use_builder":"","_et_pb_old_content":"","_et_gb_content_width":"","footnotes":""},"class_list":["post-595","page","type-page","status-publish","hentry"],"_links":{"self":[{"href":"https:\/\/pitss.org\/de\/wp-json\/wp\/v2\/pages\/595","targetHints":{"allow":["GET"]}}],"collection":[{"href":"https:\/\/pitss.org\/de\/wp-json\/wp\/v2\/pages"}],"about":[{"href":"https:\/\/pitss.org\/de\/wp-json\/wp\/v2\/types\/page"}],"author":[{"embeddable":true,"href":"https:\/\/pitss.org\/de\/wp-json\/wp\/v2\/users\/19"}],"replies":[{"embeddable":true,"href":"https:\/\/pitss.org\/de\/wp-json\/wp\/v2\/comments?post=595"}],"version-history":[{"count":6,"href":"https:\/\/pitss.org\/de\/wp-json\/wp\/v2\/pages\/595\/revisions"}],"predecessor-version":[{"id":18343,"href":"https:\/\/pitss.org\/de\/wp-json\/wp\/v2\/pages\/595\/revisions\/18343"}],"wp:attachment":[{"href":"https:\/\/pitss.org\/de\/wp-json\/wp\/v2\/media?parent=595"}],"curies":[{"name":"wp","href":"https:\/\/api.w.org\/{rel}","templated":true}]}}