{"id":4604,"date":"2015-02-25T10:11:20","date_gmt":"2015-02-25T09:11:20","guid":{"rendered":"http:\/\/pitss.loy.info\/?page_id=4604"},"modified":"2017-12-13T23:06:27","modified_gmt":"2017-12-13T22:06:27","slug":"oracle-soa-suite","status":"publish","type":"page","link":"https:\/\/pitss.org\/de\/oracle-soa-suite\/","title":{"rendered":"ORACLE SOA SUITE"},"content":{"rendered":"<h2>Oracle Service-Oriented Architecture Suite \u2013 Mehr SOA geht nicht!<\/h2>\n<p style=\"text-align: left;\">Sie k\u00e4mpfen mit Integrationsproblemen beim Aufbau Ihrer SOA-Umgebung &#8211; f\u00fcr jedes Thema ein anderes Tool?<\/p>\n<p>Vollst\u00e4ndig, integriert und leistungsf\u00e4hig: Oracle SOA Suite: Die Plattform f\u00fcr alle SOA-Anforderungen!<\/p>\n<h3>Fortschrittlich<\/h3>\n<p>SOA als Grundlage erfolgreicher, innovativer IT-Strategien<\/p>\n<h3>Durchg\u00e4ngig<\/h3>\n<p>Von der Konzeption bis zu Betrieb und Administration<\/p>\n<h3>Skalierbar<\/h3>\n<p>Schrittweiser Umstieg in moderne Technologien und Konzepte m\u00f6glich<\/p>\n<h3>Vollst\u00e4ndig<\/h3>\n<p>Alle erforderlichen Funktionalit\u00e4ten in einer Suite<\/p>\n<h3>Effizient<\/h3>\n<p>K\u00fcrzere Markteinf\u00fchrungszeiten, schnellere Umsetzung von Gesch\u00e4ftsanforderungen<\/p>\n<h3>Wirtschaftlich<\/h3>\n<p>Mittel- &amp; langfristig deutliche Senkung der Total Cost of Ownership der gesamten IT<\/p>\n<p style=\"text-align: left;\"><a title=\"Ihr Kontakt zu PITSS\" href=\"http:\/\/www.pitss.de\/ihr-kontakt-zu-pitss\">Kontaktieren Sie uns!<\/a><\/p>\n<p style=\"text-align: center;\"><img loading=\"lazy\" decoding=\"async\" class=\"alignnone size-full wp-image-4971\" src=\"https:\/\/pitss.org\/de\/wp-content\/uploads\/2015\/02\/portrait_staude.png\" alt=\"portrait_staude\" width=\"106\" height=\"106\" \/><\/p>\n<p><em><strong>&#8222;Dank der F\u00e4higkeit der Oracle SOA Suite, Cloud, Mobil, Inhouse und das Internet der Dinge innerhalb einer Plattform zu integrieren, sind Anwender f\u00fcr die aktuellen Herausforderungen an eine innovative und zukunftsorientierte IT-Entwicklung optimal aufgestellt.&#8220;<\/strong><\/em><\/p>\n<p><em>Thorsten Staude, Sales Manager PITSS Region Nord<\/em><\/p>\n<h3>Downloads<\/h3>\n<ul>\n<li><a href=\"https:\/\/pitss.org\/de\/wp-content\/uploads\/2015\/02\/Oracle-SOA-Suite-Datasheet-eng.pdf\" target=\"_blank\" rel=\"noopener\">Oracle SOA Suite Datasheet<\/a><\/li>\n<\/ul>\n<h3>Warum PITSS?<\/h3>\n<p>[\/vc_column_text][vc_column_text el_class=&#8220;textcolumn2_new&#8220;]Unsere Kompetenz resultiert aus den Erfahrungen von \u00fcber 500 erfolgreich absolvierten Oracle Modernisierungsprojekten und den damit verbundenen Beratungsleistungen. Ein Schwerpunkt ist Reengineering von Oracle Forms Anwendungen in Richtung SOA, der sich in verschiedenen PITSS.CON Modulen und Serviceangeboten niederschl\u00e4gt. Auch im Bereich der Entwicklung und Weiterentwicklung moderner Web Applikationen im SOA Umfeld haben wir zahlreiche Kunden beim Einsatz von Oracle ADF, Oracle ADF Essentials und Oracle MAF sowie Oracle APEX unterst\u00fctzt.<\/p>\n<p>Ein weiterer Schwerpunkt ist der Oracle License Check. Unter Ber\u00fccksichtigung Ihrer Deployment- und Virtualisierungsstrategie erarbeiten wir mit Ihnen in Abh\u00e4ngigkeit Ihrer individuellen Infrastruktur eine optimale L\u00f6sung. Ob Sie neue Lizenzen ben\u00f6tigen oder Bestehende erweitern m\u00f6chten: In vielen F\u00e4llen ergibt sich signifikantes Potential, um Lizenz- und Support Kosten zu optimieren. Als Oracle Partner verf\u00fcgen wir \u00fcber attraktive Gestaltungsm\u00f6glichkeiten. Unsere Lizenzexperten stellen mithilfe unseres erprobten Vorgehensmodells sicher, dass Sie unter Einhaltung der Oracle Lizenz Software Compliance optimal lizenziert sind.[\/vc_column_text][\/vc_column][\/vc_row][vc_row el_class=&#8220;greyh3&#8243;][vc_column][vc_column_text]<\/p>\n<h3>Auf den Punkt gebracht<\/h3>\n<p>[\/vc_column_text][vc_column_text el_class=&#8220;textcolumn2_new&#8220;]SOA \u2013 die serviceorientierte Architektur \u2013 ist heute integraler Bestandteil jeder zukunftsorientierten IT-Strategie. Mit SOA lassen sich die technologischen Herausforderungen aus Cloud-Anwendungen, dem wachsenden Bedarf an mobilen L\u00f6sungen und dem Internet der Dinge effizient adressieren.<\/p>\n<p>Die Oracle SOA Suite, eine Komponente der Oracle Fusion Middleware Plattform, sorgt f\u00fcr Systemintegration unter Ber\u00fccksichtigung der SOA-Standards. Sie bietet alle notwendigen Bausteine, um das komplexe Thema Applikationsintegration in agile, wiederverwendbare, servicebasierte Konnektivit\u00e4tskomponenten zu \u00fcbertragen. Die Oracle SOA Suite deckt dabei alle Anforderungen von der Konzeption, \u00fcber Realisierung bis hin zu Betrieb, Wartung und Management vollst\u00e4ndiger SOA-Umgebungen durchg\u00e4ngig ab.<\/p>\n<p>Das Ziel, h\u00f6chstm\u00f6gliche Wiederverwendung bestehender IT-Bausteine \u2013 unabh\u00e4ngig von der Umgebung in der sie genutzt werden, wird durch konsistentes Tooling, das integrierte Betriebs- und Managementmodell, End-to-End-Security sowie einheitliches Metadaten-Management effizient erreicht. Mit der Oracle SOA Suite lassen sich Services erstellen, verwalten und zu vollst\u00e4ndigen Applikationen und Gesch\u00e4ftsprozessen zusammenfassen (orchestrieren). Die skalierbare Architektur- und Applikationsentwicklung wird durch Hot-Plugable-Komponenten erheblich vereinfacht.[\/vc_column_text][\/vc_column][\/vc_row][vc_row el_class=&#8220;bggrey&#8220;][vc_column][vc_column_text]<\/p>\n<h3>Funktionale Highlights &amp; Komponenten<\/h3>\n<p>[\/vc_column_text][vc_column_text el_class=&#8220;textcolumn2_new&#8220;]<strong>Funktionale Highlights<\/strong><\/p>\n<ul>\n<li style=\"text-align: left;\">Einfache Drag-&amp;-Drop-Funktionalit\u00e4t sorgt f\u00fcr schnellen Aufbau Metadaten-basierter Unternehmensanwendungen<\/li>\n<li style=\"text-align: left;\">Ereignisgesteuerte SOA-Funktionen f\u00fcr flexible, interaktive Applikationen<\/li>\n<li style=\"text-align: left;\">Sukzessive Einf\u00fchrung von SOA in den Organisationen m\u00f6glich<\/li>\n<li style=\"text-align: left;\">Standardbasierte, hot-pluggable Infrastruktur, die mit bestehender IT interagiert<\/li>\n<li style=\"text-align: left;\">Bausteine f\u00fcr konsistentes Tooling, ein integriertes Betriebs- und Managementmodell, End-to-End-Security und einheitliches Metadaten-Management<\/li>\n<li style=\"text-align: left;\">Gesteuerte Orchestrierung von Services mithilfe von Regelwerken<\/li>\n<\/ul>\n<p><strong>Komponenten<\/strong><\/p>\n<ul>\n<li style=\"text-align: left;\">Oracle Web Services Manager \u2013 vollst\u00e4ndige Service-Infrastruktur inkl. Security-Management<\/li>\n<li style=\"text-align: left;\">Prozessabbildung \u00fcber Oracle BPEL Process Manager<\/li>\n<li style=\"text-align: left;\">Datenanbindung und Transformation mittels Oracle Mediator, Adapter und B2B<\/li>\n<li style=\"text-align: left;\">Oracle Event Processing, User Messaging Services, Business Events und Event Delivery Network<\/li>\n<li style=\"text-align: left;\">Oracle Business Rules zur Abbildung komplexer Regelwerke<\/li>\n<li style=\"text-align: left;\">Enterprise Service Bus mittels Oracle OSB<\/li>\n<li style=\"text-align: left;\">Mustererkennung und Analyse mittels Oracle Complex Event Processing<\/li>\n<li style=\"text-align: left;\">Zentrales Development mittles Oracle Jdeveloper<\/li>\n<li style=\"text-align: left;\">Oracle Business Activity Monitoring<\/li>\n<li style=\"text-align: left;\">Oracle Enterprise Manager zum Betrieb der SOA-Infrastruktur<\/li>\n<\/ul>\n","protected":false},"excerpt":{"rendered":"<p>Oracle Service-Oriented Architecture Suite \u2013 Mehr SOA geht nicht! Sie k\u00e4mpfen mit Integrationsproblemen beim Aufbau Ihrer SOA-Umgebung &#8211; f\u00fcr jedes Thema ein anderes Tool? Vollst\u00e4ndig, integriert und leistungsf\u00e4hig: Oracle SOA Suite: Die Plattform f\u00fcr alle SOA-Anforderungen! Fortschrittlich SOA als Grundlage erfolgreicher, innovativer IT-Strategien Durchg\u00e4ngig Von der Konzeption bis zu Betrieb und Administration Skalierbar Schrittweiser Umstieg [&hellip;]<\/p>\n","protected":false},"author":19,"featured_media":0,"parent":0,"menu_order":0,"comment_status":"closed","ping_status":"open","template":"","meta":{"_et_pb_use_builder":"","_et_pb_old_content":"","_et_gb_content_width":"","footnotes":""},"class_list":["post-4604","page","type-page","status-publish","hentry"],"_links":{"self":[{"href":"https:\/\/pitss.org\/de\/wp-json\/wp\/v2\/pages\/4604","targetHints":{"allow":["GET"]}}],"collection":[{"href":"https:\/\/pitss.org\/de\/wp-json\/wp\/v2\/pages"}],"about":[{"href":"https:\/\/pitss.org\/de\/wp-json\/wp\/v2\/types\/page"}],"author":[{"embeddable":true,"href":"https:\/\/pitss.org\/de\/wp-json\/wp\/v2\/users\/19"}],"replies":[{"embeddable":true,"href":"https:\/\/pitss.org\/de\/wp-json\/wp\/v2\/comments?post=4604"}],"version-history":[{"count":6,"href":"https:\/\/pitss.org\/de\/wp-json\/wp\/v2\/pages\/4604\/revisions"}],"predecessor-version":[{"id":18376,"href":"https:\/\/pitss.org\/de\/wp-json\/wp\/v2\/pages\/4604\/revisions\/18376"}],"wp:attachment":[{"href":"https:\/\/pitss.org\/de\/wp-json\/wp\/v2\/media?parent=4604"}],"curies":[{"name":"wp","href":"https:\/\/api.w.org\/{rel}","templated":true}]}}