{"id":4543,"date":"2015-02-24T18:00:44","date_gmt":"2015-02-24T17:00:44","guid":{"rendered":"http:\/\/pitss.loy.info\/?page_id=4543"},"modified":"2017-09-04T09:21:48","modified_gmt":"2017-09-04T07:21:48","slug":"reports2bi-publisher","status":"publish","type":"page","link":"https:\/\/pitss.org\/de\/reports2bi-publisher\/","title":{"rendered":"Reports2BI-Publisher"},"content":{"rendered":"<p>[et_pb_section bb_built=&#8220;1&#8243; fullwidth=&#8220;on&#8220; specialty=&#8220;off&#8220; _builder_version=&#8220;3.0.69&#8243; background_image=&#8220;https:\/\/pitss.org\/de\/wp-content\/uploads\/sites\/9\/2015\/02\/reporting.jpg&#8220; parallax=&#8220;on&#8220;][et_pb_fullwidth_header _builder_version=&#8220;3.0.69&#8243; title=&#8220;Migration &#8211; Oracle Reports nach BI Publisher&#8220; subhead=&#8220;Modernes Reporting in Oracle Forms 12c (und dar\u00fcber hinaus)&#8220; button_one_text=&#8220;Kontakt&#8220; background_overlay_color=&#8220;rgba(0,0,0,0.59)&#8220; text_orientation=&#8220;center&#8220; header_fullscreen=&#8220;off&#8220; header_scroll_down=&#8220;off&#8220; image_orientation=&#8220;center&#8220; background_layout=&#8220;dark&#8220; content_orientation=&#8220;center&#8220; custom_button_one=&#8220;off&#8220; button_one_letter_spacing=&#8220;0&#8243; button_one_icon_placement=&#8220;right&#8220; button_one_letter_spacing_hover=&#8220;0&#8243; custom_button_two=&#8220;off&#8220; button_two_letter_spacing=&#8220;0&#8243; button_two_icon_placement=&#8220;right&#8220; button_two_letter_spacing_hover=&#8220;0&#8243; button_one_url=&#8220;#kontakt&#8220; \/][\/et_pb_section][et_pb_section bb_built=&#8220;1&#8243;][et_pb_row][et_pb_column type=&#8220;4_4&#8243;][et_pb_text _builder_version=&#8220;3.0.69&#8243; background_layout=&#8220;light&#8220; text_orientation=&#8220;left&#8220; border_style=&#8220;solid&#8220;]<\/p>\n<h2>Migration nach Oracle BI Publisher<\/h2>\n<p>Oracle Reports wird seitens Oracle nicht mehr weiterentwickelt. Die strategische Reporting L\u00f6sung ist der BI Publisher. Oracle bekr\u00e4ftigte am 30.08.17 noch einmal, dass die neueste Forms Version 12.2.1.3 gleichzeitig auch der &#8222;final release&#8220; ist und empfohlen wird, k\u00fcnftig den BI Publisher anstelle von Oracle Reports zu verwenden.<\/p>\n<p>Selbst wenn aktuell noch Support f\u00fcr Reports angeboten wird, ist die Planung eines Umstiegs sinnvoll, um sich den Nutzen der innovativen Technologien zu sichern.<\/p>\n<h3>Erschlie\u00dfen Sie Ihren Anwendern ein modernes Berichtswesen<\/h3>\n<p><strong>Sie wollen die M\u00f6glichkeiten eines modernen Reportings voll aussch\u00f6pfen? Die toolgest\u00fctzte<\/strong><strong>\u00a0Migration von Reports nach BI Publisher ebnet Ihnen den Weg daf\u00fcr!<\/strong><\/p>\n<p>&nbsp;<\/p>\n<p>[\/et_pb_text][\/et_pb_column][\/et_pb_row][et_pb_row _builder_version=&#8220;3.0.69&#8243; background_position_1=&#8220;top_left&#8220; background_repeat_1=&#8220;no-repeat&#8220; background_position_2=&#8220;top_left&#8220; background_repeat_2=&#8220;no-repeat&#8220; background_position_3=&#8220;top_left&#8220; background_repeat_3=&#8220;no-repeat&#8220; background_position_4=&#8220;top_left&#8220; background_repeat_4=&#8220;no-repeat&#8220; make_equal=&#8220;on&#8220; custom_margin=&#8220;-30px|||&#8220;][et_pb_column type=&#8220;1_4&#8243;][et_pb_blurb _builder_version=&#8220;3.0.69&#8243; title=&#8220;Zukunftsorientiert&#8220; url_new_window=&#8220;off&#8220; use_icon=&#8220;off&#8220; background_color=&#8220;#006bb3&#8243; use_circle=&#8220;off&#8220; use_circle_border=&#8220;off&#8220; icon_placement=&#8220;top&#8220; use_icon_font_size=&#8220;off&#8220; background_layout=&#8220;dark&#8220; text_orientation=&#8220;center&#8220; border_style=&#8220;solid&#8220; custom_padding=&#8220;20px|10px|20px|10px&#8220; animation=&#8220;top&#8220; header_font_size=&#8220;24&#8243;]<\/p>\n<p>Breites Spektrum an Gestaltungs- und Einsatzm\u00f6glichkeiten<\/p>\n<p>[\/et_pb_blurb][\/et_pb_column][et_pb_column type=&#8220;1_4&#8243;][et_pb_blurb _builder_version=&#8220;3.0.69&#8243; title=&#8220;Einfach&#8220; url_new_window=&#8220;off&#8220; use_icon=&#8220;off&#8220; background_color=&#8220;#006bb3&#8243; use_circle=&#8220;off&#8220; use_circle_border=&#8220;off&#8220; icon_placement=&#8220;top&#8220; use_icon_font_size=&#8220;off&#8220; background_layout=&#8220;dark&#8220; text_orientation=&#8220;center&#8220; border_style=&#8220;solid&#8220; custom_padding=&#8220;20px|10px|20px|10px&#8220; animation=&#8220;top&#8220; header_font_size=&#8220;24&#8243;]<\/p>\n<p>Keine Programmierkenntnisse f\u00fcr neue Berichte erforderlich<\/p>\n<p>[\/et_pb_blurb][\/et_pb_column][et_pb_column type=&#8220;1_4&#8243;][et_pb_blurb _builder_version=&#8220;3.0.69&#8243; title=&#8220;Effizient&#8220; url_new_window=&#8220;off&#8220; use_icon=&#8220;off&#8220; background_color=&#8220;#006bb3&#8243; use_circle=&#8220;off&#8220; use_circle_border=&#8220;off&#8220; icon_placement=&#8220;top&#8220; use_icon_font_size=&#8220;off&#8220; background_layout=&#8220;dark&#8220; text_orientation=&#8220;center&#8220; border_style=&#8220;solid&#8220; custom_padding=&#8220;20px|10px|20px|10px&#8220; animation=&#8220;top&#8220; header_font_size=&#8220;24&#8243;]<\/p>\n<p>Automatisierter Umstieg minimiert Aufw\u00e4nde und Fehlerquellen<\/p>\n<p>[\/et_pb_blurb][\/et_pb_column][et_pb_column type=&#8220;1_4&#8243;][et_pb_blurb _builder_version=&#8220;3.0.69&#8243; title=&#8220;Wirtschaftlich&#8220; url_new_window=&#8220;off&#8220; use_icon=&#8220;off&#8220; background_color=&#8220;#006bb3&#8243; use_circle=&#8220;off&#8220; use_circle_border=&#8220;off&#8220; icon_placement=&#8220;top&#8220; use_icon_font_size=&#8220;off&#8220; background_layout=&#8220;dark&#8220; text_orientation=&#8220;center&#8220; border_style=&#8220;solid&#8220; custom_padding=&#8220;20px|10px|20px|10px&#8220; animation=&#8220;top&#8220; header_font_size=&#8220;24&#8243;]<\/p>\n<p>Kosteng\u00fcnstigere Projektabwicklung dank\u00a0Automatisierung<\/p>\n<p>[\/et_pb_blurb][\/et_pb_column][\/et_pb_row][et_pb_row][et_pb_column type=&#8220;4_4&#8243;][et_pb_text _builder_version=&#8220;3.0.69&#8243; background_layout=&#8220;light&#8220; text_orientation=&#8220;left&#8220; border_style=&#8220;solid&#8220;]<\/p>\n<p>Mit den interaktiven Management Reports geht der BI Publisher weit \u00fcber die M\u00f6glichkeiten von Oracle Reports hinaus. Hinzu kommt die M\u00f6glichkeit, dass sich Anwender mithilfe des Layout-Editors oder Plug-Ins f\u00fcr Word und Excel eigene Berichte erstellen und \u00e4ndern k\u00f6nnen und ein breites Spektrum an Formaten f\u00fcr alle Einsatzgebiete unterst\u00fctzt wird. Die Berichte und Dokumente des BI Publisher lassen sich in allen Oracle Umgebungen \u2013 ADF, APEX, Forms \u2013 als auch auf Oracle fremden Plattformen problemlos einbinden.<\/p>\n<p>&nbsp;<\/p>\n<p>[\/et_pb_text][\/et_pb_column][\/et_pb_row][\/et_pb_section][et_pb_section bb_built=&#8220;1&#8243; fullwidth=&#8220;off&#8220; specialty=&#8220;off&#8220; _builder_version=&#8220;3.0.69&#8243; background_image=&#8220;https:\/\/pitss.org\/de\/wp-content\/uploads\/sites\/9\/2017\/05\/pattern-1.jpg&#8220; parallax=&#8220;on&#8220;][et_pb_row _builder_version=&#8220;3.0.69&#8243; background_position_1=&#8220;top_left&#8220; background_repeat_1=&#8220;no-repeat&#8220;][et_pb_column type=&#8220;4_4&#8243;][et_pb_testimonial _builder_version=&#8220;3.0.69&#8243; author=&#8220;Dieter Schuster&#8220; job_title=&#8220;IT-Leiter&#8220; company_name=&#8220;Ziemann+Bauer GmbH&#8220; url_new_window=&#8220;off&#8220; quote_icon=&#8220;on&#8220; use_background_color=&#8220;on&#8220; quote_icon_background_color=&#8220;#bfbfbf&#8220; background_layout=&#8220;dark&#8220; text_orientation=&#8220;left&#8220; border_style=&#8220;solid&#8220; background_color=&#8220;rgba(255,255,255,0.2)&#8220;]<\/p>\n<p><em><strong>Mit dem Oracle BI Publisher ergeben sich v\u00f6llig neue Perspektiven bei der Erstellung von Gesch\u00e4ftsdokumenten und der Darstellung von bereichs\u00fcbergreifenden Business-Informationen.<\/strong><\/em><\/p>\n<p>[\/et_pb_testimonial][\/et_pb_column][\/et_pb_row][\/et_pb_section][et_pb_section bb_built=&#8220;1&#8243; fullwidth=&#8220;off&#8220; specialty=&#8220;off&#8220;][et_pb_row][et_pb_column type=&#8220;4_4&#8243;][et_pb_text _builder_version=&#8220;3.0.69&#8243; background_layout=&#8220;light&#8220; text_orientation=&#8220;left&#8220; border_style=&#8220;solid&#8220;]<\/p>\n<h3>Warum PITSS?<\/h3>\n<p>Mithilfe von PITSS.CON und Unterst\u00fctzung durch das Consulting-Team von PITSS l\u00e4sst sich ein derartiger Umstieg mit \u00fcberschaubarem Aufwand bew\u00e4ltigen. Dabei kann es auch zu einem Parallelbetrieb beider Technologien kommen, um einen nahtlosen und st\u00f6rungsfreien \u00dcbergang zu gew\u00e4hrleisten.<\/p>\n<h3>PITSS unterst\u00fctzt Sie durch<\/h3>\n<ul>\n<li style=\"text-align: left;\">Analyse Ihrer Anforderungen<\/li>\n<li style=\"text-align: left;\">Werkzeuggest\u00fctzte Untersuchung Ihrer Reports<\/li>\n<li style=\"text-align: left;\">Entwicklung von Umstiegsoptionen<\/li>\n<li style=\"text-align: left;\">Training Ihrer Mitarbeiter im Einsatz von BI Publisher<\/li>\n<li style=\"text-align: left;\">Umsetzung der Migrationsstrategie in einen Projektplan<\/li>\n<li style=\"text-align: left;\">Werkzeuggest\u00fctzte Vorbereitung mit Code-Bereinigung, Entfernen \u00fcberfl\u00fcssiger Code-Segmente und \u00dcbertragung der Business-Logik in die Datenbank<\/li>\n<li style=\"text-align: left;\">Durchf\u00fchrung der Migration<\/li>\n<li style=\"text-align: left;\">Unterst\u00fctzung beim Feintuning<\/li>\n<\/ul>\n<p>&nbsp;<\/p>\n<p>[\/et_pb_text][\/et_pb_column][\/et_pb_row][\/et_pb_section][et_pb_section bb_built=&#8220;1&#8243; admin_label=&#8220;section&#8220; background_color=&#8220;#006bb3&#8243; padding_mobile=&#8220;off&#8220; width_unit=&#8220;off&#8220; fullwidth=&#8220;off&#8220; specialty=&#8220;off&#8220; parallax_1=&#8220;off&#8220; parallax_2=&#8220;off&#8220; parallax_3=&#8220;off&#8220; parallax_method_1=&#8220;on&#8220; parallax_method_2=&#8220;on&#8220; parallax_method_3=&#8220;on&#8220; module_id=&#8220;contact&#8220; module_class=&#8220;white-text&#8220; disabled=&#8220;off&#8220; disabled_on=&#8220;off|off|off&#8220; _builder_version=&#8220;3.0.61&#8243; global_module=&#8220;13197&#8243;][et_pb_row admin_label=&#8220;row&#8220; global_parent=&#8220;13197&#8243; make_fullwidth=&#8220;off&#8220; use_custom_width=&#8220;off&#8220; width_unit=&#8220;off&#8220; custom_width_px=&#8220;1080px&#8220; custom_width_percent=&#8220;80%&#8220; use_custom_gutter=&#8220;off&#8220; gutter_width=&#8220;3&#8243; padding_mobile=&#8220;off&#8220; allow_player_pause=&#8220;off&#8220; parallax=&#8220;off&#8220; parallax_method=&#8220;on&#8220; make_equal=&#8220;off&#8220; column_padding_mobile=&#8220;on&#8220; parallax_1=&#8220;off&#8220; parallax_method_1=&#8220;on&#8220; parallax_2=&#8220;off&#8220; parallax_method_2=&#8220;on&#8220; parallax_3=&#8220;off&#8220; parallax_method_3=&#8220;on&#8220; parallax_4=&#8220;off&#8220; parallax_method_4=&#8220;on&#8220; disabled=&#8220;off&#8220; background_position=&#8220;top_left&#8220; background_repeat=&#8220;repeat&#8220; background_size=&#8220;initial&#8220;][et_pb_column type=&#8220;1_3&#8243;][et_pb_text global_parent=&#8220;13197&#8243; _builder_version=&#8220;3.0.61&#8243; background_layout=&#8220;dark&#8220; text_orientation=&#8220;left&#8220; border_style=&#8220;solid&#8220;]<\/p>\n<h4>Kontaktieren Sie uns jetzt und legen Sie den Grundstein f\u00fcr Ihre digitale Transformation!<\/h4>\n<p>[\/et_pb_text][et_pb_image global_parent=&#8220;13197&#8243; _builder_version=&#8220;3.0.61&#8243; src=&#8220;https:\/\/pitss.org\/de\/wp-content\/uploads\/sites\/9\/2017\/05\/pitss_R_white_transp.gif&#8220; show_in_lightbox=&#8220;off&#8220; url_new_window=&#8220;off&#8220; use_overlay=&#8220;off&#8220; sticky=&#8220;off&#8220; align=&#8220;left&#8220; always_center_on_mobile=&#8220;on&#8220; border_style=&#8220;solid&#8220; max_width=&#8220;160px&#8220; force_fullwidth=&#8220;off&#8220; \/][et_pb_text global_parent=&#8220;13197&#8243; _builder_version=&#8220;3.0.61&#8243; background_layout=&#8220;dark&#8220; text_orientation=&#8220;left&#8220; border_style=&#8220;solid&#8220;]<\/p>\n<h6><a title=\"Rufen Sie uns an!\" href=\"tel:49-711-914-012-28\">+49 711 \/ 9140 12-28<\/a><\/h6>\n<h6><a title=\"Email customerservice@pitss.de\" href=\"mailto:customerservice@pitss.de\">Dorin Schewe | Customer Service customerservice@pitss.de<\/a><\/h6>\n<p>[\/et_pb_text][\/et_pb_column][et_pb_column type=&#8220;2_3&#8243;][et_pb_code global_parent=&#8220;13197&#8243; module_id=&#8220;de-kontaktformular-footer-allgemein&#8220; module_class=&#8220;white-text&#8220; disabled=&#8220;off&#8220; \/][\/et_pb_column][\/et_pb_row][\/et_pb_section]<\/p>\n","protected":false},"excerpt":{"rendered":"<p><div class=\"et_pb_row et_pb_row_0 et_pb_row_empty\">\n\t\t\t\t\n\t\t\t\t\n\t\t\t\t\n\t\t\t\t\n\t\t\t\t\n\t\t\t<\/div> Migration nach Oracle BI Publisher Oracle Reports wird seitens Oracle nicht mehr weiterentwickelt. Die strategische Reporting L\u00f6sung ist der BI Publisher. Oracle bekr\u00e4ftigte am 30.08.17 noch einmal, dass die neueste Forms Version 12.2.1.3 gleichzeitig auch der &#8222;final release&#8220; ist und empfohlen wird, k\u00fcnftig den BI Publisher anstelle von Oracle Reports zu verwenden. Selbst wenn [&hellip;]<\/p>\n","protected":false},"author":19,"featured_media":0,"parent":0,"menu_order":0,"comment_status":"closed","ping_status":"open","template":"","meta":{"_et_pb_use_builder":"on","_et_pb_old_content":"<p>[vc_row el_class=\"fullwidth bgblue\"][vc_column][vc_column_text]<\/p><h1>Modernisierung: Reports2BIP<\/h1><p>[\/vc_column_text][\/vc_column][\/vc_row][vc_row el_class=\"firstafterblue\"][vc_column][vc_column_text]<\/p><h2>Erschlie\u00dfen Sie Ihren Anwendern ein modernes Berichtswesen<\/h2><p>[\/vc_column_text][\/vc_column][\/vc_row][vc_row][vc_column width=\"1\/3\"][vc_column_text]<\/p><p style=\"text-align: right;\"><strong>Sie wollen die M\u00f6glichkeiten eines modernen Reportings voll aussch\u00f6pfen?<\/strong><\/p><p>[\/vc_column_text][\/vc_column][vc_column width=\"1\/3\"][vc_single_image image=\"8018\" img_size=\"full\" alignment=\"center\"][\/vc_column][vc_column width=\"1\/3\"][vc_column_text]<strong>Werkzeuggest\u00fctzte Migration von Reports nach BI Publisher ebnet Ihnen den Weg daf\u00fcr!<\/strong>[\/vc_column_text][\/vc_column][\/vc_row][vc_row el_class=\"benefit\"][vc_column width=\"1\/4\"][vc_column_text]<\/p><h3>Zukunftsorientiert<\/h3><p>Breites Spektrum an Gestaltungs- und Einsatzm\u00f6glichkeiten[\/vc_column_text][\/vc_column][vc_column width=\"1\/4\"][vc_column_text]<\/p><h3>Einfach<\/h3><p>Keine Programmierkenntnisse f\u00fcr neue Berichte erforderlich[\/vc_column_text][\/vc_column][vc_column width=\"1\/4\"][vc_column_text]<\/p><h3>Effizient<\/h3><p>Automatisierter Umstieg minimiert Aufw\u00e4nde und Fehlerquellen[\/vc_column_text][\/vc_column][vc_column width=\"1\/4\"][vc_column_text]<\/p><h3>Wirtschaftlich<\/h3><p>Kosteng\u00fcnstigere Projektabwicklung dank\u00a0Automatisierung[\/vc_column_text][\/vc_column][\/vc_row][vc_row el_class=\"fullwidth contact\"][vc_column][vc_column_text]<\/p><p style=\"text-align: center;\"><a title=\"Ihr Kontakt zu PITSS\" href=\"http:\/\/pitss.org\/de\/ihr-kontakt-zu-pitss\">Kontaktieren Sie uns!<\/a><\/p><p>[\/vc_column_text][\/vc_column][\/vc_row][vc_row el_class=\"marginrow\"][vc_column width=\"1\/3\" el_class=\"testimonial\"][vc_column_text]<\/p><p style=\"text-align: center;\"><img class=\"alignnone size-full wp-image-4516\" src=\"https:\/\/pitss.org\/de\/wp-content\/uploads\/2013\/08\/portrait_platzhalter.png\" alt=\"portrait_platzhalter\" width=\"106\" height=\"106\" \/><\/p><p><em><strong>\"Mit dem Oracle BI Publisher ergeben sich v\u00f6llig neue Perspektiven bei der Erstellung von Gesch\u00e4ftsdokumenten und der Darstellung von bereichs\u00fcbergreifenden Business-Informationen.\"<\/strong><\/em><\/p><p><em>Dieter Schuster, IT-Leiter, Ziemann+Bauer GmbH<\/em>[\/vc_column_text][\/vc_column][vc_column width=\"1\/3\" el_class=\"info middleborders\"][vc_column_text]<\/p><h3>Zusatzinfos<\/h3><p><a href=\"#Leistung\">\u00bb Auf den Punkt gebracht<br \/> <\/a><a href=\"#Funktion\">\u00bb Warum PITSS?<\/a>[\/vc_column_text][\/vc_column][vc_column width=\"1\/3\" el_class=\"info\"][vc_column_text]<\/p><h3>L\u00f6sungsbausteine<\/h3><div align=\"left\"><span style=\"color: #888888;\">Produkte<\/span><br \/> <a href=\"\/de\/pitsscon\">\u00bb PITSS.CON<\/a><br \/> <a href=\"\/de\/oracle-bi-publisher\">\u00bb Oracle \u2013 BI Publisher<\/a><\/div><div align=\"left\"><span style=\"color: #888888;\">Analysen<\/span><br \/> <a href=\"\/de\/status-quo-analyse\">\u00bb Status-quo-Analyse<\/a><br \/> <a href=\"https:\/\/pitss.org\/de\/reports2bip-migrationsanalyse\/\">\u00bb Reports2BIP Analyse<\/a><br \/> <a href=\"\/de\/sa-workshops\">\u00bb PITSS Analysen<\/a><\/div><div align=\"left\"><span style=\"color: #888888;\">Trainings<\/span><br \/> <a href=\"\/de\/bi-publisher-development\">\u00bb BI Publisher Development<\/a><\/div><p>[\/vc_column_text][\/vc_column][\/vc_row][vc_row el_class=\"bggrey\"][vc_column][vc_column_text]<\/p><h3><a id=\"Leistung\"><\/a>Auf den Punkt gebracht<\/h3><p>[\/vc_column_text][vc_column_text el_class=\"textcolumn2_new\"]Oracle Reports wird seitens Oracle nur in geringem Umfang weiterentwickelt. Die strategische Reporting L\u00f6sung ist Oracle BI Publisher. Selbst wenn noch langfristig Support f\u00fcr Reports angeboten wird, ist die Planung eines Umstiegs sinnvoll, um sich den Nutzen der innovativen Technologien zu erschlie\u00dfen.<\/p><p>Mit den interaktiven Management Reports geht der BI Publisher weit \u00fcber die M\u00f6glichkeiten von Oracle Reports hinaus. Hinzu kommt die M\u00f6glichkeit, dass sich Anwender mithilfe des Layout-Editors oder Plug-Ins f\u00fcr Word und Excel eigene Berichte erstellen und \u00e4ndern k\u00f6nnen und ein breites Spektrum an Formaten f\u00fcr alle Einsatzgebiete unterst\u00fctzt wird. Die Berichte und Dokumente des BI Publisher lassen sich in allen Oracle Umgebungen \u2013 ADF, APEX, Forms \u2013 als auch auf Oracle fremden Plattformen problemlos einbinden.[\/vc_column_text][\/vc_column][\/vc_row][vc_row el_class=\"greyh3\"][vc_column][vc_column_text]<\/p><h3><a id=\"Funktion\"><\/a>Warum PITSS?<\/h3><p>[\/vc_column_text][vc_column_text el_class=\"textcolumn2_new\"]Mithilfe von PITSS.CON und Unterst\u00fctzung durch das Consulting-Team von PITSS l\u00e4sst sich ein derartiger Umstieg mit \u00fcberschaubarem Aufwand bew\u00e4ltigen. Dabei kann es auch zu einem Parallelbetrieb beider Technologien kommen, um einen nahtlosen und st\u00f6rungsfreien \u00dcbergang zu gew\u00e4hrleisten.<\/p><p>PITSS unterst\u00fctzt Sie durch<\/p><ul><li style=\"text-align: left;\">Analyse Ihrer Anforderungen<\/li><li style=\"text-align: left;\">Werkzeuggest\u00fctzte Untersuchung Ihrer Reports<\/li><li style=\"text-align: left;\">Entwicklung von Umstiegsoptionen<\/li><li style=\"text-align: left;\">Training Ihrer Mitarbeiter im Einsatz von BI Publisher<\/li><li style=\"text-align: left;\">Umsetzung der Migrationsstrategie in einen Projektplan<\/li><li style=\"text-align: left;\">Werkzeuggest\u00fctzte Vorbereitung mit Code-Bereinigung, Entfernen \u00fcberfl\u00fcssiger Code-Segmente und \u00dcbertragung der Business-Logik in die Datenbank<\/li><li style=\"text-align: left;\">Durchf\u00fchrung der Migration<\/li><li style=\"text-align: left;\">Unterst\u00fctzung beim Feintuning<\/li><\/ul><p>[\/vc_column_text][\/vc_column][\/vc_row]<\/p>","_et_gb_content_width":"","footnotes":""},"class_list":["post-4543","page","type-page","status-publish","hentry"],"_links":{"self":[{"href":"https:\/\/pitss.org\/de\/wp-json\/wp\/v2\/pages\/4543","targetHints":{"allow":["GET"]}}],"collection":[{"href":"https:\/\/pitss.org\/de\/wp-json\/wp\/v2\/pages"}],"about":[{"href":"https:\/\/pitss.org\/de\/wp-json\/wp\/v2\/types\/page"}],"author":[{"embeddable":true,"href":"https:\/\/pitss.org\/de\/wp-json\/wp\/v2\/users\/19"}],"replies":[{"embeddable":true,"href":"https:\/\/pitss.org\/de\/wp-json\/wp\/v2\/comments?post=4543"}],"version-history":[{"count":15,"href":"https:\/\/pitss.org\/de\/wp-json\/wp\/v2\/pages\/4543\/revisions"}],"predecessor-version":[{"id":16633,"href":"https:\/\/pitss.org\/de\/wp-json\/wp\/v2\/pages\/4543\/revisions\/16633"}],"wp:attachment":[{"href":"https:\/\/pitss.org\/de\/wp-json\/wp\/v2\/media?parent=4543"}],"curies":[{"name":"wp","href":"https:\/\/api.w.org\/{rel}","templated":true}]}}