{"id":3933,"date":"2014-11-14T09:43:25","date_gmt":"2014-11-14T08:43:25","guid":{"rendered":"http:\/\/www.pitss.de\/?page_id=3933"},"modified":"2017-12-13T18:08:17","modified_gmt":"2017-12-13T17:08:17","slug":"database-11g-performance-tuning","status":"publish","type":"page","link":"https:\/\/pitss.org\/de\/database-11g-performance-tuning\/","title":{"rendered":"Database 11g Performance Tuning"},"content":{"rendered":"<h2>Auf einen Blick<\/h2>\n<p>Sie wollen die Performance Ihrer Datenbank tunen? In diesem Training werden Ihnen\u00a0die Schritte erkl\u00e4rt, die Sie ausf\u00fchren m\u00fcssen, um die Problembereiche zu identifizieren\u00a0und zu beheben.<\/p>\n<h3>Inhalte<\/h3>\n<ul>\n<li>Konfiguration Monitoringtools<\/li>\n<li>\u00dcberpr\u00fcfung verf\u00fcgbarer Reports<\/li>\n<li>Einf\u00fchrung in Diagnosetools<\/li>\n<li>Verwendung von Statistiken, Gliederungen und\u00a0Profilen zur Beeinflussung des Optimizers<\/li>\n<li>Hinzuf\u00fcgen und Erneuerung von Indizes<\/li>\n<li>Benutzung des SQL Advisors<\/li>\n<li>Einf\u00fchrung von Database Replay und des\u00a0SQL Performance Analysetools<\/li>\n<li>Grundz\u00fcge der Datenbank Architektur<\/li>\n<\/ul>\n<h3>Ziele<\/h3>\n<p>Nach diesem Training sind Sie in der Lage:<\/p>\n<ul>\n<li>Tools zur Analyse der Schwachstellen zu benutzen<\/li>\n<li>Ma\u00dfnahmen zu ergreifen um diese Schwachstellen\u00a0zu beheben<\/li>\n<li>zu verstehen, wie die Datenbank Architektur die\u00a0Performance beeinflusst<\/li>\n<\/ul>\n<h3>Details<\/h3>\n<p><strong>Aufbauende Trainings:<\/strong>\u00a0 \u2013<\/p>\n<p><strong>Voraussetzungen:<\/strong><\/p>\n<ul>\n<li>Grundkenntnisse \u00fcber\u00a0Betriebssysteme<\/li>\n<li>Grundlagen des Oracle\u00a0Application Servers<\/li>\n<\/ul>\n<p><strong>Zielgruppen:<\/strong>\u00a0 \u00a0\u00a0Systemadministratoren<br \/>\n<strong>Dauer: \u00a0<\/strong>\u00a0 \u00a0 \u00a0 \u00a0 \u00a0 \u00a0 \u00a05 Tage<br \/>\n<strong>Preis:<\/strong>\u00a0 \u00a0 \u00a0 \u00a0 \u00a0 \u00a0 \u00a0 \u00a0 \u00a02.750 \u20ac pro TN<\/p>\n<h3>Weitere Informationen<\/h3>\n<p><strong>Methode:<\/strong><\/p>\n<ul>\n<li>Vortrag<\/li>\n<li>Fallbeispiele<\/li>\n<li>Diskussion<\/li>\n<li>\u00dcbungen (ca. 60 %) anhand von Trainingsunterlagen<\/li>\n<li>Nachbetreuung der \u00dcbungsaufgaben durch den Trainer<\/li>\n<\/ul>\n<p><strong>Abschluss:<\/strong>\u00a0 \u00a0 \u00a0 PITSS Trainingszertifikat<br \/>\n<strong>Teilnehmer: \u00a0 <\/strong>3-8<\/p>\n<h3>Downloads<\/h3>\n<p style=\"text-align: left;\"><a href=\"http:\/\/www.pitss.org\/de\/wp-content\/uploads\/2013\/Trainings_Oracle_Forms_Reports_ADF_Java_XML_APEX_PLSQL_WebLogic_Server.pdf\">\u00bb Trainingsbrosch\u00fcre<\/a><\/p>\n<p><a href=\"\/de\/trainings\/#Trainings\">\u00bb Weitere Trainings von PITSS<\/a><\/p>\n","protected":false},"excerpt":{"rendered":"<p>Auf einen Blick Sie wollen die Performance Ihrer Datenbank tunen? In diesem Training werden Ihnen\u00a0die Schritte erkl\u00e4rt, die Sie ausf\u00fchren m\u00fcssen, um die Problembereiche zu identifizieren\u00a0und zu beheben. Inhalte Konfiguration Monitoringtools \u00dcberpr\u00fcfung verf\u00fcgbarer Reports Einf\u00fchrung in Diagnosetools Verwendung von Statistiken, Gliederungen und\u00a0Profilen zur Beeinflussung des Optimizers Hinzuf\u00fcgen und Erneuerung von Indizes Benutzung des SQL Advisors [&hellip;]<\/p>\n","protected":false},"author":19,"featured_media":0,"parent":0,"menu_order":0,"comment_status":"closed","ping_status":"open","template":"","meta":{"_et_pb_use_builder":"","_et_pb_old_content":"","_et_gb_content_width":"","footnotes":""},"class_list":["post-3933","page","type-page","status-publish","hentry"],"_links":{"self":[{"href":"https:\/\/pitss.org\/de\/wp-json\/wp\/v2\/pages\/3933","targetHints":{"allow":["GET"]}}],"collection":[{"href":"https:\/\/pitss.org\/de\/wp-json\/wp\/v2\/pages"}],"about":[{"href":"https:\/\/pitss.org\/de\/wp-json\/wp\/v2\/types\/page"}],"author":[{"embeddable":true,"href":"https:\/\/pitss.org\/de\/wp-json\/wp\/v2\/users\/19"}],"replies":[{"embeddable":true,"href":"https:\/\/pitss.org\/de\/wp-json\/wp\/v2\/comments?post=3933"}],"version-history":[{"count":9,"href":"https:\/\/pitss.org\/de\/wp-json\/wp\/v2\/pages\/3933\/revisions"}],"predecessor-version":[{"id":18318,"href":"https:\/\/pitss.org\/de\/wp-json\/wp\/v2\/pages\/3933\/revisions\/18318"}],"wp:attachment":[{"href":"https:\/\/pitss.org\/de\/wp-json\/wp\/v2\/media?parent=3933"}],"curies":[{"name":"wp","href":"https:\/\/api.w.org\/{rel}","templated":true}]}}