{"id":16508,"date":"2017-08-22T16:12:08","date_gmt":"2017-08-22T14:12:08","guid":{"rendered":"https:\/\/pitss.org\/de\/?page_id=16508"},"modified":"2021-10-14T18:01:53","modified_gmt":"2021-10-14T16:01:53","slug":"projektdigital","status":"publish","type":"page","link":"https:\/\/pitss.org\/de\/projektdigital\/","title":{"rendered":"Projekt Digital &#8211; PITSS Corporate Blog"},"content":{"rendered":"<p>[et_pb_section fb_built=&#8220;1&#8243; custom_padding_last_edited=&#8220;on|tablet&#8220; _builder_version=&#8220;4.7.0&#8243; _module_preset=&#8220;default&#8220; background_color=&#8220;#247df2&#8243; background_image=&#8220;https:\/\/pitss.org\/de\/wp-content\/uploads\/sites\/9\/2021\/01\/Header-BLOG-2000x550px.png&#8220; min_height=&#8220;400px&#8220; min_height_tablet=&#8220;475px&#8220; min_height_phone=&#8220;475px&#8220; min_height_last_edited=&#8220;on|desktop&#8220; custom_margin=&#8220;||||false|false&#8220; custom_padding=&#8220;50px||||false|false&#8220; custom_padding_tablet=&#8220;&#8220; custom_padding_phone=&#8220;&#8220; locked=&#8220;off&#8220; global_colors_info=&#8220;{}&#8220;][et_pb_row _builder_version=&#8220;4.6.5&#8243; _module_preset=&#8220;default&#8220; width_tablet=&#8220;&#8220; width_phone=&#8220;&#8220; width_last_edited=&#8220;on|phone&#8220; custom_margin=&#8220;50px||||false|false&#8220; custom_padding=&#8220;0px|||||&#8220; global_colors_info=&#8220;{}&#8220;][et_pb_column type=&#8220;4_4&#8243; _builder_version=&#8220;4.5.3&#8243; _module_preset=&#8220;default&#8220; global_colors_info=&#8220;{}&#8220;][et_pb_text content_tablet=&#8220;<\/p>\n<h1>Projekt Digital<\/h1>\n<p>Der Blog f\u00fcr digitale Business Leader<\/p>\n<p>&#8220; content_phone=&#8220;<\/p>\n<h1>Projekt Digital<\/h1>\n<p>Der Blog f\u00fcr digitale Business Leader<\/p>\n<p>&#8220; content_last_edited=&#8220;on|phone&#8220; admin_label=&#8220;Text&#8220; _builder_version=&#8220;4.7.0&#8243; _module_preset=&#8220;default&#8220; text_text_color=&#8220;#494949&#8243; text_line_height=&#8220;1.6em&#8220; header_font=&#8220;|||on|||||&#8220; header_text_align=&#8220;left&#8220; header_font_size=&#8220;2.6vw&#8220; header_line_height=&#8220;1.3em&#8220; background_color=&#8220;#ffffff&#8220; width_tablet=&#8220;80%&#8220; width_phone=&#8220;100%&#8220; width_last_edited=&#8220;on|phone&#8220; max_width=&#8220;48%&#8220; module_alignment=&#8220;left&#8220; custom_padding=&#8220;20px|29px|20px|30px|false|false&#8220; text_font_size_tablet=&#8220;17px&#8220; text_font_size_phone=&#8220;&#8220; text_font_size_last_edited=&#8220;on|tablet&#8220; header_font_tablet=&#8220;&#8220; header_font_phone=&#8220;&#8220; header_font_last_edited=&#8220;on|tablet&#8220; header_font_size_tablet=&#8220;5vw&#8220; header_font_size_phone=&#8220;7vw&#8220; header_font_size_last_edited=&#8220;on|tablet&#8220; border_radii=&#8220;on|12px|12px|12px|12px&#8220; global_colors_info=&#8220;{}&#8220;]<\/p>\n<h1>Projekt Digital<\/h1>\n<p>Der Blog f\u00fcr digitale Business Leader<\/p>\n<p>[\/et_pb_text][\/et_pb_column][\/et_pb_row][\/et_pb_section][et_pb_section fb_built=&#8220;1&#8243; _builder_version=&#8220;3.22&#8243; global_colors_info=&#8220;{}&#8220;][et_pb_row module_class=&#8220;custom-pagination&#8220; _builder_version=&#8220;3.25&#8243; global_colors_info=&#8220;{}&#8220;][et_pb_column type=&#8220;4_4&#8243; _builder_version=&#8220;3.0.47&#8243; background_position=&#8220;top_left&#8220; custom_padding=&#8220;|||&#8220; global_colors_info=&#8220;{}&#8220; custom_padding__hover=&#8220;|||&#8220;][et_pb_blog fullwidth=&#8220;off&#8220; include_categories=&#8220;212&#8243; show_more=&#8220;on&#8220; show_author=&#8220;off&#8220; show_date=&#8220;off&#8220; show_categories=&#8220;off&#8220; _builder_version=&#8220;4.7.0&#8243; header_font=&#8220;|on|||&#8220; header_font_size=&#8220;18px&#8220; custom_css_read_more=&#8220;text-transform:capitalize; display:block; background:#006bb3; color:#fff; font-weight:700; margin:20px -20px -20px -20px; padding:10px 20px 12px 20px; text-align:center;&#8220; border_width_all=&#8220;0px&#8220; border_radii_image=&#8220;on|12px|12px|12px|12px&#8220; global_colors_info=&#8220;{}&#8220;][\/et_pb_blog][et_pb_text disabled_on=&#8220;on|on|on&#8220; _builder_version=&#8220;4.7.0&#8243; _module_preset=&#8220;default&#8220; disabled=&#8220;on&#8220; global_colors_info=&#8220;{}&#8220;][netsposts must_include_categories=&#8217;Projekt Digital&#8220;][\/et_pb_text][\/et_pb_column][\/et_pb_row][\/et_pb_section][et_pb_section fb_built=&#8220;1&#8243; custom_padding_last_edited=&#8220;on|desktop&#8220; disabled_on=&#8220;off|off|off&#8220; admin_label=&#8220;section&#8220; module_id=&#8220;kontakt&#8220; module_class=&#8220;white-text&#8220; _builder_version=&#8220;3.22.3&#8243; background_color=&#8220;#757575&#8243; custom_padding_tablet=&#8220;50px|0|50px|0&#8243; custom_padding_phone=&#8220;&#8220; z_index_tablet=&#8220;500&#8243; transparent_background=&#8220;off&#8220; padding_mobile=&#8220;off&#8220; width_unit=&#8220;off&#8220; locked=&#8220;off&#8220; global_colors_info=&#8220;{}&#8220;][et_pb_row column_padding_mobile=&#8220;on&#8220; admin_label=&#8220;row&#8220; module_id=&#8220;contact&#8220; _builder_version=&#8220;4.7.0&#8243; background_size=&#8220;initial&#8220; background_position=&#8220;top_left&#8220; background_repeat=&#8220;repeat&#8220; custom_margin=&#8220;0px||||false|false&#8220; custom_padding=&#8220;1px||||false|false&#8220; global_colors_info=&#8220;{}&#8220;][et_pb_column type=&#8220;4_4&#8243; _builder_version=&#8220;3.0.47&#8243; custom_padding=&#8220;|||&#8220; global_colors_info=&#8220;{}&#8220; custom_padding__hover=&#8220;|||&#8220;][et_pb_image src=&#8220;https:\/\/pitss.org\/de\/wp-content\/uploads\/sites\/9\/2019\/05\/PITSS-Logo-White.png&#8220; title_text=&#8220;PITSS-Logo-White&#8220; _builder_version=&#8220;4.7.0&#8243; _module_preset=&#8220;default&#8220; max_width=&#8220;31%&#8220; global_colors_info=&#8220;{}&#8220;][\/et_pb_image][\/et_pb_column][\/et_pb_row][et_pb_row column_structure=&#8220;1_3,1_3,1_3&#8243; padding_mobile=&#8220;off&#8220; column_padding_mobile=&#8220;on&#8220; admin_label=&#8220;row&#8220; module_id=&#8220;contact&#8220; _builder_version=&#8220;3.25&#8243; background_size=&#8220;initial&#8220; background_position=&#8220;top_left&#8220; background_repeat=&#8220;repeat&#8220; global_colors_info=&#8220;{}&#8220;][et_pb_column type=&#8220;1_3&#8243; _builder_version=&#8220;3.0.47&#8243; custom_padding=&#8220;|||&#8220; global_colors_info=&#8220;{}&#8220; custom_padding__hover=&#8220;|||&#8220;][et_pb_text _builder_version=&#8220;4.7.0&#8243; _module_preset=&#8220;default&#8220; text_font_size=&#8220;20px&#8220; text_letter_spacing=&#8220;1px&#8220; header_3_font_size=&#8220;1.6vw&#8220; header_4_font_size=&#8220;1.1vw&#8220; background_layout=&#8220;dark&#8220; text_font_size_tablet=&#8220;13px&#8220; text_font_size_phone=&#8220;13px&#8220; text_font_size_last_edited=&#8220;on|phone&#8220; header_3_font_size_tablet=&#8220;3vw&#8220; header_3_font_size_phone=&#8220;4vw&#8220; header_3_font_size_last_edited=&#8220;on|phone&#8220; header_4_font_size_tablet=&#8220;2.4vw&#8220; header_4_font_size_phone=&#8220;3.6vw&#8220; header_4_font_size_last_edited=&#8220;on|phone&#8220; global_colors_info=&#8220;{}&#8220;]<\/p>\n<p><span style=\"font-size:24px;\"><strong>Popul\u00e4re Themen<\/strong><\/span><\/p>\n<p><span style=\"color: #ffffff;\"><a style=\"color: #ffffff;\" href=\"https:\/\/pitss.org\/de\/migration-oracle-forms-nach-apex\">Forms nach APEX<\/a><\/span><\/p>\n<p><span style=\"color: #ffffff;\"><a style=\"color: #ffffff;\" href=\"https:\/\/pitss.org\/de\/migration-reports-nach-jasper\/\">Reports nach Jasper<\/a><\/span><\/p>\n<p>[\/et_pb_text][et_pb_divider show_divider=&#8220;off&#8220; disabled_on=&#8220;on|on|off&#8220; _builder_version=&#8220;4.6.5&#8243; _module_preset=&#8220;default&#8220; height=&#8220;100px&#8220; global_colors_info=&#8220;{}&#8220;][\/et_pb_divider][\/et_pb_column][et_pb_column type=&#8220;1_3&#8243; _builder_version=&#8220;3.0.47&#8243; custom_padding=&#8220;|||&#8220; global_colors_info=&#8220;{}&#8220; custom_padding__hover=&#8220;|||&#8220;][et_pb_text _builder_version=&#8220;4.7.0&#8243; _module_preset=&#8220;default&#8220; text_font_size=&#8220;20px&#8220; text_letter_spacing=&#8220;1px&#8220; header_3_font_size=&#8220;1.6vw&#8220; header_4_font_size=&#8220;1.1vw&#8220; background_layout=&#8220;dark&#8220; text_font_size_tablet=&#8220;13px&#8220; text_font_size_phone=&#8220;13px&#8220; text_font_size_last_edited=&#8220;on|phone&#8220; header_3_font_size_tablet=&#8220;3vw&#8220; header_3_font_size_phone=&#8220;4vw&#8220; header_3_font_size_last_edited=&#8220;on|phone&#8220; header_4_font_size_tablet=&#8220;2.4vw&#8220; header_4_font_size_phone=&#8220;3.6vw&#8220; header_4_font_size_last_edited=&#8220;on|phone&#8220; global_colors_info=&#8220;{}&#8220;]<\/p>\n<p><span style=\"font-size:24px;\"><strong>Mehr Informationen<\/strong><\/span><\/p>\n<p><span style=\"color: #ffffff;\"><a style=\"color: #ffffff;\" href=\"https:\/\/pitss.org\/de\/produkte\/\">Produkte<\/a><\/span><\/p>\n<p><span style=\"color: #ffffff;\"><a style=\"color: #ffffff;\" href=\"https:\/\/pitss.org\/de\/referenzen\/\">Referenzen<\/a><\/span><\/p>\n<p><span style=\"color: #ffffff;\"><a style=\"color: #ffffff;\" href=\"https:\/\/pitss.org\/de\/unternehmen\/karriere\/\">Karriere<\/a><\/span><\/p>\n<p>[\/et_pb_text][\/et_pb_column][et_pb_column type=&#8220;1_3&#8243; _builder_version=&#8220;3.0.47&#8243; custom_padding=&#8220;|||&#8220; global_colors_info=&#8220;{}&#8220; custom_padding__hover=&#8220;|||&#8220;][et_pb_text _builder_version=&#8220;4.7.0&#8243; _module_preset=&#8220;default&#8220; text_font_size=&#8220;20px&#8220; text_letter_spacing=&#8220;1px&#8220; header_3_font_size=&#8220;1.6vw&#8220; header_4_font_size=&#8220;1.1vw&#8220; background_layout=&#8220;dark&#8220; text_font_size_tablet=&#8220;13px&#8220; text_font_size_phone=&#8220;13px&#8220; text_font_size_last_edited=&#8220;on|phone&#8220; header_3_font_size_tablet=&#8220;3vw&#8220; header_3_font_size_phone=&#8220;4vw&#8220; header_3_font_size_last_edited=&#8220;on|phone&#8220; header_4_font_size_tablet=&#8220;2.4vw&#8220; header_4_font_size_phone=&#8220;3.6vw&#8220; header_4_font_size_last_edited=&#8220;on|phone&#8220; global_colors_info=&#8220;{}&#8220;]<\/p>\n<p><span style=\"font-size:24px;\"><strong>N\u00fctzliches<\/strong><\/span><\/p>\n<p><span style=\"color: #ffffff;\"><a style=\"color: #ffffff;\" href=\"https:\/\/jirapitss.atlassian.net\/servicedesk\/customer\/portal\/7\/user\/login?destination=portal%2F7\">Developer Support<\/a><\/span><\/p>\n<p><span style=\"color: #ffffff;\"><a style=\"color: #ffffff;\" href=\"https:\/\/pitss.org\/de\/newsletter-anmeldung\/\">Newsletter<\/a><\/span><\/p>\n<p><span style=\"color: #ffffff;\"><a style=\"color: #ffffff;\" href=\"https:\/\/pitss.org\/de\/projektdigital\/\">Blog<\/a><\/span><\/p>\n<p><span style=\"color: #ffffff;\"><a style=\"color: #ffffff;\" href=\"https:\/\/pitss.org\/us\/knowledgebase\/\">Knowledgebase<\/a><\/span><\/p>\n<p><span style=\"color: #ffffff;\"><a style=\"color: #ffffff;\" href=\"https:\/\/pitss.org\/de\/impressum\/\">Impressum<\/a><\/span><\/p>\n<p><span style=\"color: #ffffff;\"><a style=\"color: #ffffff;\" href=\"https:\/\/pitss.org\/de\/datenschutzerklarung\/\">Datenschutzrichtlinie<\/a><\/span><\/p>\n<p>[\/et_pb_text][\/et_pb_column][\/et_pb_row][et_pb_row column_structure=&#8220;3_5,2_5&#8243; _builder_version=&#8220;4.7.0&#8243; _module_preset=&#8220;default&#8220; custom_margin_tablet=&#8220;30px||||false|false&#8220; custom_margin_phone=&#8220;&#8220; custom_margin_last_edited=&#8220;on|phone&#8220; custom_padding=&#8220;||0px|||&#8220; locked=&#8220;off&#8220; global_colors_info=&#8220;{}&#8220;][et_pb_column type=&#8220;3_5&#8243; _builder_version=&#8220;4.7.0&#8243; _module_preset=&#8220;default&#8220; global_colors_info=&#8220;{}&#8220;][\/et_pb_column][et_pb_column type=&#8220;2_5&#8243; _builder_version=&#8220;4.7.0&#8243; _module_preset=&#8220;default&#8220; global_colors_info=&#8220;{}&#8220;][et_pb_text _builder_version=&#8220;4.7.0&#8243; _module_preset=&#8220;default&#8220; text_orientation=&#8220;center&#8220; width=&#8220;100%&#8220; module_alignment=&#8220;center&#8220; global_colors_info=&#8220;{}&#8220;]<\/p>\n<p><a href=\"https:\/\/twitter.com\/PITSS_GmbH\" target=\"_blank\" rel=\"noopener noreferrer\"><img loading=\"lazy\" decoding=\"async\" class=\"wp-image-30547 size-medium\" src=\"https:\/\/pitss.org\/de\/wp-content\/uploads\/sites\/9\/2020\/10\/Twitter-300x219.png\" alt=\"\" width=\"40\" height=\"30\" srcset=\"https:\/\/pitss.org\/de\/wp-content\/uploads\/sites\/9\/2020\/10\/Twitter-300x219.png 300w, https:\/\/pitss.org\/de\/wp-content\/uploads\/sites\/9\/2020\/10\/Twitter-400x300.png 400w, https:\/\/pitss.org\/de\/wp-content\/uploads\/sites\/9\/2020\/10\/Twitter.png 411w\" sizes=\"auto, (max-width: 40px) 100vw, 40px\" \/><\/a>\u00a0<a href=\"https:\/\/www.linkedin.com\/company\/69888\/admin\/\" target=\"_blank\" rel=\"noopener noreferrer\"><img loading=\"lazy\" decoding=\"async\" class=\"wp-image-30545 size-medium\" src=\"https:\/\/pitss.org\/de\/wp-content\/uploads\/sites\/9\/2020\/10\/LikedIn-300x266.png\" alt=\"\" width=\"32\" height=\"30\" \/><\/a>\u00a0<a href=\"https:\/\/www.xing.com\/companies\/pitssgmbh\" target=\"_blank\" rel=\"noopener noreferrer\"><img loading=\"lazy\" decoding=\"async\" class=\"wp-image-30548 size-medium\" src=\"https:\/\/pitss.org\/de\/wp-content\/uploads\/sites\/9\/2020\/10\/Xing.png\" alt=\"\" width=\"30\" height=\"30\" srcset=\"https:\/\/pitss.org\/de\/wp-content\/uploads\/sites\/9\/2020\/10\/Xing.png 300w, https:\/\/pitss.org\/de\/wp-content\/uploads\/sites\/9\/2020\/10\/Xing-150x150.png 150w\" sizes=\"auto, (max-width: 30px) 100vw, 30px\" \/><\/a>\u00a0<a href=\"https:\/\/www.youtube.com\/user\/pitssam\" target=\"_blank\" rel=\"noopener noreferrer\"><img loading=\"lazy\" decoding=\"async\" class=\"wp-image-30546 size-medium\" src=\"https:\/\/pitss.org\/de\/wp-content\/uploads\/sites\/9\/2020\/10\/YouTube-300x179.png\" alt=\"\" width=\"46\" height=\"46\" \/><\/a>\u00a0<a href=\"https:\/\/www.facebook.com\/PitssDE\/\" target=\"_blank\" rel=\"noopener noreferrer\"><img loading=\"lazy\" decoding=\"async\" class=\"wp-image-30544 size-thumbnail\" src=\"https:\/\/pitss.org\/de\/wp-content\/uploads\/sites\/9\/2020\/10\/facebook-logo-150x150.png\" alt=\"\" width=\"30\" height=\"30\" \/><\/a><\/p>\n<p>[\/et_pb_text][\/et_pb_column][\/et_pb_row][\/et_pb_section]<\/p>\n","protected":false},"excerpt":{"rendered":"<p>Projekt Digital Der Blog f\u00fcr digitale Business Leader[netsposts must_include_categories=&#8217;Projekt Digital&#8220;]Popul\u00e4re Themen Forms nach APEX Reports nach JasperMehr Informationen Produkte Referenzen KarriereN\u00fctzliches Developer Support Newsletter Blog Knowledgebase Impressum Datenschutzrichtlinie\u00a0\u00a0\u00a0\u00a0<\/p>\n","protected":false},"author":1,"featured_media":0,"parent":0,"menu_order":0,"comment_status":"closed","ping_status":"closed","template":"","meta":{"_et_pb_use_builder":"on","_et_pb_old_content":"","_et_gb_content_width":"","footnotes":""},"class_list":["post-16508","page","type-page","status-publish","hentry"],"_links":{"self":[{"href":"https:\/\/pitss.org\/de\/wp-json\/wp\/v2\/pages\/16508","targetHints":{"allow":["GET"]}}],"collection":[{"href":"https:\/\/pitss.org\/de\/wp-json\/wp\/v2\/pages"}],"about":[{"href":"https:\/\/pitss.org\/de\/wp-json\/wp\/v2\/types\/page"}],"author":[{"embeddable":true,"href":"https:\/\/pitss.org\/de\/wp-json\/wp\/v2\/users\/1"}],"replies":[{"embeddable":true,"href":"https:\/\/pitss.org\/de\/wp-json\/wp\/v2\/comments?post=16508"}],"version-history":[{"count":47,"href":"https:\/\/pitss.org\/de\/wp-json\/wp\/v2\/pages\/16508\/revisions"}],"predecessor-version":[{"id":33678,"href":"https:\/\/pitss.org\/de\/wp-json\/wp\/v2\/pages\/16508\/revisions\/33678"}],"wp:attachment":[{"href":"https:\/\/pitss.org\/de\/wp-json\/wp\/v2\/media?parent=16508"}],"curies":[{"name":"wp","href":"https:\/\/api.w.org\/{rel}","templated":true}]}}