{"id":15237,"date":"2017-07-04T10:50:37","date_gmt":"2017-07-04T08:50:37","guid":{"rendered":"https:\/\/pitss.org\/de\/?page_id=15237"},"modified":"2021-10-15T11:37:28","modified_gmt":"2021-10-15T09:37:28","slug":"newsletter-anmeldung","status":"publish","type":"page","link":"https:\/\/pitss.org\/de\/newsletter-anmeldung\/","title":{"rendered":"Newsletter &#8211; Anmeldung"},"content":{"rendered":"<p>[et_pb_section fb_built=&#8220;1&#8243; admin_label=&#8220;section&#8220; _builder_version=&#8220;3.22&#8243; global_colors_info=&#8220;{}&#8220;][et_pb_row _builder_version=&#8220;3.25&#8243; background_size=&#8220;initial&#8220; background_position=&#8220;top_left&#8220; background_repeat=&#8220;repeat&#8220; global_colors_info=&#8220;{}&#8220;][et_pb_column type=&#8220;4_4&#8243; _builder_version=&#8220;3.25&#8243; custom_padding=&#8220;|||&#8220; global_colors_info=&#8220;{}&#8220; custom_padding__hover=&#8220;|||&#8220;][et_pb_text _builder_version=&#8220;3.27.4&#8243; text_orientation=&#8220;center&#8220; global_colors_info=&#8220;{}&#8220;]<\/p>\n<h1 style=\"text-align: center;\"><strong>Jetzt anmelden und kostenloses E-Book sichern!<\/strong><\/h1>\n<h4>Melden Sie sich jetzt jetzt f\u00fcr unseren kostenlosen Newsletter an und Sie erhalten regelm\u00e4\u00dfig interessante und werthaltige Informationen rund um Themen wie Oracle Technologien, Modernisierung und Digitale Transformation.<br \/>\nAls zus\u00e4tzlichen Willkommensgeschenk senden wir Ihnen unser ebook &#8222;<strong>Digitalisierung heute und in 10 Jahren<\/strong> &#8211; Wie IT Verantwortliche als Gewinner aus der digitalen Transformation hervorgehen&#8220; kostenlos zu.<\/h4>\n<p>[\/et_pb_text][\/et_pb_column][\/et_pb_row][et_pb_row _builder_version=&#8220;3.25&#8243; background_size=&#8220;initial&#8220; background_position=&#8220;top_left&#8220; background_repeat=&#8220;repeat&#8220; width=&#8220;50%&#8220; max_width=&#8220;50%&#8220; use_custom_width=&#8220;on&#8220; width_unit=&#8220;off&#8220; custom_width_percent=&#8220;50%&#8220; global_colors_info=&#8220;{}&#8220;][et_pb_column type=&#8220;4_4&#8243; _builder_version=&#8220;3.25&#8243; custom_padding=&#8220;|||&#8220; global_colors_info=&#8220;{}&#8220; custom_padding__hover=&#8220;|||&#8220;][et_pb_image src=&#8220;https:\/\/pitss.org\/de\/wp-content\/uploads\/sites\/9\/2017\/07\/ebook-digitalisierung-1.jpg&#8220; align=&#8220;center&#8220; align_tablet=&#8220;center&#8220; align_last_edited=&#8220;on|desktop&#8220; _builder_version=&#8220;3.23&#8243; max_width=&#8220;600px&#8220; sticky=&#8220;off&#8220; global_colors_info=&#8220;{}&#8220;][\/et_pb_image][et_pb_code global_colors_info=&#8220;{}&#8220;]<!--Zoho Web-Optin Form Starts Here--><!-- [et_pb_line_break_holder] --><link href=\"https:\/\/campaigns.zoho.com\/css\/ui.theme.css\" rel=\"stylesheet\" type=\"text\/css\" \/><!-- [et_pb_line_break_holder] --><link href=\"https:\/\/campaigns.zoho.com\/css\/ui.datepicker.css\" rel=\"stylesheet\" type=\"text\/css\" \/><!-- [et_pb_line_break_holder] --><link href=\"https:\/\/campaigns.zoho.com\/css\/ui.core.css\" rel=\"stylesheet\" type=\"text\/css\" \/><!-- [et_pb_line_break_holder] --><script type=\"text\/javascript\" src=\"https:\/\/campaigns.zoho.com\/js\/jquery-1.11.0.min.js\"><\/script><!-- [et_pb_line_break_holder] --><script type='text\/javascript' src='https:\/\/campaigns.zoho.com\/js\/jquery-migrate-1.2.1.min.js'><\/script><!-- [et_pb_line_break_holder] --><script type='text\/javascript' src='https:\/\/campaigns.zoho.com\/js\/jquery-ui-1.10.4.custom.min.js'><\/script><!-- [et_pb_line_break_holder] --><script type=\"text\/javascript\" src='https:\/\/campaigns.zoho.com\/js\/ui.datepicker.js' charset=\"utf-8\"><\/script><!-- [et_pb_line_break_holder] --><script type=\"text\/javascript\" src=\"https:\/\/campaigns.zoho.com\/js\/jquery.form.js\"><\/script><!-- [et_pb_line_break_holder] --><script type=\"text\/javascript\" src=\"https:\/\/campaigns.zoho.com\/js\/optin_min.js\"><\/script><!-- [et_pb_line_break_holder] --><script type=\"text\/javascript\"><!-- [et_pb_line_break_holder] -->var $ZC = jQuery.noConflict();<!-- [et_pb_line_break_holder] -->var trackingText='ZCFORMVIEW';<!-- [et_pb_line_break_holder] -->$ZC(document).ready( function($) {<!-- [et_pb_line_break_holder] -->$ZC(\"#zc_trackCode\").val(trackingText);<!-- [et_pb_line_break_holder] --> $ZC(\"#fieldBorder\").val($ZC(\"[changeItem='SIGNUP_FORM_FIELD']\").css(\"border-color\"));<!-- [et_pb_line_break_holder] --> _setOptin(false,function(th){<!-- [et_pb_line_break_holder] --> \/*Before submit, if you want to trigger your event, \"include your code here\"*\/<!-- [et_pb_line_break_holder] -->});<!-- [et_pb_line_break_holder] --><!-- [et_pb_line_break_holder] -->\/*Load Captcha For this*\/ <!-- [et_pb_line_break_holder] --> loadCaptcha('https:\/\/campaigns.zoho.com\/campaigns\/CaptchaVerify.zc?mode=generate');<!-- [et_pb_line_break_holder] --><!-- [et_pb_line_break_holder] --> \/*Tracking Enabled*\/ <!-- [et_pb_line_break_holder] --> trackSignupEvent(trackingText);<!-- [et_pb_line_break_holder] --> });<!-- [et_pb_line_break_holder] --><\/script><!-- [et_pb_line_break_holder] --><!-- [et_pb_line_break_holder] --><title>PITSS America LLC<\/title><!-- [et_pb_line_break_holder] --><meta content=\"width=device-width,initial-scale=1.0, maximum-scale=1.0, user-scalable=0\" name=\"viewport\"><!-- [et_pb_line_break_holder] --><\/p>\n<div id=\"customForm\"><!-- [et_pb_line_break_holder] --> <\/p>\n<table border=\"0\" cellspacing=\"0\" cellpadding=\"0\" align=\"center\" name=\"SIGNUP_BODY\" id=\"SIGNUP_PAGE\" style=\"overflow: hidden; padding: 0px; border-width: 1px; border-style: none; border-color: rgb(255, 255, 255); border-radius: 1px; width: 381px; margin:0 auto;\"><!-- [et_pb_line_break_holder] --> <\/p>\n<tbody><!-- [et_pb_line_break_holder] --> <\/p>\n<tr><!-- [et_pb_line_break_holder] --> <\/p>\n<td style=\"border:none;\"><!-- [et_pb_line_break_holder] --><!-- [et_pb_line_break_holder] --> <\/p>\n<div style=\"text-align: left; color: rgb(0, 0, 0); font-weight: bold; padding: 0px; font-family: Arial; font-size: 14px; border-width: 2px; border-style: none; border-color: rgb(255, 255, 255);\" id=\"SIGNUP_HEADING\" name=\"SIGNUP_HEADING\" changeid=\"SIGNUP_MSG\" changetype=\"SIGNUP_HEADER\"><\/div>\n<p><!-- [et_pb_line_break_holder] --> <\/p>\n<div><!-- [et_pb_line_break_holder] --> <\/p>\n<div style=\"position:relative;top: 30px;\"><!-- [et_pb_line_break_holder] --> <\/p>\n<div id=\"Zc_SignupSuccess\" style=\"display:none;position:absolute;margin-left:4%;width:90%;background-color: white; padding: 3px; border: 3px solid rgb(194, 225, 154); margin-top: 10px;margin-bottom:10px; \"><!-- [et_pb_line_break_holder] --> <\/p>\n<table width=\"100%\" cellpadding=\"0\" cellspacing=\"0\" border=\"0\"><!-- [et_pb_line_break_holder] --> <\/p>\n<tbody><!-- [et_pb_line_break_holder] --> <\/p>\n<tr><!-- [et_pb_line_break_holder] --> <\/p>\n<td width=\"10%\"><!-- [et_pb_line_break_holder] --> <img decoding=\"async\" class=\"successicon\" src=\"https:\/\/campaigns.zoho.com\/images\/challangeiconenable.jpg\" align=\"absmiddle\"><!-- [et_pb_line_break_holder] --> <\/td>\n<p><!-- [et_pb_line_break_holder] --> <\/p>\n<td><!-- [et_pb_line_break_holder] --> <span id=\"signupSuccessMsg\" style=\"color: rgb(73, 140, 132); font-family: sans-serif; font-size: 14px;\">\u00a0\u00a0Thank you for Signing Up<\/span><!-- [et_pb_line_break_holder] --> <\/td>\n<p><!-- [et_pb_line_break_holder] --> <\/tr>\n<p><!-- [et_pb_line_break_holder] --> <\/tbody>\n<p><!-- [et_pb_line_break_holder] --> <\/table>\n<p><!-- [et_pb_line_break_holder] --> <\/div>\n<p><!-- [et_pb_line_break_holder] --> <\/div>\n<p><!-- [et_pb_line_break_holder] --> <\/p>\n<form method=\"POST\" id=\"zcampaignOptinForm\" style=\"margin:0px;\" action=\"https:\/\/zc1.maillist-manage.com\/campaigns\/weboptin.zc\" target=\"_zcSignup\"><!-- [et_pb_line_break_holder] --> <\/p>\n<div style=\"display:none;background-color:#FFEBE8;padding:10px 10px; color:#d20000; font-size:11px; margin:10px;border:solid 1px #ffd9d3; margin-top:20px;\" id=\"errorMsgDiv\">\u00a0\u00a0Please correct the marked field(s) below<\/div>\n<p><!-- [et_pb_line_break_holder] --> <\/p>\n<div style=\"padding-left:15px; padding-right:15px;padding-bottom:15px; padding-top:15px;\"><!-- [et_pb_line_break_holder] --> <input name=\"CONTACT_EMAIL\" changetype=\"CONTACT_EMAIL\" changeitem=\"SIGNUP_FORM_FIELD\" type=\"text\" id=\"CONTACT_EMAIL\" style=\"border: 1px solid rgb(70, 70, 74); padding: 4px 0px; width: 100%; height: 30px; color: rgb(70, 70, 74); text-align: center; background-color: rgb(246, 246, 246); box-sizing: border-box; font-size: 15px;\" placeholder=\"Email\" class=\"placeholder\"><!-- [et_pb_line_break_holder] --> <span style=\"display:none\" id=\"dt_CONTACT_EMAIL\">1,true,6,Contact Email,2<\/span><!-- [et_pb_line_break_holder] --> <\/div>\n<p><!-- [et_pb_line_break_holder] --> <\/p>\n<div style=\"padding-left:15px; padding-right:15px;padding-bottom:15px; padding-top:15px;display:none;\"><!-- [et_pb_line_break_holder] --> <input name=\"LASTNAME\" changetype=\"LASTNAME\" changeitem=\"SIGNUP_FORM_FIELD\" type=\"text\" id=\"LASTNAME\" style=\"border: 1px solid rgb(70, 70, 74); padding: 4px 0px; width: 100%; height: 30px; color: rgb(70, 70, 74); text-align: center; background-color: rgb(246, 246, 246); box-sizing: border-box; font-size: 15px;\" placeholder=\"Name\" class=\"placeholder\"><!-- [et_pb_line_break_holder] --> <span style=\"display:none\" id=\"dt_LASTNAME\">1,false,1,Last Name,2<\/span><!-- [et_pb_line_break_holder] --> <\/div>\n<p><!-- [et_pb_line_break_holder] --> <\/p>\n<div style=\"padding-left:15px; padding-right:15px;padding-bottom:15px;padding-top:5px;text-align:center\"><!-- [et_pb_line_break_holder] --> <input name=\"SIGNUP_SUBMIT_BUTTON\" id=\"zcWebOptin\" type=\"button\" style=\"-webkit-appearance: none; background-color: rgb(60, 184, 11); color: rgb(255, 255, 255); border: 1px solid rgb(153, 153, 153); width: 100%; cursor: pointer; font-size: 20px; padding: 10px 15px;\" value=\"Kostenlos anmelden\"><!-- [et_pb_line_break_holder] --> <\/div>\n<p><!-- Do not edit the below Zoho Campaigns hidden tags --><!-- [et_pb_line_break_holder] --> <input type=\"hidden\" id=\"fieldBorder\" value=\"rgb(70, 70, 74)\"><!-- [et_pb_line_break_holder] --> <input type=\"hidden\" name=\"zc_trackCode\" id=\"zc_trackCode\" value=\"\" onload=\"\"><!-- [et_pb_line_break_holder] --> <input type=\"hidden\" id=\"submitType\" name=\"submitType\" value=\"optinCustomView\"><!-- [et_pb_line_break_holder] --> <input type=\"hidden\" id=\"lD\" name=\"lD\" value=\"131b0a5cc28b42ea\"><!-- [et_pb_line_break_holder] --> <input type=\"hidden\" name=\"emailReportId\" id=\"emailReportId\" value=\"\"><!-- [et_pb_line_break_holder] --> <input type=\"hidden\" id=\"formType\" name=\"formType\" value=\"QuickForm\"><!-- [et_pb_line_break_holder] --> <input type=\"hidden\" name=\"zx\" id=\"cmpZuid\" value=\"126740ed0\"><!-- [et_pb_line_break_holder] --> <input type=\"hidden\" name=\"zcvers\" value=\"2.0\"><!-- [et_pb_line_break_holder] --> <input type=\"hidden\" name=\"oldListIds\" id=\"allCheckedListIds\" value=\"\"><!-- [et_pb_line_break_holder] --> <input type=\"hidden\" id=\"mode\" name=\"mode\" value=\"OptinCreateView\"><!-- [et_pb_line_break_holder] --> <input type=\"hidden\" id=\"zcld\" name=\"zcld\" value=\"131b0a5cc28b42ea\"><!-- [et_pb_line_break_holder] --> <input type=\"hidden\" id=\"document_domain\" value=\"zoho.com\"><!-- [et_pb_line_break_holder] --> <input type=\"hidden\" id=\"zc_Url\" value=\"zc1.maillist-manage.com\"><!-- [et_pb_line_break_holder] --> <input type=\"hidden\" id=\"zc_formIx\" name=\"zc_formIx\" value=\"d42c9d82f4b33846e2aa2a7f7bae4b370d9d8c9af0018897\"><!-- End of the campaigns hidden tags --><\/form>\n<p><!-- [et_pb_line_break_holder] --> <\/div>\n<p><!-- [et_pb_line_break_holder] --> <\/td>\n<p><!-- [et_pb_line_break_holder] --> <\/tr>\n<p><!-- [et_pb_line_break_holder] --> <\/tbody>\n<p><!-- [et_pb_line_break_holder] --> <\/table>\n<p><!-- [et_pb_line_break_holder] --> <img decoding=\"async\" src=\"https:\/\/zc1.maillist-manage.com\/images\/spacer.gif\" id=\"refImage\" onload=\"referenceSetter(this)\" style=\"display:none;\"><!-- [et_pb_line_break_holder] --><\/div>\n<p><!-- [et_pb_line_break_holder] --><\/p>\n<div id=\"zcOptinOverLay\" oncontextmenu=\"return false\" style=\"display:none;text-align: center; background-color: rgb(0, 0, 0); opacity: 0.5; z-index: 100; position: fixed; width: 100%; top: 0px; left: 0px; height: 988px;\"><\/div>\n<p><!-- [et_pb_line_break_holder] --><\/p>\n<div id=\"zcOptinSuccessPopup\" style=\"display:none;z-index: 9999;width: 800px; height: 40%;top: 84px;position: fixed; left: 26%;background-color: #FFFFFF;border-color: #E6E6E6; border-style: solid; border-width: 1px; box-shadow: 0 1px 10px #424242;padding: 35px;\"><!-- [et_pb_line_break_holder] --> <span style=\"position: absolute;top: -16px;right:-14px;z-index:99999;cursor: pointer;\" id=\"closeSuccess\"><!-- [et_pb_line_break_holder] --> <img decoding=\"async\" src=\"https:\/\/campaigns.zoho.com\/images\/videoclose.png\"><!-- [et_pb_line_break_holder] --> <\/span><!-- [et_pb_line_break_holder] --> <\/p>\n<div id=\"zcOptinSuccessPanel\"><\/div>\n<p><!-- [et_pb_line_break_holder] --><\/div>\n<p><!-- [et_pb_line_break_holder] --><!-- [et_pb_line_break_holder] --><!--Zoho Web-Optin Form Ends Here-->[\/et_pb_code][et_pb_text _builder_version=&#8220;3.27.4&#8243; global_colors_info=&#8220;{}&#8220;]<span style=\"color: #808080;\">Mit der Anforderung dieses eBooks melden Sie sich zu unserem gratis E-Mail NEWSLETTER mit praxisrelevanten Informationen zu Themen rund um IT, Migrationsprojekte und Oracle sowie der Zusendung relevanter Informationen zu Produkten und Dienstleistungen rund um diese Themen an. Dabei werden bis zu 4 Mails pro Monat verschickt. (<span style=\"text-decoration: underline;\"><a style=\"color: #808080; text-decoration: underline;\" href=\"https:\/\/pitss.org\/de\/datenschutzerklarung\/\">Datenschutz<\/a><\/span>)<\/span><br \/>\n[\/et_pb_text][\/et_pb_column][\/et_pb_row][\/et_pb_section]<\/p>\n","protected":false},"excerpt":{"rendered":"<p>Jetzt anmelden und kostenloses E-Book sichern! Melden Sie sich jetzt jetzt f\u00fcr unseren kostenlosen Newsletter an und Sie erhalten regelm\u00e4\u00dfig interessante und werthaltige Informationen rund um Themen wie Oracle Technologien, Modernisierung und Digitale Transformation. Als zus\u00e4tzlichen Willkommensgeschenk senden wir Ihnen unser ebook &#8222;Digitalisierung heute und in 10 Jahren &#8211; Wie IT Verantwortliche als Gewinner aus [&hellip;]<\/p>\n","protected":false},"author":1,"featured_media":0,"parent":0,"menu_order":0,"comment_status":"closed","ping_status":"closed","template":"","meta":{"_et_pb_use_builder":"on","_et_pb_old_content":"","_et_gb_content_width":"","footnotes":""},"class_list":["post-15237","page","type-page","status-publish","hentry"],"_links":{"self":[{"href":"https:\/\/pitss.org\/de\/wp-json\/wp\/v2\/pages\/15237","targetHints":{"allow":["GET"]}}],"collection":[{"href":"https:\/\/pitss.org\/de\/wp-json\/wp\/v2\/pages"}],"about":[{"href":"https:\/\/pitss.org\/de\/wp-json\/wp\/v2\/types\/page"}],"author":[{"embeddable":true,"href":"https:\/\/pitss.org\/de\/wp-json\/wp\/v2\/users\/1"}],"replies":[{"embeddable":true,"href":"https:\/\/pitss.org\/de\/wp-json\/wp\/v2\/comments?post=15237"}],"version-history":[{"count":26,"href":"https:\/\/pitss.org\/de\/wp-json\/wp\/v2\/pages\/15237\/revisions"}],"predecessor-version":[{"id":33824,"href":"https:\/\/pitss.org\/de\/wp-json\/wp\/v2\/pages\/15237\/revisions\/33824"}],"wp:attachment":[{"href":"https:\/\/pitss.org\/de\/wp-json\/wp\/v2\/media?parent=15237"}],"curies":[{"name":"wp","href":"https:\/\/api.w.org\/{rel}","templated":true}]}}