{"id":13893,"date":"2017-05-02T22:16:24","date_gmt":"2017-05-02T20:16:24","guid":{"rendered":"https:\/\/pitss.org\/de\/?page_id=13893"},"modified":"2017-12-12T20:46:06","modified_gmt":"2017-12-12T19:46:06","slug":"digitale-transformation-strategie","status":"publish","type":"page","link":"https:\/\/pitss.org\/de\/loesungen-3\/digitale-transformation-strategie\/","title":{"rendered":"Strategie Zur Digitalen Transformation"},"content":{"rendered":"<p>[et_pb_section fb_built=&#8220;1&#8243; fullwidth=&#8220;on&#8220; admin_label=&#8220;section&#8220; custom_padding_last_edited=&#8220;on|desktop&#8220; _builder_version=&#8220;3.0.47&#8243; custom_padding=&#8220;|||&#8220; custom_padding_tablet=&#8220;50px|0|50px|0&#8243; transparent_background=&#8220;off&#8220; padding_mobile=&#8220;off&#8220;][et_pb_fullwidth_slider show_arrows=&#8220;off&#8220; show_pagination=&#8220;off&#8220; _builder_version=&#8220;3.0.91&#8243; header_font=&#8220;|700|||||||&#8220; header_font_size=&#8220;50&#8243; body_font_size=&#8220;20&#8243; background_size=&#8220;default&#8220; background_position=&#8220;default&#8220; custom_padding=&#8220;|||&#8220; custom_padding_tablet=&#8220;|||&#8220; custom_padding_phone=&#8220;|||&#8220; custom_button=&#8220;on&#8220; button_letter_spacing=&#8220;0&#8243; button_use_icon=&#8220;off&#8220; auto=&#8220;on&#8220; remove_inner_shadow=&#8220;off&#8220; hide_content_on_mobile=&#8220;off&#8220; hide_cta_on_mobile=&#8220;off&#8220;][et_pb_slide heading=&#8220;Strategie zur digitalen Transformation&#8220; button_text=&#8220;JETZT TRANSFORMIEREN&#8220; button_link=&#8220;#kontakt&#8220; use_bg_overlay=&#8220;on&#8220; bg_overlay_color=&#8220;rgba(0,0,0,0.6)&#8220; use_text_overlay=&#8220;off&#8220; _builder_version=&#8220;3.0.91&#8243; header_font=&#8220;||||||||&#8220; body_font=&#8220;||||&#8220; background_image=&#8220;https:\/\/pitss.org\/de\/wp-content\/uploads\/sites\/9\/2017\/05\/wallpaper10.jpg&#8220; background_size=&#8220;default&#8220; background_position=&#8220;default&#8220; custom_button=&#8220;off&#8220; button_icon_placement=&#8220;right&#8220; button_on_hover=&#8220;on&#8220; background_color=&#8220;#ffffff&#8220; header_level=&#8220;h1&#8243;]<\/p>\n<h4>Transformieren Sie heute Ihre Software von gestern.<\/h4>\n<p>[\/et_pb_slide][\/et_pb_fullwidth_slider][\/et_pb_section][et_pb_section fb_built=&#8220;1&#8243; admin_label=&#8220;section&#8220; custom_padding_last_edited=&#8220;off|desktop&#8220; _builder_version=&#8220;3.0.79&#8243; custom_padding=&#8220;|||&#8220; custom_padding_tablet=&#8220;50px|0|50px|0&#8243; transparent_background=&#8220;off&#8220; padding_mobile=&#8220;off&#8220;][et_pb_row make_fullwidth=&#8220;on&#8220; use_custom_gutter=&#8220;on&#8220; gutter_width=&#8220;2&#8243; custom_padding=&#8220;0px||0px|&#8220; make_equal=&#8220;on&#8220; column_padding_mobile=&#8220;on&#8220; background_color_1=&#8220;#006bb3&#8243; background_color_2=&#8220;#006bb3&#8243; background_color_3=&#8220;#006bb3&#8243; background_color_4=&#8220;#006bb3&#8243; padding_bottom_1=&#8220;30px&#8220; padding_bottom_2=&#8220;30px&#8220; padding_bottom_3=&#8220;30px&#8220; padding_bottom_4=&#8220;30px&#8220; admin_label=&#8220;row&#8220; _builder_version=&#8220;3.0.79&#8243; background_size=&#8220;initial&#8220; background_position=&#8220;top_left&#8220; background_repeat=&#8220;repeat&#8220; locked=&#8220;off&#8220;][et_pb_column type=&#8220;1_4&#8243; _builder_version=&#8220;3.0.47&#8243; padding_bottom=&#8220;30px&#8220; column_padding_mobile=&#8220;on&#8220; background_color=&#8220;#006bb3&#8243; parallax=&#8220;off&#8220; parallax_method=&#8220;on&#8220;][et_pb_blurb title=&#8220;Use Case Analysen&#8220; url=&#8220;#use-case-analysen&#8220; use_icon=&#8220;on&#8220; font_icon=&#8220;\ue08b&#8220; icon_color=&#8220;#ffffff&#8220; background_layout=&#8220;dark&#8220; use_icon_font_size=&#8220;on&#8220; icon_font_size=&#8220;40px&#8220; _builder_version=&#8220;3.0.79&#8243; header_font=&#8220;|on|||&#8220; header_font_size=&#8220;24px&#8220; background_color=&#8220;#006bb3&#8243; background_size=&#8220;initial&#8220; background_position=&#8220;top_left&#8220; background_repeat=&#8220;repeat&#8220; text_orientation=&#8220;center&#8220; custom_margin=&#8220;|||&#8220; custom_padding=&#8220;30px|30px|0px|30px&#8220; animation=&#8220;off&#8220; custom_css_blurb_image=&#8220;margin-bottom:15px;&#8220; saved_tabs=&#8220;all&#8220;]Mithilfe unserer Strategie zur digitalen Transformation werden Systeme von Grund auf analysiert und dabei schlanker und agiler gemacht.<br \/>\n[\/et_pb_blurb][et_pb_button button_url=&#8220;#use-case-analysen&#8220; button_text=&#8220;MEHR INFOS&#8220; button_alignment=&#8220;center&#8220; background_layout=&#8220;dark&#8220; _builder_version=&#8220;3.0.79&#8243; custom_button=&#8220;on&#8220; button_letter_spacing=&#8220;0&#8243; button_use_icon=&#8220;off&#8220;][\/et_pb_button][\/et_pb_column][et_pb_column type=&#8220;1_4&#8243; _builder_version=&#8220;3.0.47&#8243; padding_bottom=&#8220;30px&#8220; column_padding_mobile=&#8220;on&#8220; background_color=&#8220;#006bb3&#8243; parallax=&#8220;off&#8220; parallax_method=&#8220;on&#8220;][et_pb_blurb title=&#8220;Portfolio-Assessment&#8220; url=&#8220;#portfolio-assessment&#8220; use_icon=&#8220;on&#8220; font_icon=&#8220;\ue007&#8220; icon_color=&#8220;#ffffff&#8220; background_layout=&#8220;dark&#8220; use_icon_font_size=&#8220;on&#8220; icon_font_size=&#8220;40px&#8220; _builder_version=&#8220;3.0.79&#8243; header_font=&#8220;|on|||&#8220; header_font_size=&#8220;24px&#8220; background_color=&#8220;#006bb3&#8243; background_size=&#8220;initial&#8220; background_position=&#8220;top_left&#8220; background_repeat=&#8220;repeat&#8220; text_orientation=&#8220;center&#8220; custom_margin=&#8220;|||&#8220; custom_padding=&#8220;30px|30px|0px|30px&#8220; animation=&#8220;off&#8220; custom_css_blurb_image=&#8220;margin-bottom:15px;&#8220; saved_tabs=&#8220;all&#8220;]Unser Assessment\u00a0kann Ihnen bis zu 1\/3 Ihrer gesch\u00e4tzten Projekt- und Entwicklungszeit sparen.<br \/>\n[\/et_pb_blurb][et_pb_button button_url=&#8220;#portfolio-assessment&#8220; button_text=&#8220;MEHR INFOS&#8220; button_alignment=&#8220;center&#8220; background_layout=&#8220;dark&#8220; _builder_version=&#8220;3.0.79&#8243; custom_button=&#8220;on&#8220; button_letter_spacing=&#8220;0&#8243; button_use_icon=&#8220;off&#8220;][\/et_pb_button][\/et_pb_column][et_pb_column type=&#8220;1_4&#8243; _builder_version=&#8220;3.0.47&#8243; padding_bottom=&#8220;30px&#8220; column_padding_mobile=&#8220;on&#8220; background_color=&#8220;#006bb3&#8243; parallax=&#8220;off&#8220; parallax_method=&#8220;on&#8220;][et_pb_blurb title=&#8220;PITSS.CON Software&#8220; url=&#8220;#pitss-con-software&#8220; use_icon=&#8220;on&#8220; font_icon=&#8220;\ue102&#8220; icon_color=&#8220;#ffffff&#8220; background_layout=&#8220;dark&#8220; use_icon_font_size=&#8220;on&#8220; icon_font_size=&#8220;40px&#8220; _builder_version=&#8220;3.0.79&#8243; header_font=&#8220;|on|||&#8220; header_font_size=&#8220;24px&#8220; background_color=&#8220;#006bb3&#8243; background_size=&#8220;initial&#8220; background_position=&#8220;top_left&#8220; background_repeat=&#8220;repeat&#8220; text_orientation=&#8220;center&#8220; custom_margin=&#8220;|||&#8220; custom_padding=&#8220;30px|30px|0px|30px&#8220; animation=&#8220;off&#8220; custom_css_blurb_image=&#8220;margin-bottom:15px;&#8220; saved_tabs=&#8220;all&#8220;]Unser Tool PITSS.CON beschleunigt die Modernisierung und Migration von Oracle Forms.<br \/>\n[\/et_pb_blurb][et_pb_button button_url=&#8220;#pitss-con-software&#8220; button_text=&#8220;MEHR INFOS&#8220; button_alignment=&#8220;center&#8220; background_layout=&#8220;dark&#8220; _builder_version=&#8220;3.0.47&#8243; custom_button=&#8220;on&#8220; button_letter_spacing=&#8220;0&#8243; button_use_icon=&#8220;off&#8220;][\/et_pb_button][\/et_pb_column][et_pb_column type=&#8220;1_4&#8243; _builder_version=&#8220;3.0.47&#8243; padding_bottom=&#8220;30px&#8220; column_padding_mobile=&#8220;on&#8220; background_color=&#8220;#006bb3&#8243; parallax=&#8220;off&#8220; parallax_method=&#8220;on&#8220;][et_pb_blurb title=&#8220;Full-Stack-Team&#8220; url=&#8220;#full-stack-team&#8220; use_icon=&#8220;on&#8220; font_icon=&#8220;\ue0e2&#8220; icon_color=&#8220;#ffffff&#8220; background_layout=&#8220;dark&#8220; use_icon_font_size=&#8220;on&#8220; icon_font_size=&#8220;40px&#8220; _builder_version=&#8220;3.0.79&#8243; header_font=&#8220;|on|||&#8220; header_font_size=&#8220;24px&#8220; background_color=&#8220;#006bb3&#8243; background_size=&#8220;initial&#8220; background_position=&#8220;top_left&#8220; background_repeat=&#8220;repeat&#8220; text_orientation=&#8220;center&#8220; custom_margin=&#8220;|||&#8220; custom_padding=&#8220;30px|30px|0px|30px&#8220; animation=&#8220;off&#8220; custom_css_blurb_image=&#8220;margin-bottom:15px;&#8220; saved_tabs=&#8220;all&#8220;]Als Experten im Bereich der digitalen Transformation sind wir in der Modernisierung und Optimierung von Oracle Forms spezialisiert.<br \/>\n[\/et_pb_blurb][et_pb_button button_url=&#8220;#full-stack-team&#8220; button_text=&#8220;MEHR INFOS&#8220; button_alignment=&#8220;center&#8220; background_layout=&#8220;dark&#8220; _builder_version=&#8220;3.0.47&#8243; custom_button=&#8220;on&#8220; button_letter_spacing=&#8220;0&#8243; button_use_icon=&#8220;off&#8220;][\/et_pb_button][\/et_pb_column][\/et_pb_row][\/et_pb_section][et_pb_section fb_built=&#8220;1&#8243; background_color=&#8220;#111&#8243; admin_label=&#8220;section&#8220; custom_padding_last_edited=&#8220;off|desktop&#8220; _builder_version=&#8220;3.0.79&#8243; background_image=&#8220;https:\/\/pitss.org\/de\/wp-content\/uploads\/sites\/9\/2017\/10\/hexagon-pattern-small.jpg&#8220; background_size=&#8220;initial&#8220; background_repeat=&#8220;repeat&#8220; custom_padding=&#8220;|||&#8220; custom_padding_tablet=&#8220;50px|0|50px|0&#8243; transparent_background=&#8220;off&#8220; padding_mobile=&#8220;off&#8220;][et_pb_row use_custom_width=&#8220;on&#8220; custom_width_px=&#8220;1160px&#8220; custom_padding=&#8220;0px||0px|&#8220; column_padding_mobile=&#8220;on&#8220; admin_label=&#8220;row&#8220; _builder_version=&#8220;3.0.79&#8243; background_size=&#8220;initial&#8220; background_position=&#8220;top_left&#8220; background_repeat=&#8220;repeat&#8220;][et_pb_column type=&#8220;4_4&#8243; _builder_version=&#8220;3.0.47&#8243; column_padding_mobile=&#8220;on&#8220; parallax=&#8220;off&#8220; parallax_method=&#8220;on&#8220;][et_pb_text background_layout=&#8220;dark&#8220; _builder_version=&#8220;3.0.79&#8243; background_size=&#8220;initial&#8220; background_position=&#8220;top_left&#8220; background_repeat=&#8220;repeat&#8220; text_orientation=&#8220;center&#8220;]<\/p>\n<h2><strong>Warum ist eine Strategie zur digitalen Transformation wichtig?<\/strong><\/h2>\n<p>Die endlosen neuen Funktionalit\u00e4ten der Technologien ver\u00e4ndern sich schnell. In der\u00a0Zwischenzeit hat Ihr Unternehmen jahrelang in fundamentale Legacy-Anwendungen investiert. Ohne das Vorhandensein einer digitalen Strategie haben sich daraus Applikationen entwickelt, die Einfluss auf Ihre gesamten Prozesse haben.<\/p>\n<p>[\/et_pb_text][et_pb_divider show_divider=&#8220;on&#8220; _builder_version=&#8220;3.0.79&#8243; background_color=&#8220;#ffffff&#8220; custom_css_main_element=&#8220;height: 5px !important; overflow: hidden; border-radius: 5px; margin: 50px 0 !important; padding: 0 !important; opacity: 0.2;&#8220;][\/et_pb_divider][et_pb_text background_layout=&#8220;dark&#8220; _builder_version=&#8220;3.0.79&#8243; background_size=&#8220;initial&#8220; background_position=&#8220;top_left&#8220; background_repeat=&#8220;repeat&#8220; text_orientation=&#8220;center&#8220;]<\/p>\n<h5 style=\"font-size: 22px; margin-bottom: 10px;\"><strong>Sie haben beschlossen, dass es einer Ver\u00e4nderung bedarf. Die Zeit f\u00fcr eine <u>Oracle Forms Modernisierung<\/u> ist gekommen. Und jetzt?<\/strong><\/h5>\n<p>Wie k\u00f6nnen Sie die kostensparenden Vorteile von Cloud-Technologien erschlie\u00dfen, ohne Ihre aktuelle Software aufzugeben? Wie reduzieren Sie die Ausgaben f\u00fcr die Modernisierung Ihrer Handy-App? Und vor allem: Wie wird Ihr Legacy-System zu einem gewinnbringenden Triebwerk?<\/p>\n<p>Also schnallen Sie sich an und lassen Sie sich von PITSS\u2018 Experten f\u00fcr digitale Transformation f\u00fchren. Um die kosteng\u00fcnstigste Strategie zur <a href=\"https:\/\/pitss.org\/de\/produkte\/pitss-con\/\" target=\"_blank\" rel=\"noopener\" style=\"color: #fff; font-weight: bold;\"><u>Modernisierung Ihrer Legacy-Oracle-Systeme<\/u><\/a> zu finden, kommt uns unser eigenes Branchenwissen zugute. Mit h\u00f6chster Pr\u00e4zision ermitteln wir f\u00fcr Sie den notwendigen Arbeitsaufwand, identifizieren m\u00f6gliche Tool-Ver\u00e4nderungen und erstellen den idealen Projektplan. All dies erspart Ihnen wertvolle Gesch\u00e4ftszeit, Ressourcen und Risiken.<\/p>\n<p>[\/et_pb_text][\/et_pb_column][\/et_pb_row][\/et_pb_section][et_pb_section fb_built=&#8220;1&#8243; admin_label=&#8220;section&#8220; custom_padding_last_edited=&#8220;on|desktop&#8220; _builder_version=&#8220;3.0.47&#8243; custom_padding=&#8220;54px|0px|33px|0px&#8220; custom_padding_tablet=&#8220;50px|0|50px|0&#8243; transparent_background=&#8220;off&#8220; padding_mobile=&#8220;off&#8220;][et_pb_row custom_padding=&#8220;|||&#8220; padding_mobile=&#8220;off&#8220; column_padding_mobile=&#8220;on&#8220; admin_label=&#8220;row&#8220; module_id=&#8220;use-case-analysen&#8220; _builder_version=&#8220;3.0.79&#8243; background_size=&#8220;initial&#8220; background_position=&#8220;top_left&#8220; background_repeat=&#8220;repeat&#8220;][et_pb_column type=&#8220;1_2&#8243; _builder_version=&#8220;3.0.47&#8243; column_padding_mobile=&#8220;on&#8220; parallax=&#8220;off&#8220; parallax_method=&#8220;on&#8220;][et_pb_image src=&#8220;https:\/\/pitss.org\/de\/wp-content\/uploads\/sites\/9\/2017\/05\/AAEAAQAAAAAAAArIAAAAJGYwNGJiY2E4LTIwOGQtNGNkNC05YzVkLTkxMmU5MGQ0ZjVmZQb.jpg&#8220; _builder_version=&#8220;3.0.79&#8243;][\/et_pb_image][\/et_pb_column][et_pb_column type=&#8220;1_2&#8243; _builder_version=&#8220;3.0.47&#8243; column_padding_mobile=&#8220;on&#8220; parallax=&#8220;off&#8220; parallax_method=&#8220;on&#8220;][et_pb_text _builder_version=&#8220;3.0.79&#8243; background_size=&#8220;initial&#8220; background_position=&#8220;top_left&#8220; background_repeat=&#8220;repeat&#8220; custom_padding=&#8220;|||&#8220;]<\/p>\n<h2><strong>Use Case Analysen<\/strong><\/h2>\n<p>Jede <span style=\"text-decoration: underline;\"><strong><a href=\"..\/..\/products\/pitss-con\/\">PITSS.CON-Analyse<\/a><\/strong><\/span> beginnt mit dem Quellcode. Stellen Sie sich die abgebildeten Rechtecke als Dateien, Bibliotheken und andere Programmeinheiten einer Anwendung vor. Ein ausgebildeter PITSS.CON-Nutzer kann die Zusammenh\u00e4nge zwischen diesen Dateien tracken und sie als einen Abh\u00e4ngigkeitsgraphen darstellen. PITSS.CON bietet einen vollst\u00e4ndigen \u00dcberblick \u00fcber die einzelnen Verbindungen des Quellcodes im Abh\u00e4ngigkeitsgraphen. F\u00fcr jede Form in der Anwendung veranschaulicht die Grafik genau, wie viele Use Case Einstiegspunkte es gibt. In unserem Beispiel gibt es sechs Use Cases mit den Namen A, B, C, D, E und F.<\/p>\n<p>[\/et_pb_text][\/et_pb_column][\/et_pb_row][et_pb_row custom_padding=&#8220;|||&#8220; padding_mobile=&#8220;off&#8220; column_padding_mobile=&#8220;on&#8220; admin_label=&#8220;row&#8220; module_id=&#8220;portfolio-assessment&#8220; _builder_version=&#8220;3.0.47&#8243; background_size=&#8220;initial&#8220; background_position=&#8220;top_left&#8220; background_repeat=&#8220;repeat&#8220;][et_pb_column type=&#8220;1_2&#8243; _builder_version=&#8220;3.0.47&#8243; column_padding_mobile=&#8220;on&#8220; parallax=&#8220;off&#8220; parallax_method=&#8220;on&#8220;][et_pb_text _builder_version=&#8220;3.0.47&#8243; background_size=&#8220;initial&#8220; background_position=&#8220;top_left&#8220; background_repeat=&#8220;repeat&#8220; text_orientation=&#8220;right&#8220;]<\/p>\n<h2><strong>Portfolio-Assessment<\/strong><\/h2>\n<p>Unsere Architekturspezialisten arbeiten mit Ihren Fachleuten, Gesch\u00e4ftsanalysten und Technologieexperten in einer Reihe von intensiven Workshops zusammen, die darauf abzielen, die Vorteile der Umstellung zu maximieren und Ihr Team mit den Prozessen vertraut zu machen. Mit einer Auswahl unserer vielseitigen Analysen durchschauen wir Ihre bestehenden Applikationen und Prozesse und entwickeln, darauf basierend, die optimale Strategie f\u00fcr einen erfolgreichen und wirtschaftlichen Modernisierungsprozess. Sie werden \u00fcberrascht sein! Unser Portfolio-Assessment macht die Gegebenheiten und Optionen Ihres Systems verst\u00e4ndlicher und l\u00e4sst die Performance Ihres Teams steigen.<\/p>\n<p>[\/et_pb_text][\/et_pb_column][et_pb_column type=&#8220;1_2&#8243; _builder_version=&#8220;3.0.47&#8243; column_padding_mobile=&#8220;on&#8220; parallax=&#8220;off&#8220; parallax_method=&#8220;on&#8220;][et_pb_image src=&#8220;https:\/\/pitss.org\/de\/wp-content\/uploads\/sites\/9\/2017\/05\/sLp2Cc5.jpg&#8220; _builder_version=&#8220;3.0.79&#8243; animation_direction=&#8220;right&#8220; animation=&#8220;right&#8220;][\/et_pb_image][\/et_pb_column][\/et_pb_row][et_pb_row custom_padding=&#8220;|0px||0px&#8220; padding_mobile=&#8220;off&#8220; column_padding_mobile=&#8220;on&#8220; admin_label=&#8220;row&#8220; module_id=&#8220;pitss-con-software&#8220; _builder_version=&#8220;3.0.47&#8243; background_size=&#8220;initial&#8220; background_position=&#8220;top_left&#8220; background_repeat=&#8220;repeat&#8220;][et_pb_column type=&#8220;1_2&#8243; _builder_version=&#8220;3.0.47&#8243; column_padding_mobile=&#8220;on&#8220; parallax=&#8220;off&#8220; parallax_method=&#8220;on&#8220;][et_pb_image src=&#8220;https:\/\/pitss.org\/de\/wp-content\/uploads\/sites\/9\/2017\/05\/wallpaper6.jpg&#8220; _builder_version=&#8220;3.0.47&#8243; sticky=&#8220;off&#8220;][\/et_pb_image][\/et_pb_column][et_pb_column type=&#8220;1_2&#8243; _builder_version=&#8220;3.0.47&#8243; column_padding_mobile=&#8220;on&#8220; parallax=&#8220;off&#8220; parallax_method=&#8220;on&#8220;][et_pb_text _builder_version=&#8220;3.0.79&#8243; background_size=&#8220;initial&#8220; background_position=&#8220;top_left&#8220; background_repeat=&#8220;repeat&#8220; custom_margin=&#8220;|30px||30px&#8220; custom_padding=&#8220;|||&#8220;]<\/p>\n<h2><strong>PITSS.CON Software<\/strong><\/h2>\n<p>PITSS.CON ist die einzigartige, hochleistungsf\u00e4hige Entwicklungsplattform f\u00fcr Analyse, Entwicklung, Modernisierung, Umstieg und Upgrade von Oracle Forms Applikationen. Mit seinen umfassenden Funktionalit\u00e4ten unterst\u00fctzt unser PITSS.CON Oracle-Projekte \u00fcber alle Entwicklungsschritte hinweg durch konfigurierbare Automatisierung. So kann die Lebensdauer sowohl von eigenentwickelten Oracle Forms Anwendungen als auch von angepassten Oracle-Applikationen verl\u00e4ngert und auf den neuesten technischen Stand, wie beispielsweise ADF, APEX, Java und SOA, gebracht werden.<\/p>\n<p><span style=\"text-decoration: underline;\"><strong><a href=\"\/de\/produkt\/pitss-con\/\">Erfahren Sie mehr<\/a><\/strong><\/span><strong><a href=\"\/de\/produkt\/pitss-con\/\"> ><\/a><\/strong><\/p>\n<p>[\/et_pb_text][\/et_pb_column][\/et_pb_row][et_pb_row custom_padding=&#8220;27px|0px|26px|0px&#8220; padding_mobile=&#8220;off&#8220; column_padding_mobile=&#8220;on&#8220; admin_label=&#8220;row&#8220; module_id=&#8220;full-stack-team&#8220; _builder_version=&#8220;3.0.47&#8243; background_size=&#8220;initial&#8220; background_position=&#8220;top_left&#8220; background_repeat=&#8220;repeat&#8220;][et_pb_column type=&#8220;1_2&#8243; _builder_version=&#8220;3.0.47&#8243; column_padding_mobile=&#8220;on&#8220; parallax=&#8220;off&#8220; parallax_method=&#8220;on&#8220;][et_pb_text _builder_version=&#8220;3.0.79&#8243; background_size=&#8220;initial&#8220; background_position=&#8220;top_left&#8220; background_repeat=&#8220;repeat&#8220; text_orientation=&#8220;right&#8220; custom_margin=&#8220;|||&#8220;]<\/p>\n<h2><strong>Full-Stack-Team<\/strong><\/h2>\n<p>Wir von PITSS sind fest \u00fcberzeugt von der Scrum-basierten agilen Entwicklungsmethode. Unsere erfahrenen Projektmanager tauschen sich regelm\u00e4\u00dfig mit unserem Aufsichtsteam aus, um sicherzustellen, dass die Projektqualit\u00e4t \u00fcberall in unserer Organisation erf\u00fcllt ist.<br \/> Bei uns kommen nur die branchenbesten Prozesse und Steuerungsans\u00e4tze zum Einsatz. Wir sind auf Services von Oracle f\u00fcr Mobile Development bis hin zu einer vollst\u00e4ndigen digitalen Transformation Ihrer fundamentalen Business-Systeme spezialisiert. Auf unser <span style=\"text-decoration: underline;\"><strong><a href=\"https:\/\/pitss.org\/de\/losungensseite\/oracle-forms-development-team\/\">Full-Service-Development-Team<\/a><\/strong><\/span>, das Sie fachm\u00e4nnisch durch jeden Schritt Ihrer Transformationsreise f\u00fchrt, k\u00f6nnen Sie sich verlassen.<\/p>\n<p><strong><a href=\"https:\/\/pitss.org\/de\/losungensseite\/oracle-forms-development-team\/\"><span style=\"text-decoration: underline;\">Erfahren Sie mehr<\/span> ><\/a><\/strong><\/p>\n<p>[\/et_pb_text][\/et_pb_column][et_pb_column type=&#8220;1_2&#8243; _builder_version=&#8220;3.0.47&#8243; column_padding_mobile=&#8220;on&#8220; parallax=&#8220;off&#8220; parallax_method=&#8220;on&#8220;][et_pb_image src=&#8220;https:\/\/pitss.org\/de\/wp-content\/uploads\/sites\/9\/2017\/05\/digitization-sony.jpg&#8220; _builder_version=&#8220;3.0.79&#8243; animation_direction=&#8220;right&#8220; animation=&#8220;right&#8220;][\/et_pb_image][\/et_pb_column][\/et_pb_row][\/et_pb_section][et_pb_section fb_built=&#8220;1&#8243; fullwidth=&#8220;on&#8220; custom_padding_last_edited=&#8220;on|desktop&#8220; _builder_version=&#8220;3.0.47&#8243; custom_padding_tablet=&#8220;50px|0|50px|0&#8243; transparent_background=&#8220;off&#8220; padding_mobile=&#8220;off&#8220;][et_pb_fullwidth_slider show_arrows=&#8220;off&#8220; show_pagination=&#8220;off&#8220; _builder_version=&#8220;3.0.79&#8243; header_font=&#8220;|on|||&#8220; header_font_size=&#8220;55&#8243; body_font_size=&#8220;30&#8243; parallax=&#8220;on&#8220; custom_padding=&#8220;130px||130px|&#8220; custom_padding_tablet=&#8220;|||&#8220; custom_padding_phone=&#8220;|||&#8220; custom_button=&#8220;on&#8220; button_letter_spacing=&#8220;0&#8243; top_padding=&#8220;130px&#8220; bottom_padding=&#8220;130px&#8220; remove_inner_shadow=&#8220;off&#8220; hide_content_on_mobile=&#8220;off&#8220; hide_cta_on_mobile=&#8220;off&#8220; saved_tabs=&#8220;all&#8220;][et_pb_slide heading=&#8220;Unsere Strategien in Bewegung.&#8220; button_text=&#8220;AAR CORP CASE STUDY&#8220; button_link=&#8220;\/de\/project\/aar-corp-case-study&#8220; use_bg_overlay=&#8220;on&#8220; bg_overlay_color=&#8220;rgba(0,0,0,0.2)&#8220; use_text_overlay=&#8220;off&#8220; _builder_version=&#8220;3.0.47&#8243; header_font=&#8220;||||&#8220; body_font=&#8220;||||&#8220; background_image=&#8220;https:\/\/pitss.org\/de\/wp-content\/uploads\/sites\/9\/2017\/05\/AdobeStock_76572169.jpeg&#8220; background_size=&#8220;default&#8220; background_position=&#8220;default&#8220; custom_button=&#8220;off&#8220; button_icon_placement=&#8220;right&#8220; button_on_hover=&#8220;on&#8220;][\/et_pb_slide][\/et_pb_fullwidth_slider][\/et_pb_section][et_pb_section fb_built=&#8220;1&#8243; background_color=&#8220;#006bb3&#8243; parallax_1=&#8220;off&#8220; parallax_2=&#8220;off&#8220; parallax_3=&#8220;off&#8220; parallax_method_1=&#8220;on&#8220; parallax_method_2=&#8220;on&#8220; parallax_method_3=&#8220;on&#8220; disabled_on=&#8220;off|off|off&#8220; admin_label=&#8220;section&#8220; module_id=&#8220;kontakt&#8220; module_class=&#8220;white-text&#8220; custom_padding_last_edited=&#8220;on|desktop&#8220; _builder_version=&#8220;3.0.79&#8243; custom_padding_tablet=&#8220;50px|0|50px|0&#8243; padding_mobile=&#8220;off&#8220; global_module=&#8220;13197&#8243;][et_pb_row padding_mobile=&#8220;off&#8220; column_padding_mobile=&#8220;on&#8220; admin_label=&#8220;row&#8220; _builder_version=&#8220;3.0.47&#8243; background_size=&#8220;initial&#8220; background_position=&#8220;top_left&#8220; background_repeat=&#8220;repeat&#8220;][et_pb_column type=&#8220;1_3&#8243; _builder_version=&#8220;3.0.47&#8243; column_padding_mobile=&#8220;on&#8220; parallax=&#8220;off&#8220; parallax_method=&#8220;on&#8220;][et_pb_text background_layout=&#8220;dark&#8220; module_class=&#8220;mobile-centered&#8220; _builder_version=&#8220;3.0.86&#8243;]<\/p>\n<p>\u00a0<br \/> <a id=\"contact\"><\/a><\/p>\n<h4 style=\"font-size: 24px !important;\"><strong>Kontaktieren Sie uns jetzt und legen Sie den Grundstein f\u00fcr Ihre digitale Transformation!<\/strong><\/h4>\n<p>[\/et_pb_text][et_pb_image src=&#8220;https:\/\/pitss.org\/de\/wp-content\/uploads\/sites\/9\/2017\/10\/pitss_white_transparent_small.png&#8220; _builder_version=&#8220;3.0.79&#8243; sticky=&#8220;off&#8220;][\/et_pb_image][et_pb_text background_layout=&#8220;dark&#8220; module_class=&#8220;mobile-centered&#8220; _builder_version=&#8220;3.0.79&#8243; custom_margin=&#8220;|||&#8220; custom_padding=&#8220;10px|||&#8220;]<\/p>\n<h5 style=\"font-size: 20px !important;\"><strong><a title=\"Rufen Sie uns an!\" href=\"tel:49-711-914-012-28\">+49 711 \/ 9140 12-28<\/a><\/strong><\/h5>\n<h6 style=\"font-size: 18px !important;\"><a title=\"Email customerservice@pitss.de\" href=\"mailto:customerservice@pitss.de\">Dorin Schewe | Customer Service customerservice@pitss.de<\/a><\/h6>\n<p>[\/et_pb_text][\/et_pb_column][et_pb_column type=&#8220;2_3&#8243; _builder_version=&#8220;3.0.47&#8243; column_padding_mobile=&#8220;on&#8220; parallax=&#8220;off&#8220; parallax_method=&#8220;on&#8220;][et_pb_code module_id=&#8220;de-kontaktformular-footer-allgemein&#8220; module_class=&#8220;white-text&#8220; _builder_version=&#8220;3.0.86&#8243;][\/et_pb_code][\/et_pb_column][\/et_pb_row][\/et_pb_section]<\/p>\n","protected":false},"excerpt":{"rendered":"<p>Transformieren Sie heute Ihre Software von gestern.Mithilfe unserer Strategie zur digitalen Transformation werden Systeme von Grund auf analysiert und dabei schlanker und agiler gemacht. Unser Assessment\u00a0kann Ihnen bis zu 1\/3 Ihrer gesch\u00e4tzten Projekt- und Entwicklungszeit sparen. Unser Tool PITSS.CON beschleunigt die Modernisierung und Migration von Oracle Forms. Als Experten im Bereich der digitalen Transformation sind [&hellip;]<\/p>\n","protected":false},"author":19,"featured_media":0,"parent":13849,"menu_order":0,"comment_status":"closed","ping_status":"closed","template":"","meta":{"_et_pb_use_builder":"on","_et_pb_old_content":"","_et_gb_content_width":"","footnotes":""},"class_list":["post-13893","page","type-page","status-publish","hentry"],"_links":{"self":[{"href":"https:\/\/pitss.org\/de\/wp-json\/wp\/v2\/pages\/13893","targetHints":{"allow":["GET"]}}],"collection":[{"href":"https:\/\/pitss.org\/de\/wp-json\/wp\/v2\/pages"}],"about":[{"href":"https:\/\/pitss.org\/de\/wp-json\/wp\/v2\/types\/page"}],"author":[{"embeddable":true,"href":"https:\/\/pitss.org\/de\/wp-json\/wp\/v2\/users\/19"}],"replies":[{"embeddable":true,"href":"https:\/\/pitss.org\/de\/wp-json\/wp\/v2\/comments?post=13893"}],"version-history":[{"count":12,"href":"https:\/\/pitss.org\/de\/wp-json\/wp\/v2\/pages\/13893\/revisions"}],"predecessor-version":[{"id":28982,"href":"https:\/\/pitss.org\/de\/wp-json\/wp\/v2\/pages\/13893\/revisions\/28982"}],"up":[{"embeddable":true,"href":"https:\/\/pitss.org\/de\/wp-json\/wp\/v2\/pages\/13849"}],"wp:attachment":[{"href":"https:\/\/pitss.org\/de\/wp-json\/wp\/v2\/media?parent=13893"}],"curies":[{"name":"wp","href":"https:\/\/api.w.org\/{rel}","templated":true}]}}