{"id":13884,"date":"2017-05-02T22:14:03","date_gmt":"2017-05-02T20:14:03","guid":{"rendered":"https:\/\/pitss.org\/de\/?page_id=13884"},"modified":"2018-01-10T12:11:46","modified_gmt":"2018-01-10T11:11:46","slug":"oracle-forms-development-team","status":"publish","type":"page","link":"https:\/\/pitss.org\/de\/loesungen-3\/oracle-forms-development-team\/","title":{"rendered":"Oracle Forms Development Team"},"content":{"rendered":"<p>[et_pb_section bb_built=&#8220;1&#8243; admin_label=&#8220;section&#8220; fullwidth=&#8220;on&#8220; custom_padding_last_edited=&#8220;on|desktop&#8220; _builder_version=&#8220;3.0.47&#8243; background_image=&#8220;https:\/\/pitss.org\/de\/wp-content\/uploads\/sites\/9\/2017\/05\/AdobeStock_55826385-1.jpeg&#8220; custom_padding=&#8220;|||&#8220; custom_padding_tablet=&#8220;50px|0|50px|0&#8243; transparent_background=&#8220;off&#8220; padding_mobile=&#8220;off&#8220;][et_pb_fullwidth_slider admin_label=&#8220;Fullwidth Slider&#8220; _builder_version=&#8220;3.0.91&#8243; header_font=&#8220;|700|||||||&#8220; header_font_size=&#8220;50&#8243; body_font_size=&#8220;20&#8243; background_size=&#8220;default&#8220; background_position=&#8220;default&#8220; custom_padding=&#8220;|||&#8220; custom_padding_tablet=&#8220;|||&#8220; custom_padding_phone=&#8220;|||&#8220; custom_button=&#8220;on&#8220; button_letter_spacing=&#8220;0&#8243; button_use_icon=&#8220;off&#8220; auto=&#8220;on&#8220; remove_inner_shadow=&#8220;off&#8220; hide_content_on_mobile=&#8220;off&#8220; hide_cta_on_mobile=&#8220;off&#8220;][et_pb_slide heading=&#8220;Full-Service Oracle Forms Development&#8220; button_text=&#8220;JETZT BERATEN LASSEN&#8220; button_link=&#8220;#kontakt&#8220; use_bg_overlay=&#8220;on&#8220; bg_overlay_color=&#8220;rgba(0,0,0,0.5)&#8220; use_text_overlay=&#8220;off&#8220; _builder_version=&#8220;3.0.91&#8243; header_font=&#8220;|700|||||||&#8220; body_font=&#8220;||||&#8220; background_image=&#8220;https:\/\/pitss.org\/de\/wp-content\/uploads\/sites\/9\/2017\/05\/AdobeStock_92637994a-6.jpg&#8220; background_size=&#8220;default&#8220; custom_button=&#8220;off&#8220; button_icon_placement=&#8220;right&#8220; button_on_hover=&#8220;on&#8220; background_color=&#8220;#ffffff&#8220; header_level=&#8220;h1&#8243;]<\/p>\n<h4>Wir haben die Tools und die Erfahrung.<\/h4>\n<p>[\/et_pb_slide][\/et_pb_fullwidth_slider][\/et_pb_section][et_pb_section bb_built=&#8220;1&#8243; admin_label=&#8220;Section&#8220; custom_padding_last_edited=&#8220;off|desktop&#8220; _builder_version=&#8220;3.0.79&#8243; custom_padding=&#8220;|||&#8220; custom_padding_tablet=&#8220;50px|0|50px|0&#8243; transparent_background=&#8220;off&#8220; padding_mobile=&#8220;off&#8220;][et_pb_row admin_label=&#8220;row&#8220; custom_padding=&#8220;0px|||&#8220; column_padding_mobile=&#8220;on&#8220; _builder_version=&#8220;3.0.79&#8243; background_size=&#8220;initial&#8220; background_position=&#8220;top_left&#8220; background_repeat=&#8220;repeat&#8220;][et_pb_column type=&#8220;4_4&#8243;][et_pb_text _builder_version=&#8220;3.0.47&#8243; background_size=&#8220;initial&#8220; background_position=&#8220;top_left&#8220; background_repeat=&#8220;repeat&#8220; text_orientation=&#8220;center&#8220; module_alignment=&#8220;center&#8220;]<\/p>\n<h2><strong>Die PITSS Transformation-Roadmap<\/strong><\/h2>\n<p>[\/et_pb_text][\/et_pb_column][\/et_pb_row][et_pb_row admin_label=&#8220;row&#8220; make_fullwidth=&#8220;on&#8220; use_custom_gutter=&#8220;on&#8220; gutter_width=&#8220;2&#8243; custom_padding=&#8220;0px||0px|&#8220; make_equal=&#8220;on&#8220; column_padding_mobile=&#8220;on&#8220; background_color_1=&#8220;#006bb3&#8243; background_color_2=&#8220;#006bb3&#8243; background_color_3=&#8220;#006bb3&#8243; background_color_4=&#8220;#006bb3&#8243; _builder_version=&#8220;3.0.79&#8243; background_size=&#8220;initial&#8220; background_position=&#8220;top_left&#8220; background_repeat=&#8220;repeat&#8220;][et_pb_column type=&#8220;1_5&#8243;][et_pb_blurb admin_label=&#8220;Blurb&#8220; title=&#8220;Einf\u00fchrung&#8220; use_icon=&#8220;on&#8220; font_icon=&#8220;\ue08b&#8220; icon_color=&#8220;#ffffff&#8220; background_layout=&#8220;dark&#8220; use_icon_font_size=&#8220;on&#8220; icon_font_size=&#8220;40px&#8220; _builder_version=&#8220;3.0.79&#8243; header_font=&#8220;|on|||&#8220; background_color=&#8220;#006bb3&#8243; background_size=&#8220;initial&#8220; background_position=&#8220;top_left&#8220; background_repeat=&#8220;repeat&#8220; text_orientation=&#8220;center&#8220; custom_padding=&#8220;30px|30px|30px|30px&#8220; animation=&#8220;off&#8220; custom_css_blurb_image=&#8220;margin-bottom:15px;&#8220;]<\/p>\n<p>Zun\u00e4chst stellt sich unser erfahrenes Entwicklungsteam vor. Anschlie\u00dfend setzen wir uns mit Ihnen zusammen, um Ihre individuelle Situation zu analysieren.<\/p>\n<p>[\/et_pb_blurb][\/et_pb_column][et_pb_column type=&#8220;1_5&#8243;][et_pb_blurb admin_label=&#8220;Blurb&#8220; title=&#8220;Orientierung&#8220; use_icon=&#8220;on&#8220; font_icon=&#8220;k&#8220; icon_color=&#8220;#ffffff&#8220; background_layout=&#8220;dark&#8220; use_icon_font_size=&#8220;on&#8220; icon_font_size=&#8220;40px&#8220; _builder_version=&#8220;3.0.79&#8243; header_font=&#8220;|on|||&#8220; background_color=&#8220;#006bb3&#8243; background_size=&#8220;initial&#8220; background_position=&#8220;top_left&#8220; background_repeat=&#8220;repeat&#8220; text_orientation=&#8220;center&#8220; custom_padding=&#8220;30px|30px|30px|30px&#8220; animation=&#8220;off&#8220; custom_css_blurb_image=&#8220;margin-bottom:15px;&#8220;]<\/p>\n<p>Wir verschaffen Ihnen einen detaillierten \u00dcberblick und erl\u00e4utern klar und verst\u00e4ndlich die M\u00f6glichkeiten f\u00fcr Ihr Unternehmen.<\/p>\n<p>[\/et_pb_blurb][\/et_pb_column][et_pb_column type=&#8220;1_5&#8243;][et_pb_blurb admin_label=&#8220;Blurb&#8220; title=&#8220;Assessment&#8220; use_icon=&#8220;on&#8220; font_icon=&#8220;\ue109&#8220; icon_color=&#8220;#ffffff&#8220; background_layout=&#8220;dark&#8220; use_icon_font_size=&#8220;on&#8220; icon_font_size=&#8220;40px&#8220; _builder_version=&#8220;3.0.94&#8243; header_font=&#8220;|on|||&#8220; background_color=&#8220;#006bb3&#8243; background_size=&#8220;initial&#8220; background_position=&#8220;top_left&#8220; background_repeat=&#8220;repeat&#8220; text_orientation=&#8220;center&#8220; custom_padding=&#8220;30px|30px|30px|30px&#8220; animation=&#8220;off&#8220; custom_css_blurb_image=&#8220;margin-bottom:15px;&#8220; url_new_window=&#8220;off&#8220; use_circle=&#8220;off&#8220; use_circle_border=&#8220;off&#8220; icon_placement=&#8220;top&#8220;]<\/p>\n<p>Wir kooperieren mit Ihrem Technologieteam, um Ihre Legacy-Systeme zu analysieren und an einem funktionierenden Prototyp zusammenzuarbeiten.<\/p>\n<p>[\/et_pb_blurb][\/et_pb_column][et_pb_column type=&#8220;1_5&#8243;][et_pb_blurb admin_label=&#8220;Blurb&#8220; title=&#8220;Pilot&#8220; use_icon=&#8220;on&#8220; font_icon=&#8220;\ue106&#8220; icon_color=&#8220;#ffffff&#8220; background_layout=&#8220;dark&#8220; use_icon_font_size=&#8220;on&#8220; icon_font_size=&#8220;40px&#8220; _builder_version=&#8220;3.0.79&#8243; header_font=&#8220;|on|||&#8220; background_color=&#8220;#006bb3&#8243; background_size=&#8220;initial&#8220; background_position=&#8220;top_left&#8220; background_repeat=&#8220;repeat&#8220; text_orientation=&#8220;center&#8220; custom_padding=&#8220;30px|30px|30px|30px&#8220; animation=&#8220;off&#8220; custom_css_blurb_image=&#8220;margin-bottom:15px;&#8220;]<\/p>\n<p>Mit den bis hierhin gewonnenen Erkenntnissen erstellen wir ein Pilotprogramm als Unterst\u00fctzung f\u00fcr Ihr Projekt.<\/p>\n<p>[\/et_pb_blurb][\/et_pb_column][et_pb_column type=&#8220;1_5&#8243;][et_pb_blurb admin_label=&#8220;Blurb&#8220; title=&#8220;Transformation&#8220; use_icon=&#8220;on&#8220; font_icon=&#8220;\ue003&#8220; icon_color=&#8220;#ffffff&#8220; background_layout=&#8220;dark&#8220; use_icon_font_size=&#8220;on&#8220; icon_font_size=&#8220;40px&#8220; _builder_version=&#8220;3.0.79&#8243; header_font=&#8220;|on|||&#8220; header_font_size=&#8220;22px&#8220; background_color=&#8220;#006bb3&#8243; background_size=&#8220;initial&#8220; background_position=&#8220;top_left&#8220; background_repeat=&#8220;repeat&#8220; text_orientation=&#8220;center&#8220; custom_padding=&#8220;30px|30px|30px|30px&#8220; animation=&#8220;off&#8220; custom_css_blurb_image=&#8220;margin-bottom:15px;&#8220;]<\/p>\n<p>Sie erhalten das Entwicklersteam, die Werkzeuge und den kompetenten Support, um Ihre digitale Transformation zu einem Erfolg zu machen.<\/p>\n<p>[\/et_pb_blurb][\/et_pb_column][\/et_pb_row][\/et_pb_section][et_pb_section bb_built=&#8220;1&#8243; admin_label=&#8220;section&#8220; background_color=&#8220;#111&#8243; custom_padding_last_edited=&#8220;on|desktop&#8220; _builder_version=&#8220;3.0.79&#8243; background_image=&#8220;https:\/\/pitss.org\/de\/wp-content\/uploads\/sites\/9\/2017\/10\/hexagon-pattern-small.jpg&#8220; background_size=&#8220;initial&#8220; background_repeat=&#8220;repeat&#8220; custom_padding=&#8220;|||&#8220; custom_padding_tablet=&#8220;50px|0|50px|0&#8243; transparent_background=&#8220;off&#8220; padding_mobile=&#8220;off&#8220;][et_pb_row admin_label=&#8220;row&#8220; custom_width_px=&#8220;870px&#8220; custom_padding=&#8220;0px||0px|&#8220; column_padding_mobile=&#8220;on&#8220; _builder_version=&#8220;3.0.79&#8243; background_size=&#8220;initial&#8220; background_position=&#8220;top_left&#8220; background_repeat=&#8220;repeat&#8220;][et_pb_column type=&#8220;4_4&#8243;][et_pb_text background_layout=&#8220;dark&#8220; _builder_version=&#8220;3.0.94&#8243; background_size=&#8220;initial&#8220; background_position=&#8220;top_left&#8220; background_repeat=&#8220;repeat&#8220; text_orientation=&#8220;center&#8220; module_alignment=&#8220;center&#8220;]<\/p>\n<h2><strong>Full-Stack Oracle Forms Development Team<\/strong><\/h2>\n<h4>Unser Team\u00a0besteht aus Experten in Legacy-Systemen.<\/h4>\n<p>Sie ben\u00f6tigen eine fachkundige Anleitung f\u00fcr Ihr <strong><a style=\"color: #ffffff;\" href=\"..\/digital-transformation-strategy\/\">digitales Transformationsprojekt<\/a><\/strong> \u2013 und gerade da liegt unsere St\u00e4rke. Zuerst betrachten wir das Projekt als Ganzes. Dann unterst\u00fctzen wir bei der Back-End- und Front-End-Entwicklung. Als n\u00e4chstes kommen unsere QA- und Testexperten ans Ruder. Damit ist sichergestellt, dass unser Full-Service-Development-Team Ihr Unternehmen mit exzellentem Service und Support in jeder Phase Ihres digitalen Transformationsprojekts versorgt.<\/p>\n<p>Vom Architekten bis zum technischen Leiter leistet jedes Mitglied unseres Development-Teams einen wertvollen Beitrag zum Lebenszyklus des Projekts.<\/p>\n<p>[\/et_pb_text][\/et_pb_column][\/et_pb_row][\/et_pb_section][et_pb_section bb_built=&#8220;1&#8243; admin_label=&#8220;Section&#8220; custom_padding_last_edited=&#8220;on|desktop&#8220; _builder_version=&#8220;3.0.79&#8243; custom_padding=&#8220;|||&#8220; custom_padding_tablet=&#8220;50px|0|50px|0&#8243; transparent_background=&#8220;off&#8220; padding_mobile=&#8220;off&#8220;][et_pb_row admin_label=&#8220;Row&#8220; custom_padding=&#8220;0px|0px|0px|0px&#8220; padding_mobile=&#8220;off&#8220; column_padding_mobile=&#8220;on&#8220; _builder_version=&#8220;3.0.47&#8243; background_size=&#8220;initial&#8220; background_position=&#8220;top_left&#8220; background_repeat=&#8220;repeat&#8220;][et_pb_column type=&#8220;4_4&#8243;][et_pb_text _builder_version=&#8220;3.0.79&#8243; text_font_size=&#8220;16px&#8220; background_size=&#8220;initial&#8220; background_position=&#8220;top_left&#8220; background_repeat=&#8220;repeat&#8220; text_orientation=&#8220;center&#8220; module_alignment=&#8220;center&#8220;]<\/p>\n<h2><strong>Oracle Forms Development Spezialisten<\/strong><\/h2>\n<p>Unser Full-Stack-Team hat das Fachwissen und die Erfahrung, um Sie bei Ihrem n\u00e4chsten Projekt zu unterst\u00fctzen. Unsere \u00fcber 15-j\u00e4hrige Erfahrung umfasst Oracle Forms Entwicklung, Oracle ADF, APEX, Java-Migrationen und digitale Transformation von Legacy-Systemen.<\/p>\n<p>Unternehmen aller Gr\u00f6\u00dfen und Branchen nutzen Oracle Forms, um ihre Gesch\u00e4ftsprozesse zu steuern. PITSS verf\u00fcgt \u00fcber spezielle L\u00f6sungen f\u00fcr Oracle Forms und Reports Upgrades, Re-Engineering, Oracle Forms Migration auf ADF, Java oder APEX und Applikationsanalyse. PITSS hat Tausende von Oracle Forms-Anwendungen weltweit entwickelt, erweitert und migriert. Wir verleihen Ihren Oracle Forms-Anwendungen moderne Funktionalit\u00e4ten, Integration von Web-Technologien, Zukunftsorientierung und all das mit nur wenigen Anpassungen und in k\u00fcrzester Zeit.<\/p>\n<p>[\/et_pb_text][\/et_pb_column][\/et_pb_row][\/et_pb_section][et_pb_section bb_built=&#8220;1&#8243; admin_label=&#8220;section&#8220; fullwidth=&#8220;on&#8220; custom_padding_last_edited=&#8220;on|desktop&#8220; _builder_version=&#8220;3.0.47&#8243; custom_padding_tablet=&#8220;50px|0|50px|0&#8243; transparent_background=&#8220;off&#8220; padding_mobile=&#8220;off&#8220;][et_pb_fullwidth_slider admin_label=&#8220;Fullwidth Slider&#8220; show_arrows=&#8220;off&#8220; show_pagination=&#8220;off&#8220; _builder_version=&#8220;3.0.91&#8243; header_font=&#8220;|700|||||||&#8220; header_font_size=&#8220;55&#8243; body_font_size=&#8220;30&#8243; parallax=&#8220;on&#8220; custom_padding=&#8220;|||&#8220; custom_padding_tablet=&#8220;|||&#8220; custom_padding_phone=&#8220;|||&#8220; custom_button=&#8220;on&#8220; button_letter_spacing=&#8220;0&#8243; remove_inner_shadow=&#8220;off&#8220; hide_content_on_mobile=&#8220;off&#8220; hide_cta_on_mobile=&#8220;off&#8220; saved_tabs=&#8220;all&#8220;][et_pb_slide heading=&#8220;Ein Upgrade mit Spitzengeschwindigkeit.&#8220; button_text=&#8220;VOLKSWAGEN CASE STUDY&#8220; button_link=&#8220;\/de\/referenzen\/volkswagen-case-study&#8220; use_bg_overlay=&#8220;on&#8220; bg_overlay_color=&#8220;rgba(0,0,0,0.6)&#8220; use_text_overlay=&#8220;off&#8220; _builder_version=&#8220;3.0.91&#8243; header_font=&#8220;||||||||&#8220; body_font=&#8220;||||&#8220; background_image=&#8220;https:\/\/pitss.org\/de\/wp-content\/uploads\/sites\/9\/2017\/05\/K1600_pixabay-vw-3.jpg&#8220; background_size=&#8220;default&#8220; background_position=&#8220;default&#8220; custom_button=&#8220;off&#8220; button_icon_placement=&#8220;right&#8220; button_on_hover=&#8220;on&#8220; background_color=&#8220;#ffffff&#8220;][\/et_pb_slide][\/et_pb_fullwidth_slider][\/et_pb_section][et_pb_section bb_built=&#8220;1&#8243; admin_label=&#8220;section&#8220; parallax_1=&#8220;off&#8220; parallax_2=&#8220;off&#8220; parallax_3=&#8220;off&#8220; parallax_method_1=&#8220;on&#8220; parallax_method_2=&#8220;on&#8220; parallax_method_3=&#8220;on&#8220; disabled_on=&#8220;off|off|off&#8220; module_id=&#8220;kontakt&#8220; module_class=&#8220;white-text&#8220; custom_padding_last_edited=&#8220;on|desktop&#8220; _builder_version=&#8220;3.0.94&#8243; custom_padding_tablet=&#8220;50px|0|50px|0&#8243; global_module=&#8220;13197&#8243; background_color=&#8220;#006bb3&#8243;][et_pb_row admin_label=&#8220;row&#8220; global_parent=&#8220;13197&#8243; padding_mobile=&#8220;off&#8220; column_padding_mobile=&#8220;on&#8220; module_id=&#8220;contact&#8220; _builder_version=&#8220;3.0.91&#8243; background_size=&#8220;initial&#8220; background_position=&#8220;top_left&#8220; background_repeat=&#8220;repeat&#8220;][et_pb_column type=&#8220;1_3&#8243;][et_pb_text global_parent=&#8220;13197&#8243; background_layout=&#8220;dark&#8220; module_class=&#8220;mobile-centered&#8220; _builder_version=&#8220;3.0.93&#8243;]<\/p>\n<h4 style=\"font-size: 24px !important;\"><strong>Kontaktieren Sie uns jetzt und legen Sie den Grundstein f\u00fcr Ihre digitale Transformation!<\/strong><\/h4>\n<p>[\/et_pb_text][et_pb_image global_parent=&#8220;13197&#8243; src=&#8220;https:\/\/pitss.org\/de\/wp-content\/uploads\/sites\/9\/2017\/10\/pitss_white_transparent_small.png&#8220; _builder_version=&#8220;3.0.92&#8243; sticky=&#8220;off&#8220; \/][et_pb_text global_parent=&#8220;13197&#8243; background_layout=&#8220;dark&#8220; module_class=&#8220;mobile-centered&#8220; _builder_version=&#8220;3.0.79&#8243; custom_margin=&#8220;|||&#8220; custom_padding=&#8220;10px|||&#8220;]<\/p>\n<h5 style=\"font-size: 20px !important;\"><strong><a title=\"Rufen Sie uns an!\" href=\"tel:49-711-914-012-28\">+49 711 \/ 9140 12-28<\/a><\/strong><\/h5>\n<h6 style=\"font-size: 18px !important;\"><a title=\"Email customerservice@pitss.de\" href=\"mailto:customerservice@pitss.de\">Dorin Schewe | Customer Service customerservice@pitss.de<\/a><\/h6>\n<p>[\/et_pb_text][\/et_pb_column][et_pb_column type=&#8220;2_3&#8243;][et_pb_code global_parent=&#8220;13197&#8243; module_id=&#8220;de-kontaktformular-footer-allgemein&#8220; module_class=&#8220;white-text&#8220; _builder_version=&#8220;3.0.86&#8243; \/][\/et_pb_column][\/et_pb_row][\/et_pb_section]<\/p>\n","protected":false},"excerpt":{"rendered":"<p>Wir haben die Tools und die Erfahrung. Die PITSS Transformation-Roadmap Zun\u00e4chst stellt sich unser erfahrenes Entwicklungsteam vor. Anschlie\u00dfend setzen wir uns mit Ihnen zusammen, um Ihre individuelle Situation zu analysieren. Wir verschaffen Ihnen einen detaillierten \u00dcberblick und erl\u00e4utern klar und verst\u00e4ndlich die M\u00f6glichkeiten f\u00fcr Ihr Unternehmen. Wir kooperieren mit Ihrem Technologieteam, um Ihre Legacy-Systeme zu [&hellip;]<\/p>\n","protected":false},"author":19,"featured_media":0,"parent":13849,"menu_order":0,"comment_status":"closed","ping_status":"closed","template":"","meta":{"_et_pb_use_builder":"on","_et_pb_old_content":"<p>[et_pb_section bb_built=\"1\" admin_label=\"section\"][et_pb_row admin_label=\"row\"][\/et_pb_row][\/et_pb_section]<\/p>","_et_gb_content_width":"","footnotes":""},"class_list":["post-13884","page","type-page","status-publish","hentry"],"_links":{"self":[{"href":"https:\/\/pitss.org\/de\/wp-json\/wp\/v2\/pages\/13884","targetHints":{"allow":["GET"]}}],"collection":[{"href":"https:\/\/pitss.org\/de\/wp-json\/wp\/v2\/pages"}],"about":[{"href":"https:\/\/pitss.org\/de\/wp-json\/wp\/v2\/types\/page"}],"author":[{"embeddable":true,"href":"https:\/\/pitss.org\/de\/wp-json\/wp\/v2\/users\/19"}],"replies":[{"embeddable":true,"href":"https:\/\/pitss.org\/de\/wp-json\/wp\/v2\/comments?post=13884"}],"version-history":[{"count":10,"href":"https:\/\/pitss.org\/de\/wp-json\/wp\/v2\/pages\/13884\/revisions"}],"predecessor-version":[{"id":18820,"href":"https:\/\/pitss.org\/de\/wp-json\/wp\/v2\/pages\/13884\/revisions\/18820"}],"up":[{"embeddable":true,"href":"https:\/\/pitss.org\/de\/wp-json\/wp\/v2\/pages\/13849"}],"wp:attachment":[{"href":"https:\/\/pitss.org\/de\/wp-json\/wp\/v2\/media?parent=13884"}],"curies":[{"name":"wp","href":"https:\/\/api.w.org\/{rel}","templated":true}]}}